{"id":122,"date":"2020-02-11T15:36:38","date_gmt":"2020-02-11T14:36:38","guid":{"rendered":"http:\/\/asah-bxl.be\/?page_id=122"},"modified":"2026-02-17T14:44:11","modified_gmt":"2026-02-17T13:44:11","slug":"drive","status":"publish","type":"page","link":"https:\/\/asah-bxl.be\/index.php\/drive\/","title":{"rendered":"Drive"},"content":{"rendered":"Vous devez \u00eatre connect\u00e9 pour voir ce contenu.","protected":false},"excerpt":{"rendered":"Vous devez \u00eatre connect\u00e9 pour voir ce contenu.","protected":false},"author":1,"featured_media":0,"parent":0,"menu_order":0,"comment_status":"closed","ping_status":"closed","template":"","meta":{"_bbp_topic_count":0,"_bbp_reply_count":0,"_bbp_total_topic_count":0,"_bbp_total_reply_count":0,"_bbp_voice_count":0,"_bbp_anonymous_reply_count":0,"_bbp_topic_count_hidden":0,"_bbp_reply_count_hidden":0,"_bbp_forum_subforum_count":0,"footnotes":""},"class_list":["post-122","page","type-page","status-publish","hentry"],"yoast_head":"<!-- This site is optimized with the Yoast SEO plugin v23.4 - https:\/\/yoast.com\/wordpress\/plugins\/seo\/ -->\n<title>Drive - ASAH-BXL<\/title>\n<meta name=\"robots\" content=\"index, follow, max-snippet:-1, max-image-preview:large, max-video-preview:-1\" \/>\n<link rel=\"canonical\" href=\"https:\/\/asah-bxl.be\/index.php\/drive\/\" \/>\n<meta property=\"og:locale\" content=\"fr_FR\" \/>\n<meta property=\"og:type\" content=\"article\" \/>\n<meta property=\"og:title\" content=\"Drive - ASAH-BXL\" \/>\n<meta property=\"og:description\" content=\"Ce contenu est restreint aux membres. Si vous \u00eates un utilisateur enregistr\u00e9, connectez vous. Vous voulez devenir membre? Cliquez ici pour en savoir plus.Connexion pour les utilisateurs enregistr\u00e9sIdentifiant ou e-mailMot de passe&nbsp;Se souvenir de moi&nbsp;&nbsp;Nouvel utilisateur\u00a0?Choisissez un Nom d\u2019utilisateur*Pr\u00e9nom*Nom*Adresse 1*Compl\u00e9ment d\u2019adresseVille*\u00c9tat*Code postal*Pays*Phone*Courriel**Champ requis\" \/>\n<meta property=\"og:url\" content=\"https:\/\/asah-bxl.be\/index.php\/drive\/\" \/>\n<meta property=\"og:site_name\" content=\"ASAH-BXL\" \/>\n<meta property=\"article:modified_time\" content=\"2026-02-17T13:44:11+00:00\" \/>\n<meta property=\"og:image\" content=\"https:\/\/asah-bxl.be\/wp-content\/uploads\/2022\/03\/perspectives-300x169.png\" \/>\n<meta name=\"twitter:card\" content=\"summary_large_image\" \/>\n<meta name=\"twitter:label1\" content=\"Dur\u00e9e de lecture estim\u00e9e\" \/>\n\t<meta name=\"twitter:data1\" content=\"1 minute\" \/>\n<script type=\"application\/ld+json\" class=\"yoast-schema-graph\">{\"@context\":\"https:\/\/schema.org\",\"@graph\":[{\"@type\":\"WebPage\",\"@id\":\"https:\/\/asah-bxl.be\/index.php\/drive\/\",\"url\":\"https:\/\/asah-bxl.be\/index.php\/drive\/\",\"name\":\"Drive - ASAH-BXL\",\"isPartOf\":{\"@id\":\"https:\/\/asah-bxl.be\/#website\"},\"primaryImageOfPage\":{\"@id\":\"https:\/\/asah-bxl.be\/index.php\/drive\/#primaryimage\"},\"image\":{\"@id\":\"https:\/\/asah-bxl.be\/index.php\/drive\/#primaryimage\"},\"thumbnailUrl\":\"https:\/\/asah-bxl.be\/wp-content\/uploads\/2022\/03\/perspectives-300x169.png\",\"datePublished\":\"2020-02-11T14:36:38+00:00\",\"dateModified\":\"2026-02-17T13:44:11+00:00\",\"breadcrumb\":{\"@id\":\"https:\/\/asah-bxl.be\/index.php\/drive\/#breadcrumb\"},\"inLanguage\":\"fr-FR\",\"potentialAction\":[{\"@type\":\"ReadAction\",\"target\":[\"https:\/\/asah-bxl.be\/index.php\/drive\/\"]}]},{\"@type\":\"ImageObject\",\"inLanguage\":\"fr-FR\",\"@id\":\"https:\/\/asah-bxl.be\/index.php\/drive\/#primaryimage\",\"url\":\"https:\/\/asah-bxl.be\/wp-content\/uploads\/2022\/03\/perspectives.png\",\"contentUrl\":\"https:\/\/asah-bxl.be\/wp-content\/uploads\/2022\/03\/perspectives.png\",\"width\":1453,\"height\":820},{\"@type\":\"BreadcrumbList\",\"@id\":\"https:\/\/asah-bxl.be\/index.php\/drive\/#breadcrumb\",\"itemListElement\":[{\"@type\":\"ListItem\",\"position\":1,\"name\":\"Accueil\",\"item\":\"https:\/\/asah-bxl.be\/\"},{\"@type\":\"ListItem\",\"position\":2,\"name\":\"Drive\"}]},{\"@type\":\"WebSite\",\"@id\":\"https:\/\/asah-bxl.be\/#website\",\"url\":\"https:\/\/asah-bxl.be\/\",\"name\":\"ASAH-BXL\",\"description\":\"\",\"publisher\":{\"@id\":\"https:\/\/asah-bxl.be\/#organization\"},\"potentialAction\":[{\"@type\":\"SearchAction\",\"target\":{\"@type\":\"EntryPoint\",\"urlTemplate\":\"https:\/\/asah-bxl.be\/?s={search_term_string}\"},\"query-input\":{\"@type\":\"PropertyValueSpecification\",\"valueRequired\":true,\"valueName\":\"search_term_string\"}}],\"inLanguage\":\"fr-FR\"},{\"@type\":\"Organization\",\"@id\":\"https:\/\/asah-bxl.be\/#organization\",\"name\":\"ASAH-BXL\",\"url\":\"https:\/\/asah-bxl.be\/\",\"logo\":{\"@type\":\"ImageObject\",\"inLanguage\":\"fr-FR\",\"@id\":\"https:\/\/asah-bxl.be\/#\/schema\/logo\/image\/\",\"url\":\"https:\/\/asah-bxl.be\/wp-content\/uploads\/2020\/02\/cropped-Sans-titre-6-3-9.png\",\"contentUrl\":\"https:\/\/asah-bxl.be\/wp-content\/uploads\/2020\/02\/cropped-Sans-titre-6-3-9.png\",\"width\":724,\"height\":528,\"caption\":\"ASAH-BXL\"},\"image\":{\"@id\":\"https:\/\/asah-bxl.be\/#\/schema\/logo\/image\/\"}}]}<\/script>\n<!-- \/ Yoast SEO plugin. -->","yoast_head_json":{"title":"Drive - ASAH-BXL","robots":{"index":"index","follow":"follow","max-snippet":"max-snippet:-1","max-image-preview":"max-image-preview:large","max-video-preview":"max-video-preview:-1"},"canonical":"https:\/\/asah-bxl.be\/index.php\/drive\/","og_locale":"fr_FR","og_type":"article","og_title":"Drive - ASAH-BXL","og_description":"Ce contenu est restreint aux membres. Si vous \u00eates un utilisateur enregistr\u00e9, connectez vous. Vous voulez devenir membre? Cliquez ici pour en savoir plus.Connexion pour les utilisateurs enregistr\u00e9sIdentifiant ou e-mailMot de passe&nbsp;Se souvenir de moi&nbsp;&nbsp;Nouvel utilisateur\u00a0?Choisissez un Nom d\u2019utilisateur*Pr\u00e9nom*Nom*Adresse 1*Compl\u00e9ment d\u2019adresseVille*\u00c9tat*Code postal*Pays*Phone*Courriel**Champ requis","og_url":"https:\/\/asah-bxl.be\/index.php\/drive\/","og_site_name":"ASAH-BXL","article_modified_time":"2026-02-17T13:44:11+00:00","og_image":[{"url":"https:\/\/asah-bxl.be\/wp-content\/uploads\/2022\/03\/perspectives-300x169.png"}],"twitter_card":"summary_large_image","twitter_misc":{"Dur\u00e9e de lecture estim\u00e9e":"1 minute"},"schema":{"@context":"https:\/\/schema.org","@graph":[{"@type":"WebPage","@id":"https:\/\/asah-bxl.be\/index.php\/drive\/","url":"https:\/\/asah-bxl.be\/index.php\/drive\/","name":"Drive - ASAH-BXL","isPartOf":{"@id":"https:\/\/asah-bxl.be\/#website"},"primaryImageOfPage":{"@id":"https:\/\/asah-bxl.be\/index.php\/drive\/#primaryimage"},"image":{"@id":"https:\/\/asah-bxl.be\/index.php\/drive\/#primaryimage"},"thumbnailUrl":"https:\/\/asah-bxl.be\/wp-content\/uploads\/2022\/03\/perspectives-300x169.png","datePublished":"2020-02-11T14:36:38+00:00","dateModified":"2026-02-17T13:44:11+00:00","breadcrumb":{"@id":"https:\/\/asah-bxl.be\/index.php\/drive\/#breadcrumb"},"inLanguage":"fr-FR","potentialAction":[{"@type":"ReadAction","target":["https:\/\/asah-bxl.be\/index.php\/drive\/"]}]},{"@type":"ImageObject","inLanguage":"fr-FR","@id":"https:\/\/asah-bxl.be\/index.php\/drive\/#primaryimage","url":"https:\/\/asah-bxl.be\/wp-content\/uploads\/2022\/03\/perspectives.png","contentUrl":"https:\/\/asah-bxl.be\/wp-content\/uploads\/2022\/03\/perspectives.png","width":1453,"height":820},{"@type":"BreadcrumbList","@id":"https:\/\/asah-bxl.be\/index.php\/drive\/#breadcrumb","itemListElement":[{"@type":"ListItem","position":1,"name":"Accueil","item":"https:\/\/asah-bxl.be\/"},{"@type":"ListItem","position":2,"name":"Drive"}]},{"@type":"WebSite","@id":"https:\/\/asah-bxl.be\/#website","url":"https:\/\/asah-bxl.be\/","name":"ASAH-BXL","description":"","publisher":{"@id":"https:\/\/asah-bxl.be\/#organization"},"potentialAction":[{"@type":"SearchAction","target":{"@type":"EntryPoint","urlTemplate":"https:\/\/asah-bxl.be\/?s={search_term_string}"},"query-input":{"@type":"PropertyValueSpecification","valueRequired":true,"valueName":"search_term_string"}}],"inLanguage":"fr-FR"},{"@type":"Organization","@id":"https:\/\/asah-bxl.be\/#organization","name":"ASAH-BXL","url":"https:\/\/asah-bxl.be\/","logo":{"@type":"ImageObject","inLanguage":"fr-FR","@id":"https:\/\/asah-bxl.be\/#\/schema\/logo\/image\/","url":"https:\/\/asah-bxl.be\/wp-content\/uploads\/2020\/02\/cropped-Sans-titre-6-3-9.png","contentUrl":"https:\/\/asah-bxl.be\/wp-content\/uploads\/2020\/02\/cropped-Sans-titre-6-3-9.png","width":724,"height":528,"caption":"ASAH-BXL"},"image":{"@id":"https:\/\/asah-bxl.be\/#\/schema\/logo\/image\/"}}]}},"_links":{"self":[{"href":"https:\/\/asah-bxl.be\/index.php\/wp-json\/wp\/v2\/pages\/122","targetHints":{"allow":["GET"]}}],"collection":[{"href":"https:\/\/asah-bxl.be\/index.php\/wp-json\/wp\/v2\/pages"}],"about":[{"href":"https:\/\/asah-bxl.be\/index.php\/wp-json\/wp\/v2\/types\/page"}],"author":[{"embeddable":true,"href":"https:\/\/asah-bxl.be\/index.php\/wp-json\/wp\/v2\/users\/1"}],"replies":[{"embeddable":true,"href":"https:\/\/asah-bxl.be\/index.php\/wp-json\/wp\/v2\/comments?post=122"}],"version-history":[{"count":10,"href":"https:\/\/asah-bxl.be\/index.php\/wp-json\/wp\/v2\/pages\/122\/revisions"}],"predecessor-version":[{"id":887,"href":"https:\/\/asah-bxl.be\/index.php\/wp-json\/wp\/v2\/pages\/122\/revisions\/887"}],"wp:attachment":[{"href":"https:\/\/asah-bxl.be\/index.php\/wp-json\/wp\/v2\/media?parent=122"}],"curies":[{"name":"wp","href":"https:\/\/api.w.org\/{rel}","templated":true}]}}