{"id":135,"date":"2020-02-14T11:32:12","date_gmt":"2020-02-14T10:32:12","guid":{"rendered":"http:\/\/asah-bxl.be\/?page_id=135"},"modified":"2022-10-12T12:07:19","modified_gmt":"2022-10-12T10:07:19","slug":"la-braise","status":"publish","type":"page","link":"https:\/\/asah-bxl.be\/index.php\/services\/la-braise\/","title":{"rendered":"La Braise"},"content":{"rendered":"\n<pre class=\"wp-block-preformatted\"><\/pre>\n\n\n\n<figure class=\"wp-block-image size-large is-resized\"><img fetchpriority=\"high\" decoding=\"async\" src=\"https:\/\/asah-bxl.be\/wp-content\/uploads\/2020\/02\/Logo-braise-SAC-1024x640.jpg\" alt=\"\" class=\"wp-image-233\" width=\"449\" height=\"280\" srcset=\"https:\/\/asah-bxl.be\/wp-content\/uploads\/2020\/02\/Logo-braise-SAC-1024x640.jpg 1024w, https:\/\/asah-bxl.be\/wp-content\/uploads\/2020\/02\/Logo-braise-SAC-300x187.jpg 300w, https:\/\/asah-bxl.be\/wp-content\/uploads\/2020\/02\/Logo-braise-SAC-768x480.jpg 768w, https:\/\/asah-bxl.be\/wp-content\/uploads\/2020\/02\/Logo-braise-SAC-1536x959.jpg 1536w, https:\/\/asah-bxl.be\/wp-content\/uploads\/2020\/02\/Logo-braise-SAC-2048x1279.jpg 2048w\" sizes=\"(max-width: 449px) 100vw, 449px\" \/><\/figure>\n\n\n\n<pre class=\"wp-block-preformatted\"><\/pre>\n\n\n\n<p>\u2709\nRue de la Vigne, 56 &#8211; 1070 Bruxelles<\/p>\n\n\n\n<p>\u260f\n02\/522.20.03<\/p>\n\n\n\n<p>@ la.braise@skynet.be<\/p>\n\n\n\n<p><strong>Personnes concern\u00e9es <\/strong>: Destin\u00e9 aux personnes adultes et adolescents pr\u00e9sentant une l\u00e9sion c\u00e9r\u00e9brale acquise et domicili\u00e9es en r\u00e9gion bruxelloise. Le service d\u2019accompagnement r\u00e9pond \u00e9galement aux demandes de toute famille directement concern\u00e9e. <\/p>\n\n\n\n<p><strong>Quels sont nos objectifs ?<\/strong><\/p>\n\n\n\n<p>\u2022 Le maintien dans la soci\u00e9t\u00e9<br>\u2022 L\u2019autonomie \u00e0 domicile<br>\u2022 La r\u00e9insertion familiale, sociale et professionnelle<br>\u2022 La qualit\u00e9 de vie<\/p>\n\n\n\n<p><strong>Que proposons-nous ?<\/strong><\/p>\n\n\n\n<p>\u2022&nbsp;Accompagnement dans l\u2019autonomie \u00e0 domicile.<br>\u2022 Adaptation du domicile aux difficult\u00e9s cognitives et\/ou motrices de la personne.<br>\u2022 Aide dans la gestion des activit\u00e9s de la vie quotidienne.<br>\u2022 Suivi administratif et\/ou financier.<br>\u2022 Informations sur les droits de la personne.<br>\u2022 Apprentissage de l\u2019utilisation des transports en commun.<br>\u2022 Aide \u00e0 la bonne gestion du r\u00e9seau relationnel.<br>\u2022 Recherche de loisirs, de b\u00e9n\u00e9volats, de formations et\/ou d\u2019emplois.<br>\u2022 Proposition de passage en appartement de transition et\/ou recherche de logement.<\/p>\n\n\n\n<p><a href=\"https:\/\/www.labraise.org\/\">https:\/\/www.labraise.org\/<\/a><\/p>\n","protected":false},"excerpt":{"rendered":"<p>\u2709 Rue de la Vigne, 56 &#8211; 1070 Bruxelles \u260f 02\/522.20.03 @ la.braise@skynet.be Personnes concern\u00e9es : Destin\u00e9 aux personnes adultes et adolescents pr\u00e9sentant une l\u00e9sion c\u00e9r\u00e9brale acquise et domicili\u00e9es en r\u00e9gion bruxelloise. Le service d\u2019accompagnement r\u00e9pond \u00e9galement aux demandes de toute famille directement concern\u00e9e. Quels sont nos objectifs ? \u2022 Le maintien dans la soci\u00e9t\u00e9\u2022 <a href=\"https:\/\/asah-bxl.be\/index.php\/services\/la-braise\/\" rel=\"nofollow\"><span class=\"sr-only\">En savoir plus surLa Braise<\/span>[&hellip;]<\/a><\/p>\n","protected":false},"author":1,"featured_media":0,"parent":98,"menu_order":0,"comment_status":"closed","ping_status":"closed","template":"","meta":{"_bbp_topic_count":0,"_bbp_reply_count":0,"_bbp_total_topic_count":0,"_bbp_total_reply_count":0,"_bbp_voice_count":0,"_bbp_anonymous_reply_count":0,"_bbp_topic_count_hidden":0,"_bbp_reply_count_hidden":0,"_bbp_forum_subforum_count":0,"footnotes":""},"class_list":["post-135","page","type-page","status-publish","hentry"],"yoast_head":"<!-- This site is optimized with the Yoast SEO plugin v23.4 - https:\/\/yoast.com\/wordpress\/plugins\/seo\/ -->\n<title>La Braise - ASAH-BXL<\/title>\n<meta name=\"robots\" content=\"index, follow, max-snippet:-1, max-image-preview:large, max-video-preview:-1\" \/>\n<link rel=\"canonical\" href=\"https:\/\/asah-bxl.be\/index.php\/services\/la-braise\/\" \/>\n<meta property=\"og:locale\" content=\"fr_FR\" \/>\n<meta property=\"og:type\" content=\"article\" \/>\n<meta property=\"og:title\" content=\"La Braise - ASAH-BXL\" \/>\n<meta property=\"og:description\" content=\"\u2709 Rue de la Vigne, 56 &#8211; 1070 Bruxelles \u260f 02\/522.20.03 @ la.braise@skynet.be Personnes concern\u00e9es : Destin\u00e9 aux personnes adultes et adolescents pr\u00e9sentant une l\u00e9sion c\u00e9r\u00e9brale acquise et domicili\u00e9es en r\u00e9gion bruxelloise. Le service d\u2019accompagnement r\u00e9pond \u00e9galement aux demandes de toute famille directement concern\u00e9e. Quels sont nos objectifs ? \u2022 Le maintien dans la soci\u00e9t\u00e9\u2022 En savoir plus surLa Braise[&hellip;]\" \/>\n<meta property=\"og:url\" content=\"https:\/\/asah-bxl.be\/index.php\/services\/la-braise\/\" \/>\n<meta property=\"og:site_name\" content=\"ASAH-BXL\" \/>\n<meta property=\"article:modified_time\" content=\"2022-10-12T10:07:19+00:00\" \/>\n<meta property=\"og:image\" content=\"http:\/\/asah-bxl.be\/wp-content\/uploads\/2020\/02\/Logo-braise-SAC-1024x640.jpg\" \/>\n<meta name=\"twitter:card\" content=\"summary_large_image\" \/>\n<meta name=\"twitter:label1\" content=\"Dur\u00e9e de lecture estim\u00e9e\" \/>\n\t<meta name=\"twitter:data1\" content=\"1 minute\" \/>\n<script type=\"application\/ld+json\" class=\"yoast-schema-graph\">{\"@context\":\"https:\/\/schema.org\",\"@graph\":[{\"@type\":\"WebPage\",\"@id\":\"https:\/\/asah-bxl.be\/index.php\/services\/la-braise\/\",\"url\":\"https:\/\/asah-bxl.be\/index.php\/services\/la-braise\/\",\"name\":\"La Braise - ASAH-BXL\",\"isPartOf\":{\"@id\":\"https:\/\/asah-bxl.be\/#website\"},\"primaryImageOfPage\":{\"@id\":\"https:\/\/asah-bxl.be\/index.php\/services\/la-braise\/#primaryimage\"},\"image\":{\"@id\":\"https:\/\/asah-bxl.be\/index.php\/services\/la-braise\/#primaryimage\"},\"thumbnailUrl\":\"http:\/\/asah-bxl.be\/wp-content\/uploads\/2020\/02\/Logo-braise-SAC-1024x640.jpg\",\"datePublished\":\"2020-02-14T10:32:12+00:00\",\"dateModified\":\"2022-10-12T10:07:19+00:00\",\"breadcrumb\":{\"@id\":\"https:\/\/asah-bxl.be\/index.php\/services\/la-braise\/#breadcrumb\"},\"inLanguage\":\"fr-FR\",\"potentialAction\":[{\"@type\":\"ReadAction\",\"target\":[\"https:\/\/asah-bxl.be\/index.php\/services\/la-braise\/\"]}]},{\"@type\":\"ImageObject\",\"inLanguage\":\"fr-FR\",\"@id\":\"https:\/\/asah-bxl.be\/index.php\/services\/la-braise\/#primaryimage\",\"url\":\"http:\/\/asah-bxl.be\/wp-content\/uploads\/2020\/02\/Logo-braise-SAC-1024x640.jpg\",\"contentUrl\":\"http:\/\/asah-bxl.be\/wp-content\/uploads\/2020\/02\/Logo-braise-SAC-1024x640.jpg\"},{\"@type\":\"BreadcrumbList\",\"@id\":\"https:\/\/asah-bxl.be\/index.php\/services\/la-braise\/#breadcrumb\",\"itemListElement\":[{\"@type\":\"ListItem\",\"position\":1,\"name\":\"Accueil\",\"item\":\"https:\/\/asah-bxl.be\/\"},{\"@type\":\"ListItem\",\"position\":2,\"name\":\"Services\",\"item\":\"https:\/\/asah-bxl.be\/index.php\/services\/\"},{\"@type\":\"ListItem\",\"position\":3,\"name\":\"La Braise\"}]},{\"@type\":\"WebSite\",\"@id\":\"https:\/\/asah-bxl.be\/#website\",\"url\":\"https:\/\/asah-bxl.be\/\",\"name\":\"ASAH-BXL\",\"description\":\"\",\"publisher\":{\"@id\":\"https:\/\/asah-bxl.be\/#organization\"},\"potentialAction\":[{\"@type\":\"SearchAction\",\"target\":{\"@type\":\"EntryPoint\",\"urlTemplate\":\"https:\/\/asah-bxl.be\/?s={search_term_string}\"},\"query-input\":{\"@type\":\"PropertyValueSpecification\",\"valueRequired\":true,\"valueName\":\"search_term_string\"}}],\"inLanguage\":\"fr-FR\"},{\"@type\":\"Organization\",\"@id\":\"https:\/\/asah-bxl.be\/#organization\",\"name\":\"ASAH-BXL\",\"url\":\"https:\/\/asah-bxl.be\/\",\"logo\":{\"@type\":\"ImageObject\",\"inLanguage\":\"fr-FR\",\"@id\":\"https:\/\/asah-bxl.be\/#\/schema\/logo\/image\/\",\"url\":\"https:\/\/asah-bxl.be\/wp-content\/uploads\/2020\/02\/cropped-Sans-titre-6-3-9.png\",\"contentUrl\":\"https:\/\/asah-bxl.be\/wp-content\/uploads\/2020\/02\/cropped-Sans-titre-6-3-9.png\",\"width\":724,\"height\":528,\"caption\":\"ASAH-BXL\"},\"image\":{\"@id\":\"https:\/\/asah-bxl.be\/#\/schema\/logo\/image\/\"}}]}<\/script>\n<!-- \/ Yoast SEO plugin. -->","yoast_head_json":{"title":"La Braise - ASAH-BXL","robots":{"index":"index","follow":"follow","max-snippet":"max-snippet:-1","max-image-preview":"max-image-preview:large","max-video-preview":"max-video-preview:-1"},"canonical":"https:\/\/asah-bxl.be\/index.php\/services\/la-braise\/","og_locale":"fr_FR","og_type":"article","og_title":"La Braise - ASAH-BXL","og_description":"\u2709 Rue de la Vigne, 56 &#8211; 1070 Bruxelles \u260f 02\/522.20.03 @ la.braise@skynet.be Personnes concern\u00e9es : Destin\u00e9 aux personnes adultes et adolescents pr\u00e9sentant une l\u00e9sion c\u00e9r\u00e9brale acquise et domicili\u00e9es en r\u00e9gion bruxelloise. Le service d\u2019accompagnement r\u00e9pond \u00e9galement aux demandes de toute famille directement concern\u00e9e. Quels sont nos objectifs ? \u2022 Le maintien dans la soci\u00e9t\u00e9\u2022 En savoir plus surLa Braise[&hellip;]","og_url":"https:\/\/asah-bxl.be\/index.php\/services\/la-braise\/","og_site_name":"ASAH-BXL","article_modified_time":"2022-10-12T10:07:19+00:00","og_image":[{"url":"http:\/\/asah-bxl.be\/wp-content\/uploads\/2020\/02\/Logo-braise-SAC-1024x640.jpg"}],"twitter_card":"summary_large_image","twitter_misc":{"Dur\u00e9e de lecture estim\u00e9e":"1 minute"},"schema":{"@context":"https:\/\/schema.org","@graph":[{"@type":"WebPage","@id":"https:\/\/asah-bxl.be\/index.php\/services\/la-braise\/","url":"https:\/\/asah-bxl.be\/index.php\/services\/la-braise\/","name":"La Braise - ASAH-BXL","isPartOf":{"@id":"https:\/\/asah-bxl.be\/#website"},"primaryImageOfPage":{"@id":"https:\/\/asah-bxl.be\/index.php\/services\/la-braise\/#primaryimage"},"image":{"@id":"https:\/\/asah-bxl.be\/index.php\/services\/la-braise\/#primaryimage"},"thumbnailUrl":"http:\/\/asah-bxl.be\/wp-content\/uploads\/2020\/02\/Logo-braise-SAC-1024x640.jpg","datePublished":"2020-02-14T10:32:12+00:00","dateModified":"2022-10-12T10:07:19+00:00","breadcrumb":{"@id":"https:\/\/asah-bxl.be\/index.php\/services\/la-braise\/#breadcrumb"},"inLanguage":"fr-FR","potentialAction":[{"@type":"ReadAction","target":["https:\/\/asah-bxl.be\/index.php\/services\/la-braise\/"]}]},{"@type":"ImageObject","inLanguage":"fr-FR","@id":"https:\/\/asah-bxl.be\/index.php\/services\/la-braise\/#primaryimage","url":"http:\/\/asah-bxl.be\/wp-content\/uploads\/2020\/02\/Logo-braise-SAC-1024x640.jpg","contentUrl":"http:\/\/asah-bxl.be\/wp-content\/uploads\/2020\/02\/Logo-braise-SAC-1024x640.jpg"},{"@type":"BreadcrumbList","@id":"https:\/\/asah-bxl.be\/index.php\/services\/la-braise\/#breadcrumb","itemListElement":[{"@type":"ListItem","position":1,"name":"Accueil","item":"https:\/\/asah-bxl.be\/"},{"@type":"ListItem","position":2,"name":"Services","item":"https:\/\/asah-bxl.be\/index.php\/services\/"},{"@type":"ListItem","position":3,"name":"La Braise"}]},{"@type":"WebSite","@id":"https:\/\/asah-bxl.be\/#website","url":"https:\/\/asah-bxl.be\/","name":"ASAH-BXL","description":"","publisher":{"@id":"https:\/\/asah-bxl.be\/#organization"},"potentialAction":[{"@type":"SearchAction","target":{"@type":"EntryPoint","urlTemplate":"https:\/\/asah-bxl.be\/?s={search_term_string}"},"query-input":{"@type":"PropertyValueSpecification","valueRequired":true,"valueName":"search_term_string"}}],"inLanguage":"fr-FR"},{"@type":"Organization","@id":"https:\/\/asah-bxl.be\/#organization","name":"ASAH-BXL","url":"https:\/\/asah-bxl.be\/","logo":{"@type":"ImageObject","inLanguage":"fr-FR","@id":"https:\/\/asah-bxl.be\/#\/schema\/logo\/image\/","url":"https:\/\/asah-bxl.be\/wp-content\/uploads\/2020\/02\/cropped-Sans-titre-6-3-9.png","contentUrl":"https:\/\/asah-bxl.be\/wp-content\/uploads\/2020\/02\/cropped-Sans-titre-6-3-9.png","width":724,"height":528,"caption":"ASAH-BXL"},"image":{"@id":"https:\/\/asah-bxl.be\/#\/schema\/logo\/image\/"}}]}},"_links":{"self":[{"href":"https:\/\/asah-bxl.be\/index.php\/wp-json\/wp\/v2\/pages\/135","targetHints":{"allow":["GET"]}}],"collection":[{"href":"https:\/\/asah-bxl.be\/index.php\/wp-json\/wp\/v2\/pages"}],"about":[{"href":"https:\/\/asah-bxl.be\/index.php\/wp-json\/wp\/v2\/types\/page"}],"author":[{"embeddable":true,"href":"https:\/\/asah-bxl.be\/index.php\/wp-json\/wp\/v2\/users\/1"}],"replies":[{"embeddable":true,"href":"https:\/\/asah-bxl.be\/index.php\/wp-json\/wp\/v2\/comments?post=135"}],"version-history":[{"count":4,"href":"https:\/\/asah-bxl.be\/index.php\/wp-json\/wp\/v2\/pages\/135\/revisions"}],"predecessor-version":[{"id":716,"href":"https:\/\/asah-bxl.be\/index.php\/wp-json\/wp\/v2\/pages\/135\/revisions\/716"}],"up":[{"embeddable":true,"href":"https:\/\/asah-bxl.be\/index.php\/wp-json\/wp\/v2\/pages\/98"}],"wp:attachment":[{"href":"https:\/\/asah-bxl.be\/index.php\/wp-json\/wp\/v2\/media?parent=135"}],"curies":[{"name":"wp","href":"https:\/\/api.w.org\/{rel}","templated":true}]}}