{"id":136,"date":"2020-02-14T11:32:12","date_gmt":"2020-02-14T10:32:12","guid":{"rendered":"http:\/\/asah-bxl.be\/?page_id=136"},"modified":"2024-12-06T09:46:31","modified_gmt":"2024-12-06T08:46:31","slug":"cap-ideal","status":"publish","type":"page","link":"https:\/\/asah-bxl.be\/index.php\/services\/cap-ideal\/","title":{"rendered":"CAP Ideal"},"content":{"rendered":"\n<pre class=\"wp-block-preformatted\"><\/pre>\n\n\n\n<figure class=\"wp-block-image size-large is-resized\"><img decoding=\"async\" width=\"156\" height=\"158\" src=\"https:\/\/asah-bxl.be\/wp-content\/uploads\/2020\/02\/logo-cap-ideal_2.jpg\" alt=\"\" class=\"wp-image-394\" style=\"width:232px;height:235px\"\/><\/figure>\n\n\n\n<pre class=\"wp-block-preformatted\"><\/pre>\n\n\n\n<p>\u2709\nAvenue de l\u2019Id\u00e9al 27bte7 \u2013 1200 Bruxelles<\/p>\n\n\n\n<p><strong>\u260f<\/strong> 02\/779.04.09<\/p>\n\n\n\n<p><strong>@:\u00a0<\/strong><a href=\"mailto:accompagnement@capideal.be\">accompagnement@capideal.be<\/a><\/p>\n\n\n\n<figure class=\"wp-block-table\"><table><tbody><tr><td>Notre&nbsp;Service d\u2019Accompagnement accueille des adultes en situation de handicap physique et\/ou mental l\u00e9ger et a pour objectif premier de les accompagner vers l\u2019autonomie.<br>Domaines d&rsquo;intervention :<br>-Aide \u00e0 la recherche de logement (logement individuel, habitation semi-prot\u00e9g\u00e9e, maison communautaire\u2026)<br>-Aide dans la recherche d\u2019une formation, d\u2019un travail dans le circuit ordinaire ou adapt\u00e9 ou d\u2019un b\u00e9n\u00e9volat&nbsp;;<br>-Aide \u00e0 la gestion de la vie quotidienne et du budget, au bien-\u00eatre et aux solutions de mobilit\u00e9&nbsp;;<br>-Aide dans les d\u00e9marches administratives et&nbsp; dans l\u2019organisation du suivi m\u00e9dical<br>-Aide dans la recherche d\u2019activit\u00e9s de loisirs et de vacances<br>-Faire conna\u00eetre les droits du b\u00e9n\u00e9ficiaire et l\u2019aider \u00e0 les faire valoir,<br>-Une \u00e9coute des probl\u00e8mes et\/ou projets et aspirations que peut avoir le b\u00e9n\u00e9ficiaire<br><br>ASBL Cap Id\u00e9al d\u00e9coulant des \u00ab\u00a0Fauteuils Volants \u00a0\u00bb organise \u00e9galement des activit\u00e9s pour valides et moins valides en semaine et les WE.<br>Ces activit\u00e9s peuvent \u00eatre culturelles, r\u00e9cr\u00e9atives ou utiles pour le quartier.<br>&nbsp;<\/td><\/tr><\/tbody><\/table><\/figure>\n\n\n\n<p>\u00a0<a href=\"http:\/\/www.capideal.be\">www.capideal.be<\/a><\/p>\n","protected":false},"excerpt":{"rendered":"<p>\u2709 Avenue de l\u2019Id\u00e9al 27bte7 \u2013 1200 Bruxelles \u260f 02\/779.04.09 @:\u00a0accompagnement@capideal.be Notre&nbsp;Service d\u2019Accompagnement accueille des adultes en situation de handicap physique et\/ou mental l\u00e9ger et a pour objectif premier de les accompagner vers l\u2019autonomie.Domaines d&rsquo;intervention :-Aide \u00e0 la recherche de logement (logement individuel, habitation semi-prot\u00e9g\u00e9e, maison communautaire\u2026)-Aide dans la recherche d\u2019une formation, d\u2019un travail dans <a href=\"https:\/\/asah-bxl.be\/index.php\/services\/cap-ideal\/\" rel=\"nofollow\"><span class=\"sr-only\">En savoir plus surCAP Ideal<\/span>[&hellip;]<\/a><\/p>\n","protected":false},"author":1,"featured_media":0,"parent":98,"menu_order":0,"comment_status":"closed","ping_status":"closed","template":"","meta":{"_bbp_topic_count":0,"_bbp_reply_count":0,"_bbp_total_topic_count":0,"_bbp_total_reply_count":0,"_bbp_voice_count":0,"_bbp_anonymous_reply_count":0,"_bbp_topic_count_hidden":0,"_bbp_reply_count_hidden":0,"_bbp_forum_subforum_count":0,"footnotes":""},"class_list":["post-136","page","type-page","status-publish","hentry"],"yoast_head":"<!-- This site is optimized with the Yoast SEO plugin v23.4 - https:\/\/yoast.com\/wordpress\/plugins\/seo\/ -->\n<title>CAP Ideal - ASAH-BXL<\/title>\n<meta name=\"robots\" content=\"index, follow, max-snippet:-1, max-image-preview:large, max-video-preview:-1\" \/>\n<link rel=\"canonical\" href=\"https:\/\/asah-bxl.be\/index.php\/services\/cap-ideal\/\" \/>\n<meta property=\"og:locale\" content=\"fr_FR\" \/>\n<meta property=\"og:type\" content=\"article\" \/>\n<meta property=\"og:title\" content=\"CAP Ideal - ASAH-BXL\" \/>\n<meta property=\"og:description\" content=\"\u2709 Avenue de l\u2019Id\u00e9al 27bte7 \u2013 1200 Bruxelles \u260f 02\/779.04.09 @:\u00a0accompagnement@capideal.be Notre&nbsp;Service d\u2019Accompagnement accueille des adultes en situation de handicap physique et\/ou mental l\u00e9ger et a pour objectif premier de les accompagner vers l\u2019autonomie.Domaines d&rsquo;intervention :-Aide \u00e0 la recherche de logement (logement individuel, habitation semi-prot\u00e9g\u00e9e, maison communautaire\u2026)-Aide dans la recherche d\u2019une formation, d\u2019un travail dans En savoir plus surCAP Ideal[&hellip;]\" \/>\n<meta property=\"og:url\" content=\"https:\/\/asah-bxl.be\/index.php\/services\/cap-ideal\/\" \/>\n<meta property=\"og:site_name\" content=\"ASAH-BXL\" \/>\n<meta property=\"article:modified_time\" content=\"2024-12-06T08:46:31+00:00\" \/>\n<meta property=\"og:image\" content=\"http:\/\/asah-bxl.be\/wp-content\/uploads\/2020\/02\/logo-cap-ideal_2.jpg\" \/>\n<meta name=\"twitter:card\" content=\"summary_large_image\" \/>\n<meta name=\"twitter:label1\" content=\"Dur\u00e9e de lecture estim\u00e9e\" \/>\n\t<meta name=\"twitter:data1\" content=\"2 minutes\" \/>\n<script type=\"application\/ld+json\" class=\"yoast-schema-graph\">{\"@context\":\"https:\/\/schema.org\",\"@graph\":[{\"@type\":\"WebPage\",\"@id\":\"https:\/\/asah-bxl.be\/index.php\/services\/cap-ideal\/\",\"url\":\"https:\/\/asah-bxl.be\/index.php\/services\/cap-ideal\/\",\"name\":\"CAP Ideal - ASAH-BXL\",\"isPartOf\":{\"@id\":\"https:\/\/asah-bxl.be\/#website\"},\"primaryImageOfPage\":{\"@id\":\"https:\/\/asah-bxl.be\/index.php\/services\/cap-ideal\/#primaryimage\"},\"image\":{\"@id\":\"https:\/\/asah-bxl.be\/index.php\/services\/cap-ideal\/#primaryimage\"},\"thumbnailUrl\":\"http:\/\/asah-bxl.be\/wp-content\/uploads\/2020\/02\/logo-cap-ideal_2.jpg\",\"datePublished\":\"2020-02-14T10:32:12+00:00\",\"dateModified\":\"2024-12-06T08:46:31+00:00\",\"breadcrumb\":{\"@id\":\"https:\/\/asah-bxl.be\/index.php\/services\/cap-ideal\/#breadcrumb\"},\"inLanguage\":\"fr-FR\",\"potentialAction\":[{\"@type\":\"ReadAction\",\"target\":[\"https:\/\/asah-bxl.be\/index.php\/services\/cap-ideal\/\"]}]},{\"@type\":\"ImageObject\",\"inLanguage\":\"fr-FR\",\"@id\":\"https:\/\/asah-bxl.be\/index.php\/services\/cap-ideal\/#primaryimage\",\"url\":\"http:\/\/asah-bxl.be\/wp-content\/uploads\/2020\/02\/logo-cap-ideal_2.jpg\",\"contentUrl\":\"http:\/\/asah-bxl.be\/wp-content\/uploads\/2020\/02\/logo-cap-ideal_2.jpg\"},{\"@type\":\"BreadcrumbList\",\"@id\":\"https:\/\/asah-bxl.be\/index.php\/services\/cap-ideal\/#breadcrumb\",\"itemListElement\":[{\"@type\":\"ListItem\",\"position\":1,\"name\":\"Accueil\",\"item\":\"https:\/\/asah-bxl.be\/\"},{\"@type\":\"ListItem\",\"position\":2,\"name\":\"Services\",\"item\":\"https:\/\/asah-bxl.be\/index.php\/services\/\"},{\"@type\":\"ListItem\",\"position\":3,\"name\":\"CAP Ideal\"}]},{\"@type\":\"WebSite\",\"@id\":\"https:\/\/asah-bxl.be\/#website\",\"url\":\"https:\/\/asah-bxl.be\/\",\"name\":\"ASAH-BXL\",\"description\":\"\",\"publisher\":{\"@id\":\"https:\/\/asah-bxl.be\/#organization\"},\"potentialAction\":[{\"@type\":\"SearchAction\",\"target\":{\"@type\":\"EntryPoint\",\"urlTemplate\":\"https:\/\/asah-bxl.be\/?s={search_term_string}\"},\"query-input\":{\"@type\":\"PropertyValueSpecification\",\"valueRequired\":true,\"valueName\":\"search_term_string\"}}],\"inLanguage\":\"fr-FR\"},{\"@type\":\"Organization\",\"@id\":\"https:\/\/asah-bxl.be\/#organization\",\"name\":\"ASAH-BXL\",\"url\":\"https:\/\/asah-bxl.be\/\",\"logo\":{\"@type\":\"ImageObject\",\"inLanguage\":\"fr-FR\",\"@id\":\"https:\/\/asah-bxl.be\/#\/schema\/logo\/image\/\",\"url\":\"https:\/\/asah-bxl.be\/wp-content\/uploads\/2020\/02\/cropped-Sans-titre-6-3-9.png\",\"contentUrl\":\"https:\/\/asah-bxl.be\/wp-content\/uploads\/2020\/02\/cropped-Sans-titre-6-3-9.png\",\"width\":724,\"height\":528,\"caption\":\"ASAH-BXL\"},\"image\":{\"@id\":\"https:\/\/asah-bxl.be\/#\/schema\/logo\/image\/\"}}]}<\/script>\n<!-- \/ Yoast SEO plugin. -->","yoast_head_json":{"title":"CAP Ideal - ASAH-BXL","robots":{"index":"index","follow":"follow","max-snippet":"max-snippet:-1","max-image-preview":"max-image-preview:large","max-video-preview":"max-video-preview:-1"},"canonical":"https:\/\/asah-bxl.be\/index.php\/services\/cap-ideal\/","og_locale":"fr_FR","og_type":"article","og_title":"CAP Ideal - ASAH-BXL","og_description":"\u2709 Avenue de l\u2019Id\u00e9al 27bte7 \u2013 1200 Bruxelles \u260f 02\/779.04.09 @:\u00a0accompagnement@capideal.be Notre&nbsp;Service d\u2019Accompagnement accueille des adultes en situation de handicap physique et\/ou mental l\u00e9ger et a pour objectif premier de les accompagner vers l\u2019autonomie.Domaines d&rsquo;intervention :-Aide \u00e0 la recherche de logement (logement individuel, habitation semi-prot\u00e9g\u00e9e, maison communautaire\u2026)-Aide dans la recherche d\u2019une formation, d\u2019un travail dans En savoir plus surCAP Ideal[&hellip;]","og_url":"https:\/\/asah-bxl.be\/index.php\/services\/cap-ideal\/","og_site_name":"ASAH-BXL","article_modified_time":"2024-12-06T08:46:31+00:00","og_image":[{"url":"http:\/\/asah-bxl.be\/wp-content\/uploads\/2020\/02\/logo-cap-ideal_2.jpg"}],"twitter_card":"summary_large_image","twitter_misc":{"Dur\u00e9e de lecture estim\u00e9e":"2 minutes"},"schema":{"@context":"https:\/\/schema.org","@graph":[{"@type":"WebPage","@id":"https:\/\/asah-bxl.be\/index.php\/services\/cap-ideal\/","url":"https:\/\/asah-bxl.be\/index.php\/services\/cap-ideal\/","name":"CAP Ideal - ASAH-BXL","isPartOf":{"@id":"https:\/\/asah-bxl.be\/#website"},"primaryImageOfPage":{"@id":"https:\/\/asah-bxl.be\/index.php\/services\/cap-ideal\/#primaryimage"},"image":{"@id":"https:\/\/asah-bxl.be\/index.php\/services\/cap-ideal\/#primaryimage"},"thumbnailUrl":"http:\/\/asah-bxl.be\/wp-content\/uploads\/2020\/02\/logo-cap-ideal_2.jpg","datePublished":"2020-02-14T10:32:12+00:00","dateModified":"2024-12-06T08:46:31+00:00","breadcrumb":{"@id":"https:\/\/asah-bxl.be\/index.php\/services\/cap-ideal\/#breadcrumb"},"inLanguage":"fr-FR","potentialAction":[{"@type":"ReadAction","target":["https:\/\/asah-bxl.be\/index.php\/services\/cap-ideal\/"]}]},{"@type":"ImageObject","inLanguage":"fr-FR","@id":"https:\/\/asah-bxl.be\/index.php\/services\/cap-ideal\/#primaryimage","url":"http:\/\/asah-bxl.be\/wp-content\/uploads\/2020\/02\/logo-cap-ideal_2.jpg","contentUrl":"http:\/\/asah-bxl.be\/wp-content\/uploads\/2020\/02\/logo-cap-ideal_2.jpg"},{"@type":"BreadcrumbList","@id":"https:\/\/asah-bxl.be\/index.php\/services\/cap-ideal\/#breadcrumb","itemListElement":[{"@type":"ListItem","position":1,"name":"Accueil","item":"https:\/\/asah-bxl.be\/"},{"@type":"ListItem","position":2,"name":"Services","item":"https:\/\/asah-bxl.be\/index.php\/services\/"},{"@type":"ListItem","position":3,"name":"CAP Ideal"}]},{"@type":"WebSite","@id":"https:\/\/asah-bxl.be\/#website","url":"https:\/\/asah-bxl.be\/","name":"ASAH-BXL","description":"","publisher":{"@id":"https:\/\/asah-bxl.be\/#organization"},"potentialAction":[{"@type":"SearchAction","target":{"@type":"EntryPoint","urlTemplate":"https:\/\/asah-bxl.be\/?s={search_term_string}"},"query-input":{"@type":"PropertyValueSpecification","valueRequired":true,"valueName":"search_term_string"}}],"inLanguage":"fr-FR"},{"@type":"Organization","@id":"https:\/\/asah-bxl.be\/#organization","name":"ASAH-BXL","url":"https:\/\/asah-bxl.be\/","logo":{"@type":"ImageObject","inLanguage":"fr-FR","@id":"https:\/\/asah-bxl.be\/#\/schema\/logo\/image\/","url":"https:\/\/asah-bxl.be\/wp-content\/uploads\/2020\/02\/cropped-Sans-titre-6-3-9.png","contentUrl":"https:\/\/asah-bxl.be\/wp-content\/uploads\/2020\/02\/cropped-Sans-titre-6-3-9.png","width":724,"height":528,"caption":"ASAH-BXL"},"image":{"@id":"https:\/\/asah-bxl.be\/#\/schema\/logo\/image\/"}}]}},"_links":{"self":[{"href":"https:\/\/asah-bxl.be\/index.php\/wp-json\/wp\/v2\/pages\/136","targetHints":{"allow":["GET"]}}],"collection":[{"href":"https:\/\/asah-bxl.be\/index.php\/wp-json\/wp\/v2\/pages"}],"about":[{"href":"https:\/\/asah-bxl.be\/index.php\/wp-json\/wp\/v2\/types\/page"}],"author":[{"embeddable":true,"href":"https:\/\/asah-bxl.be\/index.php\/wp-json\/wp\/v2\/users\/1"}],"replies":[{"embeddable":true,"href":"https:\/\/asah-bxl.be\/index.php\/wp-json\/wp\/v2\/comments?post=136"}],"version-history":[{"count":9,"href":"https:\/\/asah-bxl.be\/index.php\/wp-json\/wp\/v2\/pages\/136\/revisions"}],"predecessor-version":[{"id":849,"href":"https:\/\/asah-bxl.be\/index.php\/wp-json\/wp\/v2\/pages\/136\/revisions\/849"}],"up":[{"embeddable":true,"href":"https:\/\/asah-bxl.be\/index.php\/wp-json\/wp\/v2\/pages\/98"}],"wp:attachment":[{"href":"https:\/\/asah-bxl.be\/index.php\/wp-json\/wp\/v2\/media?parent=136"}],"curies":[{"name":"wp","href":"https:\/\/api.w.org\/{rel}","templated":true}]}}