{"id":138,"date":"2020-02-14T11:32:12","date_gmt":"2020-02-14T10:32:12","guid":{"rendered":"http:\/\/asah-bxl.be\/?page_id=138"},"modified":"2022-10-12T10:50:47","modified_gmt":"2022-10-12T08:50:47","slug":"emergence","status":"publish","type":"page","link":"https:\/\/asah-bxl.be\/index.php\/services\/emergence\/","title":{"rendered":"Emergence"},"content":{"rendered":"\n<pre class=\"wp-block-preformatted\"><\/pre>\n\n\n\n<figure class=\"wp-block-image size-large is-resized\"><img fetchpriority=\"high\" decoding=\"async\" src=\"https:\/\/asah-bxl.be\/wp-content\/uploads\/2020\/02\/logo-Emergence.jpg\" alt=\"\" class=\"wp-image-238\" width=\"419\" height=\"289\" srcset=\"https:\/\/asah-bxl.be\/wp-content\/uploads\/2020\/02\/logo-Emergence.jpg 822w, https:\/\/asah-bxl.be\/wp-content\/uploads\/2020\/02\/logo-Emergence-300x207.jpg 300w, https:\/\/asah-bxl.be\/wp-content\/uploads\/2020\/02\/logo-Emergence-768x530.jpg 768w\" sizes=\"(max-width: 419px) 100vw, 419px\" \/><\/figure>\n\n\n\n<pre class=\"wp-block-preformatted\"><\/pre>\n\n\n\n<p>\u2709\nrue Gatti de Gamond &#8211; 1180 Bruxelles<\/p>\n\n\n\n<p><strong>\u260f<\/strong> 02\/3735062 ou  0496\/87.43.39 <\/p>\n\n\n\n<p><strong>@<\/strong>\u00a0: emergence@chapbg.be <\/p>\n\n\n\n<p>\u00c9mergence&nbsp;propose un accompagnement sur base volontaire pour des enfants, adolescents, jeunes-adultes&nbsp;pr\u00e9sentant des troubles du comportement. Nous proposons une guidance \u00e9ducative, psycho sociale et familiale&nbsp;et peut intervenir lors de tensions familiales&nbsp;et relationnelle, de difficult\u00e9s scolaires\/formation, administratives et sociales.&nbsp;<\/p>\n\n\n\n<p>Le service a \u00e9t\u00e9 cr\u00e9e en septembre 2015. Ce service r\u00e9pond aux besoins des jeunes et de leur famille de b\u00e9n\u00e9ficier d&rsquo;un soutien, en dehors des structures d&rsquo;h\u00e9bergements.<\/p>\n\n\n\n<p>Le service propose diff\u00e9rentes actions :&nbsp;<\/p>\n\n\n\n<p>&#8211; Suivis en famille ou dans leurs milieux de vie de jeunes (gar\u00e7ons ou filles \u00e0 partir de 5 ans)<\/p>\n\n\n\n<p>&#8211; Suivis en famille de jeunes (de 5 \u00e0 20 ans) en attente d\u2019un (\u00e9ventuel) h\u00e9bergement dans un centre d\u2019h\u00e9bergement ou apr\u00e8s un h\u00e9bergement.<\/p>\n\n\n\n<p>&#8211; Suivis en famille (\u00e0 partir de 6 ans) apr\u00e8s un h\u00e9bergement.<\/p>\n\n\n\n<p>&#8211; Suivis ext\u00e9rieurs de mise en autonomie (en kot) \u00e0 partir de 17 ans.<\/p>\n\n\n\n<p><a href=\"https:\/\/www.chapelledebourgogne.be\/\">https:\/\/www.chapelledebourgogne.be\/<\/a><\/p>\n","protected":false},"excerpt":{"rendered":"<p>\u2709 rue Gatti de Gamond &#8211; 1180 Bruxelles \u260f 02\/3735062 ou 0496\/87.43.39 @\u00a0: emergence@chapbg.be \u00c9mergence&nbsp;propose un accompagnement sur base volontaire pour des enfants, adolescents, jeunes-adultes&nbsp;pr\u00e9sentant des troubles du comportement. Nous proposons une guidance \u00e9ducative, psycho sociale et familiale&nbsp;et peut intervenir lors de tensions familiales&nbsp;et relationnelle, de difficult\u00e9s scolaires\/formation, administratives et sociales.&nbsp; Le service a \u00e9t\u00e9 <a href=\"https:\/\/asah-bxl.be\/index.php\/services\/emergence\/\" rel=\"nofollow\"><span class=\"sr-only\">En savoir plus surEmergence<\/span>[&hellip;]<\/a><\/p>\n","protected":false},"author":1,"featured_media":0,"parent":98,"menu_order":0,"comment_status":"closed","ping_status":"closed","template":"","meta":{"_bbp_topic_count":0,"_bbp_reply_count":0,"_bbp_total_topic_count":0,"_bbp_total_reply_count":0,"_bbp_voice_count":0,"_bbp_anonymous_reply_count":0,"_bbp_topic_count_hidden":0,"_bbp_reply_count_hidden":0,"_bbp_forum_subforum_count":0,"footnotes":""},"class_list":["post-138","page","type-page","status-publish","hentry"],"yoast_head":"<!-- This site is optimized with the Yoast SEO plugin v23.4 - https:\/\/yoast.com\/wordpress\/plugins\/seo\/ -->\n<title>Emergence - ASAH-BXL<\/title>\n<meta name=\"robots\" content=\"index, follow, max-snippet:-1, max-image-preview:large, max-video-preview:-1\" \/>\n<link rel=\"canonical\" href=\"https:\/\/asah-bxl.be\/index.php\/services\/emergence\/\" \/>\n<meta property=\"og:locale\" content=\"fr_FR\" \/>\n<meta property=\"og:type\" content=\"article\" \/>\n<meta property=\"og:title\" content=\"Emergence - ASAH-BXL\" \/>\n<meta property=\"og:description\" content=\"\u2709 rue Gatti de Gamond &#8211; 1180 Bruxelles \u260f 02\/3735062 ou 0496\/87.43.39 @\u00a0: emergence@chapbg.be \u00c9mergence&nbsp;propose un accompagnement sur base volontaire pour des enfants, adolescents, jeunes-adultes&nbsp;pr\u00e9sentant des troubles du comportement. Nous proposons une guidance \u00e9ducative, psycho sociale et familiale&nbsp;et peut intervenir lors de tensions familiales&nbsp;et relationnelle, de difficult\u00e9s scolaires\/formation, administratives et sociales.&nbsp; Le service a \u00e9t\u00e9 En savoir plus surEmergence[&hellip;]\" \/>\n<meta property=\"og:url\" content=\"https:\/\/asah-bxl.be\/index.php\/services\/emergence\/\" \/>\n<meta property=\"og:site_name\" content=\"ASAH-BXL\" \/>\n<meta property=\"article:modified_time\" content=\"2022-10-12T08:50:47+00:00\" \/>\n<meta property=\"og:image\" content=\"http:\/\/asah-bxl.be\/wp-content\/uploads\/2020\/02\/logo-Emergence.jpg\" \/>\n<meta name=\"twitter:card\" content=\"summary_large_image\" \/>\n<meta name=\"twitter:label1\" content=\"Dur\u00e9e de lecture estim\u00e9e\" \/>\n\t<meta name=\"twitter:data1\" content=\"1 minute\" \/>\n<script type=\"application\/ld+json\" class=\"yoast-schema-graph\">{\"@context\":\"https:\/\/schema.org\",\"@graph\":[{\"@type\":\"WebPage\",\"@id\":\"https:\/\/asah-bxl.be\/index.php\/services\/emergence\/\",\"url\":\"https:\/\/asah-bxl.be\/index.php\/services\/emergence\/\",\"name\":\"Emergence - ASAH-BXL\",\"isPartOf\":{\"@id\":\"https:\/\/asah-bxl.be\/#website\"},\"primaryImageOfPage\":{\"@id\":\"https:\/\/asah-bxl.be\/index.php\/services\/emergence\/#primaryimage\"},\"image\":{\"@id\":\"https:\/\/asah-bxl.be\/index.php\/services\/emergence\/#primaryimage\"},\"thumbnailUrl\":\"http:\/\/asah-bxl.be\/wp-content\/uploads\/2020\/02\/logo-Emergence.jpg\",\"datePublished\":\"2020-02-14T10:32:12+00:00\",\"dateModified\":\"2022-10-12T08:50:47+00:00\",\"breadcrumb\":{\"@id\":\"https:\/\/asah-bxl.be\/index.php\/services\/emergence\/#breadcrumb\"},\"inLanguage\":\"fr-FR\",\"potentialAction\":[{\"@type\":\"ReadAction\",\"target\":[\"https:\/\/asah-bxl.be\/index.php\/services\/emergence\/\"]}]},{\"@type\":\"ImageObject\",\"inLanguage\":\"fr-FR\",\"@id\":\"https:\/\/asah-bxl.be\/index.php\/services\/emergence\/#primaryimage\",\"url\":\"http:\/\/asah-bxl.be\/wp-content\/uploads\/2020\/02\/logo-Emergence.jpg\",\"contentUrl\":\"http:\/\/asah-bxl.be\/wp-content\/uploads\/2020\/02\/logo-Emergence.jpg\"},{\"@type\":\"BreadcrumbList\",\"@id\":\"https:\/\/asah-bxl.be\/index.php\/services\/emergence\/#breadcrumb\",\"itemListElement\":[{\"@type\":\"ListItem\",\"position\":1,\"name\":\"Accueil\",\"item\":\"https:\/\/asah-bxl.be\/\"},{\"@type\":\"ListItem\",\"position\":2,\"name\":\"Services\",\"item\":\"https:\/\/asah-bxl.be\/index.php\/services\/\"},{\"@type\":\"ListItem\",\"position\":3,\"name\":\"Emergence\"}]},{\"@type\":\"WebSite\",\"@id\":\"https:\/\/asah-bxl.be\/#website\",\"url\":\"https:\/\/asah-bxl.be\/\",\"name\":\"ASAH-BXL\",\"description\":\"\",\"publisher\":{\"@id\":\"https:\/\/asah-bxl.be\/#organization\"},\"potentialAction\":[{\"@type\":\"SearchAction\",\"target\":{\"@type\":\"EntryPoint\",\"urlTemplate\":\"https:\/\/asah-bxl.be\/?s={search_term_string}\"},\"query-input\":{\"@type\":\"PropertyValueSpecification\",\"valueRequired\":true,\"valueName\":\"search_term_string\"}}],\"inLanguage\":\"fr-FR\"},{\"@type\":\"Organization\",\"@id\":\"https:\/\/asah-bxl.be\/#organization\",\"name\":\"ASAH-BXL\",\"url\":\"https:\/\/asah-bxl.be\/\",\"logo\":{\"@type\":\"ImageObject\",\"inLanguage\":\"fr-FR\",\"@id\":\"https:\/\/asah-bxl.be\/#\/schema\/logo\/image\/\",\"url\":\"https:\/\/asah-bxl.be\/wp-content\/uploads\/2020\/02\/cropped-Sans-titre-6-3-9.png\",\"contentUrl\":\"https:\/\/asah-bxl.be\/wp-content\/uploads\/2020\/02\/cropped-Sans-titre-6-3-9.png\",\"width\":724,\"height\":528,\"caption\":\"ASAH-BXL\"},\"image\":{\"@id\":\"https:\/\/asah-bxl.be\/#\/schema\/logo\/image\/\"}}]}<\/script>\n<!-- \/ Yoast SEO plugin. -->","yoast_head_json":{"title":"Emergence - ASAH-BXL","robots":{"index":"index","follow":"follow","max-snippet":"max-snippet:-1","max-image-preview":"max-image-preview:large","max-video-preview":"max-video-preview:-1"},"canonical":"https:\/\/asah-bxl.be\/index.php\/services\/emergence\/","og_locale":"fr_FR","og_type":"article","og_title":"Emergence - ASAH-BXL","og_description":"\u2709 rue Gatti de Gamond &#8211; 1180 Bruxelles \u260f 02\/3735062 ou 0496\/87.43.39 @\u00a0: emergence@chapbg.be \u00c9mergence&nbsp;propose un accompagnement sur base volontaire pour des enfants, adolescents, jeunes-adultes&nbsp;pr\u00e9sentant des troubles du comportement. Nous proposons une guidance \u00e9ducative, psycho sociale et familiale&nbsp;et peut intervenir lors de tensions familiales&nbsp;et relationnelle, de difficult\u00e9s scolaires\/formation, administratives et sociales.&nbsp; Le service a \u00e9t\u00e9 En savoir plus surEmergence[&hellip;]","og_url":"https:\/\/asah-bxl.be\/index.php\/services\/emergence\/","og_site_name":"ASAH-BXL","article_modified_time":"2022-10-12T08:50:47+00:00","og_image":[{"url":"http:\/\/asah-bxl.be\/wp-content\/uploads\/2020\/02\/logo-Emergence.jpg"}],"twitter_card":"summary_large_image","twitter_misc":{"Dur\u00e9e de lecture estim\u00e9e":"1 minute"},"schema":{"@context":"https:\/\/schema.org","@graph":[{"@type":"WebPage","@id":"https:\/\/asah-bxl.be\/index.php\/services\/emergence\/","url":"https:\/\/asah-bxl.be\/index.php\/services\/emergence\/","name":"Emergence - ASAH-BXL","isPartOf":{"@id":"https:\/\/asah-bxl.be\/#website"},"primaryImageOfPage":{"@id":"https:\/\/asah-bxl.be\/index.php\/services\/emergence\/#primaryimage"},"image":{"@id":"https:\/\/asah-bxl.be\/index.php\/services\/emergence\/#primaryimage"},"thumbnailUrl":"http:\/\/asah-bxl.be\/wp-content\/uploads\/2020\/02\/logo-Emergence.jpg","datePublished":"2020-02-14T10:32:12+00:00","dateModified":"2022-10-12T08:50:47+00:00","breadcrumb":{"@id":"https:\/\/asah-bxl.be\/index.php\/services\/emergence\/#breadcrumb"},"inLanguage":"fr-FR","potentialAction":[{"@type":"ReadAction","target":["https:\/\/asah-bxl.be\/index.php\/services\/emergence\/"]}]},{"@type":"ImageObject","inLanguage":"fr-FR","@id":"https:\/\/asah-bxl.be\/index.php\/services\/emergence\/#primaryimage","url":"http:\/\/asah-bxl.be\/wp-content\/uploads\/2020\/02\/logo-Emergence.jpg","contentUrl":"http:\/\/asah-bxl.be\/wp-content\/uploads\/2020\/02\/logo-Emergence.jpg"},{"@type":"BreadcrumbList","@id":"https:\/\/asah-bxl.be\/index.php\/services\/emergence\/#breadcrumb","itemListElement":[{"@type":"ListItem","position":1,"name":"Accueil","item":"https:\/\/asah-bxl.be\/"},{"@type":"ListItem","position":2,"name":"Services","item":"https:\/\/asah-bxl.be\/index.php\/services\/"},{"@type":"ListItem","position":3,"name":"Emergence"}]},{"@type":"WebSite","@id":"https:\/\/asah-bxl.be\/#website","url":"https:\/\/asah-bxl.be\/","name":"ASAH-BXL","description":"","publisher":{"@id":"https:\/\/asah-bxl.be\/#organization"},"potentialAction":[{"@type":"SearchAction","target":{"@type":"EntryPoint","urlTemplate":"https:\/\/asah-bxl.be\/?s={search_term_string}"},"query-input":{"@type":"PropertyValueSpecification","valueRequired":true,"valueName":"search_term_string"}}],"inLanguage":"fr-FR"},{"@type":"Organization","@id":"https:\/\/asah-bxl.be\/#organization","name":"ASAH-BXL","url":"https:\/\/asah-bxl.be\/","logo":{"@type":"ImageObject","inLanguage":"fr-FR","@id":"https:\/\/asah-bxl.be\/#\/schema\/logo\/image\/","url":"https:\/\/asah-bxl.be\/wp-content\/uploads\/2020\/02\/cropped-Sans-titre-6-3-9.png","contentUrl":"https:\/\/asah-bxl.be\/wp-content\/uploads\/2020\/02\/cropped-Sans-titre-6-3-9.png","width":724,"height":528,"caption":"ASAH-BXL"},"image":{"@id":"https:\/\/asah-bxl.be\/#\/schema\/logo\/image\/"}}]}},"_links":{"self":[{"href":"https:\/\/asah-bxl.be\/index.php\/wp-json\/wp\/v2\/pages\/138","targetHints":{"allow":["GET"]}}],"collection":[{"href":"https:\/\/asah-bxl.be\/index.php\/wp-json\/wp\/v2\/pages"}],"about":[{"href":"https:\/\/asah-bxl.be\/index.php\/wp-json\/wp\/v2\/types\/page"}],"author":[{"embeddable":true,"href":"https:\/\/asah-bxl.be\/index.php\/wp-json\/wp\/v2\/users\/1"}],"replies":[{"embeddable":true,"href":"https:\/\/asah-bxl.be\/index.php\/wp-json\/wp\/v2\/comments?post=138"}],"version-history":[{"count":5,"href":"https:\/\/asah-bxl.be\/index.php\/wp-json\/wp\/v2\/pages\/138\/revisions"}],"predecessor-version":[{"id":712,"href":"https:\/\/asah-bxl.be\/index.php\/wp-json\/wp\/v2\/pages\/138\/revisions\/712"}],"up":[{"embeddable":true,"href":"https:\/\/asah-bxl.be\/index.php\/wp-json\/wp\/v2\/pages\/98"}],"wp:attachment":[{"href":"https:\/\/asah-bxl.be\/index.php\/wp-json\/wp\/v2\/media?parent=138"}],"curies":[{"name":"wp","href":"https:\/\/api.w.org\/{rel}","templated":true}]}}