{"id":139,"date":"2020-02-14T11:32:12","date_gmt":"2020-02-14T10:32:12","guid":{"rendered":"http:\/\/asah-bxl.be\/?page_id=139"},"modified":"2022-10-20T12:17:34","modified_gmt":"2022-10-20T10:17:34","slug":"eqla","status":"publish","type":"page","link":"https:\/\/asah-bxl.be\/index.php\/services\/eqla\/","title":{"rendered":"EQLA"},"content":{"rendered":"\n<pre class=\"wp-block-preformatted\"><\/pre>\n\n\n\n<figure class=\"wp-block-image size-large is-resized\"><img fetchpriority=\"high\" decoding=\"async\" src=\"https:\/\/asah-bxl.be\/wp-content\/uploads\/2020\/02\/logo_eqla_baseline.png\" alt=\"\" class=\"wp-image-264\" width=\"409\" height=\"217\" srcset=\"https:\/\/asah-bxl.be\/wp-content\/uploads\/2020\/02\/logo_eqla_baseline.png 600w, https:\/\/asah-bxl.be\/wp-content\/uploads\/2020\/02\/logo_eqla_baseline-300x160.png 300w\" sizes=\"(max-width: 409px) 100vw, 409px\" \/><\/figure>\n\n\n\n<pre class=\"wp-block-preformatted\"><\/pre>\n\n\n\n<p>\u2709\nBoulevard de la Woluwe, 34 Bte 1 &#8211; 1200 Bruxelles<\/p>\n\n\n\n<p>\u260f\n02\/241.65.68<\/p>\n\n\n\n<p>&nbsp;info@ona.be<\/p>\n\n\n\n<p>Eqla est une association belge qui agit au quotidien avec et pour les personnes aveugles et malvoyantes. Depuis 1922 et gr\u00e2ce \u00e0 diff\u00e9rents services de proximit\u00e9, Eqla favorise leur inclusion dans la soci\u00e9t\u00e9 en construisant avec elles des solutions d\u2019autonomie et d\u2019\u00e9panouissement : accompagnement global et personnalis\u00e9, formations aux nouvelles technologies, acc\u00e8s des activit\u00e9s culturelles et de loisirs&#8230;<\/p>\n\n\n\n<p>Eqla propose \u00e9galement des formations et des animations autour de la d\u00e9ficience visuelle, afin de sensibiliser le grand public et les professionnels aux r\u00e9alit\u00e9s du handicap visuel.<\/p>\n\n\n\n<p>Notre accompagnement<\/p>\n\n\n\n<ul class=\"wp-block-list\"><li>Accompagnement social : nous accompagnons les personnes d\u00e9ficientes visuelles dans leur vie quotidienne<\/li><li>Accompagnement scolaire : nous accompagnons les enfants et adolescents d\u00e9ficients visuels dans l\u2019enseignement ordinaire<\/li><\/ul>\n\n\n\n<p><a href=\"https:\/\/eqla.be\/\" target=\"_blank\" rel=\"noreferrer noopener\" aria-label=\"www.eqla.be (s\u2019ouvre dans un nouvel onglet)\">www.eqla.be<\/a><\/p>\n\n\n\n<p><\/p>\n","protected":false},"excerpt":{"rendered":"<p>\u2709 Boulevard de la Woluwe, 34 Bte 1 &#8211; 1200 Bruxelles \u260f 02\/241.65.68 &nbsp;info@ona.be Eqla est une association belge qui agit au quotidien avec et pour les personnes aveugles et malvoyantes. Depuis 1922 et gr\u00e2ce \u00e0 diff\u00e9rents services de proximit\u00e9, Eqla favorise leur inclusion dans la soci\u00e9t\u00e9 en construisant avec elles des solutions d\u2019autonomie et <a href=\"https:\/\/asah-bxl.be\/index.php\/services\/eqla\/\" rel=\"nofollow\"><span class=\"sr-only\">En savoir plus surEQLA<\/span>[&hellip;]<\/a><\/p>\n","protected":false},"author":1,"featured_media":0,"parent":98,"menu_order":0,"comment_status":"closed","ping_status":"closed","template":"","meta":{"_bbp_topic_count":0,"_bbp_reply_count":0,"_bbp_total_topic_count":0,"_bbp_total_reply_count":0,"_bbp_voice_count":0,"_bbp_anonymous_reply_count":0,"_bbp_topic_count_hidden":0,"_bbp_reply_count_hidden":0,"_bbp_forum_subforum_count":0,"footnotes":""},"class_list":["post-139","page","type-page","status-publish","hentry"],"yoast_head":"<!-- This site is optimized with the Yoast SEO plugin v23.4 - https:\/\/yoast.com\/wordpress\/plugins\/seo\/ -->\n<title>EQLA - ASAH-BXL<\/title>\n<meta name=\"robots\" content=\"index, follow, max-snippet:-1, max-image-preview:large, max-video-preview:-1\" \/>\n<link rel=\"canonical\" href=\"https:\/\/asah-bxl.be\/index.php\/services\/eqla\/\" \/>\n<meta property=\"og:locale\" content=\"fr_FR\" \/>\n<meta property=\"og:type\" content=\"article\" \/>\n<meta property=\"og:title\" content=\"EQLA - ASAH-BXL\" \/>\n<meta property=\"og:description\" content=\"\u2709 Boulevard de la Woluwe, 34 Bte 1 &#8211; 1200 Bruxelles \u260f 02\/241.65.68 &nbsp;info@ona.be Eqla est une association belge qui agit au quotidien avec et pour les personnes aveugles et malvoyantes. Depuis 1922 et gr\u00e2ce \u00e0 diff\u00e9rents services de proximit\u00e9, Eqla favorise leur inclusion dans la soci\u00e9t\u00e9 en construisant avec elles des solutions d\u2019autonomie et En savoir plus surEQLA[&hellip;]\" \/>\n<meta property=\"og:url\" content=\"https:\/\/asah-bxl.be\/index.php\/services\/eqla\/\" \/>\n<meta property=\"og:site_name\" content=\"ASAH-BXL\" \/>\n<meta property=\"article:modified_time\" content=\"2022-10-20T10:17:34+00:00\" \/>\n<meta property=\"og:image\" content=\"http:\/\/asah-bxl.be\/wp-content\/uploads\/2020\/02\/logo_eqla_baseline.png\" \/>\n<meta name=\"twitter:card\" content=\"summary_large_image\" \/>\n<meta name=\"twitter:label1\" content=\"Dur\u00e9e de lecture estim\u00e9e\" \/>\n\t<meta name=\"twitter:data1\" content=\"1 minute\" \/>\n<script type=\"application\/ld+json\" class=\"yoast-schema-graph\">{\"@context\":\"https:\/\/schema.org\",\"@graph\":[{\"@type\":\"WebPage\",\"@id\":\"https:\/\/asah-bxl.be\/index.php\/services\/eqla\/\",\"url\":\"https:\/\/asah-bxl.be\/index.php\/services\/eqla\/\",\"name\":\"EQLA - ASAH-BXL\",\"isPartOf\":{\"@id\":\"https:\/\/asah-bxl.be\/#website\"},\"primaryImageOfPage\":{\"@id\":\"https:\/\/asah-bxl.be\/index.php\/services\/eqla\/#primaryimage\"},\"image\":{\"@id\":\"https:\/\/asah-bxl.be\/index.php\/services\/eqla\/#primaryimage\"},\"thumbnailUrl\":\"http:\/\/asah-bxl.be\/wp-content\/uploads\/2020\/02\/logo_eqla_baseline.png\",\"datePublished\":\"2020-02-14T10:32:12+00:00\",\"dateModified\":\"2022-10-20T10:17:34+00:00\",\"breadcrumb\":{\"@id\":\"https:\/\/asah-bxl.be\/index.php\/services\/eqla\/#breadcrumb\"},\"inLanguage\":\"fr-FR\",\"potentialAction\":[{\"@type\":\"ReadAction\",\"target\":[\"https:\/\/asah-bxl.be\/index.php\/services\/eqla\/\"]}]},{\"@type\":\"ImageObject\",\"inLanguage\":\"fr-FR\",\"@id\":\"https:\/\/asah-bxl.be\/index.php\/services\/eqla\/#primaryimage\",\"url\":\"http:\/\/asah-bxl.be\/wp-content\/uploads\/2020\/02\/logo_eqla_baseline.png\",\"contentUrl\":\"http:\/\/asah-bxl.be\/wp-content\/uploads\/2020\/02\/logo_eqla_baseline.png\"},{\"@type\":\"BreadcrumbList\",\"@id\":\"https:\/\/asah-bxl.be\/index.php\/services\/eqla\/#breadcrumb\",\"itemListElement\":[{\"@type\":\"ListItem\",\"position\":1,\"name\":\"Accueil\",\"item\":\"https:\/\/asah-bxl.be\/\"},{\"@type\":\"ListItem\",\"position\":2,\"name\":\"Services\",\"item\":\"https:\/\/asah-bxl.be\/index.php\/services\/\"},{\"@type\":\"ListItem\",\"position\":3,\"name\":\"EQLA\"}]},{\"@type\":\"WebSite\",\"@id\":\"https:\/\/asah-bxl.be\/#website\",\"url\":\"https:\/\/asah-bxl.be\/\",\"name\":\"ASAH-BXL\",\"description\":\"\",\"publisher\":{\"@id\":\"https:\/\/asah-bxl.be\/#organization\"},\"potentialAction\":[{\"@type\":\"SearchAction\",\"target\":{\"@type\":\"EntryPoint\",\"urlTemplate\":\"https:\/\/asah-bxl.be\/?s={search_term_string}\"},\"query-input\":{\"@type\":\"PropertyValueSpecification\",\"valueRequired\":true,\"valueName\":\"search_term_string\"}}],\"inLanguage\":\"fr-FR\"},{\"@type\":\"Organization\",\"@id\":\"https:\/\/asah-bxl.be\/#organization\",\"name\":\"ASAH-BXL\",\"url\":\"https:\/\/asah-bxl.be\/\",\"logo\":{\"@type\":\"ImageObject\",\"inLanguage\":\"fr-FR\",\"@id\":\"https:\/\/asah-bxl.be\/#\/schema\/logo\/image\/\",\"url\":\"https:\/\/asah-bxl.be\/wp-content\/uploads\/2020\/02\/cropped-Sans-titre-6-3-9.png\",\"contentUrl\":\"https:\/\/asah-bxl.be\/wp-content\/uploads\/2020\/02\/cropped-Sans-titre-6-3-9.png\",\"width\":724,\"height\":528,\"caption\":\"ASAH-BXL\"},\"image\":{\"@id\":\"https:\/\/asah-bxl.be\/#\/schema\/logo\/image\/\"}}]}<\/script>\n<!-- \/ Yoast SEO plugin. -->","yoast_head_json":{"title":"EQLA - ASAH-BXL","robots":{"index":"index","follow":"follow","max-snippet":"max-snippet:-1","max-image-preview":"max-image-preview:large","max-video-preview":"max-video-preview:-1"},"canonical":"https:\/\/asah-bxl.be\/index.php\/services\/eqla\/","og_locale":"fr_FR","og_type":"article","og_title":"EQLA - ASAH-BXL","og_description":"\u2709 Boulevard de la Woluwe, 34 Bte 1 &#8211; 1200 Bruxelles \u260f 02\/241.65.68 &nbsp;info@ona.be Eqla est une association belge qui agit au quotidien avec et pour les personnes aveugles et malvoyantes. Depuis 1922 et gr\u00e2ce \u00e0 diff\u00e9rents services de proximit\u00e9, Eqla favorise leur inclusion dans la soci\u00e9t\u00e9 en construisant avec elles des solutions d\u2019autonomie et En savoir plus surEQLA[&hellip;]","og_url":"https:\/\/asah-bxl.be\/index.php\/services\/eqla\/","og_site_name":"ASAH-BXL","article_modified_time":"2022-10-20T10:17:34+00:00","og_image":[{"url":"http:\/\/asah-bxl.be\/wp-content\/uploads\/2020\/02\/logo_eqla_baseline.png"}],"twitter_card":"summary_large_image","twitter_misc":{"Dur\u00e9e de lecture estim\u00e9e":"1 minute"},"schema":{"@context":"https:\/\/schema.org","@graph":[{"@type":"WebPage","@id":"https:\/\/asah-bxl.be\/index.php\/services\/eqla\/","url":"https:\/\/asah-bxl.be\/index.php\/services\/eqla\/","name":"EQLA - ASAH-BXL","isPartOf":{"@id":"https:\/\/asah-bxl.be\/#website"},"primaryImageOfPage":{"@id":"https:\/\/asah-bxl.be\/index.php\/services\/eqla\/#primaryimage"},"image":{"@id":"https:\/\/asah-bxl.be\/index.php\/services\/eqla\/#primaryimage"},"thumbnailUrl":"http:\/\/asah-bxl.be\/wp-content\/uploads\/2020\/02\/logo_eqla_baseline.png","datePublished":"2020-02-14T10:32:12+00:00","dateModified":"2022-10-20T10:17:34+00:00","breadcrumb":{"@id":"https:\/\/asah-bxl.be\/index.php\/services\/eqla\/#breadcrumb"},"inLanguage":"fr-FR","potentialAction":[{"@type":"ReadAction","target":["https:\/\/asah-bxl.be\/index.php\/services\/eqla\/"]}]},{"@type":"ImageObject","inLanguage":"fr-FR","@id":"https:\/\/asah-bxl.be\/index.php\/services\/eqla\/#primaryimage","url":"http:\/\/asah-bxl.be\/wp-content\/uploads\/2020\/02\/logo_eqla_baseline.png","contentUrl":"http:\/\/asah-bxl.be\/wp-content\/uploads\/2020\/02\/logo_eqla_baseline.png"},{"@type":"BreadcrumbList","@id":"https:\/\/asah-bxl.be\/index.php\/services\/eqla\/#breadcrumb","itemListElement":[{"@type":"ListItem","position":1,"name":"Accueil","item":"https:\/\/asah-bxl.be\/"},{"@type":"ListItem","position":2,"name":"Services","item":"https:\/\/asah-bxl.be\/index.php\/services\/"},{"@type":"ListItem","position":3,"name":"EQLA"}]},{"@type":"WebSite","@id":"https:\/\/asah-bxl.be\/#website","url":"https:\/\/asah-bxl.be\/","name":"ASAH-BXL","description":"","publisher":{"@id":"https:\/\/asah-bxl.be\/#organization"},"potentialAction":[{"@type":"SearchAction","target":{"@type":"EntryPoint","urlTemplate":"https:\/\/asah-bxl.be\/?s={search_term_string}"},"query-input":{"@type":"PropertyValueSpecification","valueRequired":true,"valueName":"search_term_string"}}],"inLanguage":"fr-FR"},{"@type":"Organization","@id":"https:\/\/asah-bxl.be\/#organization","name":"ASAH-BXL","url":"https:\/\/asah-bxl.be\/","logo":{"@type":"ImageObject","inLanguage":"fr-FR","@id":"https:\/\/asah-bxl.be\/#\/schema\/logo\/image\/","url":"https:\/\/asah-bxl.be\/wp-content\/uploads\/2020\/02\/cropped-Sans-titre-6-3-9.png","contentUrl":"https:\/\/asah-bxl.be\/wp-content\/uploads\/2020\/02\/cropped-Sans-titre-6-3-9.png","width":724,"height":528,"caption":"ASAH-BXL"},"image":{"@id":"https:\/\/asah-bxl.be\/#\/schema\/logo\/image\/"}}]}},"_links":{"self":[{"href":"https:\/\/asah-bxl.be\/index.php\/wp-json\/wp\/v2\/pages\/139","targetHints":{"allow":["GET"]}}],"collection":[{"href":"https:\/\/asah-bxl.be\/index.php\/wp-json\/wp\/v2\/pages"}],"about":[{"href":"https:\/\/asah-bxl.be\/index.php\/wp-json\/wp\/v2\/types\/page"}],"author":[{"embeddable":true,"href":"https:\/\/asah-bxl.be\/index.php\/wp-json\/wp\/v2\/users\/1"}],"replies":[{"embeddable":true,"href":"https:\/\/asah-bxl.be\/index.php\/wp-json\/wp\/v2\/comments?post=139"}],"version-history":[{"count":5,"href":"https:\/\/asah-bxl.be\/index.php\/wp-json\/wp\/v2\/pages\/139\/revisions"}],"predecessor-version":[{"id":762,"href":"https:\/\/asah-bxl.be\/index.php\/wp-json\/wp\/v2\/pages\/139\/revisions\/762"}],"up":[{"embeddable":true,"href":"https:\/\/asah-bxl.be\/index.php\/wp-json\/wp\/v2\/pages\/98"}],"wp:attachment":[{"href":"https:\/\/asah-bxl.be\/index.php\/wp-json\/wp\/v2\/media?parent=139"}],"curies":[{"name":"wp","href":"https:\/\/api.w.org\/{rel}","templated":true}]}}