{"id":142,"date":"2020-02-14T11:32:13","date_gmt":"2020-02-14T10:32:13","guid":{"rendered":"http:\/\/asah-bxl.be\/?page_id=142"},"modified":"2022-10-12T11:49:17","modified_gmt":"2022-10-12T09:49:17","slug":"info-sourds","status":"publish","type":"page","link":"https:\/\/asah-bxl.be\/index.php\/services\/info-sourds\/","title":{"rendered":"Info Sourds"},"content":{"rendered":"\n<pre class=\"wp-block-preformatted\"><\/pre>\n\n\n\n<figure class=\"wp-block-image size-large is-resized\"><img fetchpriority=\"high\" decoding=\"async\" src=\"https:\/\/asah-bxl.be\/wp-content\/uploads\/2020\/02\/logo-info-sourds.png\" alt=\"\" class=\"wp-image-247\" width=\"426\" height=\"356\" srcset=\"https:\/\/asah-bxl.be\/wp-content\/uploads\/2020\/02\/logo-info-sourds.png 440w, https:\/\/asah-bxl.be\/wp-content\/uploads\/2020\/02\/logo-info-sourds-300x251.png 300w\" sizes=\"(max-width: 426px) 100vw, 426px\" \/><\/figure>\n\n\n\n<pre class=\"wp-block-preformatted\"><\/pre>\n\n\n\n<p>\u2709 Avenue Brugmann, 76 \u2013 1190 Bruxelles<\/p>\n\n\n\n<p>\u260f 02\/644.68.87 (accompagnement) ou 02\/644.68.90 (direction)\n&nbsp;<\/p>\n\n\n\n<p>SMS\/WhatsApp&nbsp;: 476\/45.05.28 <\/p>\n\n\n\n<p>Fax : 02\/644.68.91<\/p>\n\n\n\n<p><a href=\"mailto:sa@infosourds.be\">sa@infosourds.be<\/a> ou <a href=\"mailto:direction@infosourds.be\">direction@infosourds.be<\/a><\/p>\n\n\n\n<p><strong><em>Que proposons-nous&nbsp;?<\/em><\/strong><\/p>\n\n\n\n<p>Nous aidons les b\u00e9n\u00e9ficiaires \u00e0 r\u00e9aliser au mieux leurs projets d\u2019autonomie, d\u2019\u00e9panouissement personnel et de participation sociale. Pour cela, nous procurons l\u2019information, l\u2019orientation, l\u2019accompagnement, le soutien et les apprentissages n\u00e9cessaires pour r\u00e9pondre \u00e0 leurs besoins dans tous les actes et d\u00e9marches de la vie courante notamment en mati\u00e8re de<\/p>\n\n\n\n<ul class=\"wp-block-list\"><li>logement<\/li><li>travail<\/li><li>formation<\/li><li>famille<\/li><li>gestion budg\u00e9taire<\/li><li>gestion administrative<\/li><li>loisirs<\/li><li>sant\u00e9<\/li><\/ul>\n\n\n\n<p><strong><em>Comment ?<\/em><\/strong><\/p>\n\n\n\n<p>Nous travaillons \u00e0 partir de la demande du b\u00e9n\u00e9ficiaire qui est acteur de son projet. Nous proc\u00e9dons \u00e0 une analyse de la demande qui se veut globale et pluridimensionnelle.<br>L\u2019accompagnement est individualis\u00e9 et permet d\u2019ajuster \u00e0 chaque situation le mode d\u2019action adapt\u00e9 au b\u00e9n\u00e9ficiaire.<br>La communication entre le b\u00e9n\u00e9ficiaire et l\u2019accompagnatrice se fait gr\u00e2ce \u00e0 la langue des signes (LSFB) et\/ou avec oralisation, avec supports visuels (mots adapt\u00e9s, images, sch\u00e9mas, \u2026). C\u2019est cela qui fait la sp\u00e9cificit\u00e9 du service d\u2019accompagnement d\u2019Info Sourds.<br>L\u2019accompagnement est un travail en milieu ouvert, il s\u2019effectue dans le milieu de vie du b\u00e9n\u00e9ficiaire. Les rendez-vous peuvent se faire tant \u00e0 domicile, sur le lieu de travail, dans les bureaux du service ou dans tout autre lieu tiers<\/p>\n\n\n\n<p><strong><em>Pour qui ?<\/em><\/strong><\/p>\n\n\n\n<p>Nous nous adressons aux&nbsp;:<\/p>\n\n\n\n<ul class=\"wp-block-list\"><li>Personnes sourdes ou malentendantes, signants ou non<\/li><li>Majeurs<\/li><li>R\u00e9sidant en R\u00e9gion de Bruxelles-Capitale<\/li><li>R\u00e9pondant aux crit\u00e8res d\u2019admission au service PHARE<\/li><\/ul>\n\n\n\n<p><a href=\"https:\/\/www.infosourds.be\/\">https:\/\/www.infosourds.be\/<\/a><\/p>\n\n\n\n<p><\/p>\n","protected":false},"excerpt":{"rendered":"<p>\u2709 Avenue Brugmann, 76 \u2013 1190 Bruxelles \u260f 02\/644.68.87 (accompagnement) ou 02\/644.68.90 (direction) &nbsp; SMS\/WhatsApp&nbsp;: 476\/45.05.28 Fax : 02\/644.68.91 sa@infosourds.be ou direction@infosourds.be Que proposons-nous&nbsp;? Nous aidons les b\u00e9n\u00e9ficiaires \u00e0 r\u00e9aliser au mieux leurs projets d\u2019autonomie, d\u2019\u00e9panouissement personnel et de participation sociale. Pour cela, nous procurons l\u2019information, l\u2019orientation, l\u2019accompagnement, le soutien et les apprentissages n\u00e9cessaires pour <a href=\"https:\/\/asah-bxl.be\/index.php\/services\/info-sourds\/\" rel=\"nofollow\"><span class=\"sr-only\">En savoir plus surInfo Sourds<\/span>[&hellip;]<\/a><\/p>\n","protected":false},"author":1,"featured_media":0,"parent":98,"menu_order":0,"comment_status":"closed","ping_status":"closed","template":"","meta":{"_bbp_topic_count":0,"_bbp_reply_count":0,"_bbp_total_topic_count":0,"_bbp_total_reply_count":0,"_bbp_voice_count":0,"_bbp_anonymous_reply_count":0,"_bbp_topic_count_hidden":0,"_bbp_reply_count_hidden":0,"_bbp_forum_subforum_count":0,"footnotes":""},"class_list":["post-142","page","type-page","status-publish","hentry"],"yoast_head":"<!-- This site is optimized with the Yoast SEO plugin v23.4 - https:\/\/yoast.com\/wordpress\/plugins\/seo\/ -->\n<title>Info Sourds - ASAH-BXL<\/title>\n<meta name=\"robots\" content=\"index, follow, max-snippet:-1, max-image-preview:large, max-video-preview:-1\" \/>\n<link rel=\"canonical\" href=\"https:\/\/asah-bxl.be\/index.php\/services\/info-sourds\/\" \/>\n<meta property=\"og:locale\" content=\"fr_FR\" \/>\n<meta property=\"og:type\" content=\"article\" \/>\n<meta property=\"og:title\" content=\"Info Sourds - ASAH-BXL\" \/>\n<meta property=\"og:description\" content=\"\u2709 Avenue Brugmann, 76 \u2013 1190 Bruxelles \u260f 02\/644.68.87 (accompagnement) ou 02\/644.68.90 (direction) &nbsp; SMS\/WhatsApp&nbsp;: 476\/45.05.28 Fax : 02\/644.68.91 sa@infosourds.be ou direction@infosourds.be Que proposons-nous&nbsp;? Nous aidons les b\u00e9n\u00e9ficiaires \u00e0 r\u00e9aliser au mieux leurs projets d\u2019autonomie, d\u2019\u00e9panouissement personnel et de participation sociale. Pour cela, nous procurons l\u2019information, l\u2019orientation, l\u2019accompagnement, le soutien et les apprentissages n\u00e9cessaires pour En savoir plus surInfo Sourds[&hellip;]\" \/>\n<meta property=\"og:url\" content=\"https:\/\/asah-bxl.be\/index.php\/services\/info-sourds\/\" \/>\n<meta property=\"og:site_name\" content=\"ASAH-BXL\" \/>\n<meta property=\"article:modified_time\" content=\"2022-10-12T09:49:17+00:00\" \/>\n<meta property=\"og:image\" content=\"http:\/\/asah-bxl.be\/wp-content\/uploads\/2020\/02\/logo-info-sourds.png\" \/>\n<meta name=\"twitter:card\" content=\"summary_large_image\" \/>\n<meta name=\"twitter:label1\" content=\"Dur\u00e9e de lecture estim\u00e9e\" \/>\n\t<meta name=\"twitter:data1\" content=\"2 minutes\" \/>\n<script type=\"application\/ld+json\" class=\"yoast-schema-graph\">{\"@context\":\"https:\/\/schema.org\",\"@graph\":[{\"@type\":\"WebPage\",\"@id\":\"https:\/\/asah-bxl.be\/index.php\/services\/info-sourds\/\",\"url\":\"https:\/\/asah-bxl.be\/index.php\/services\/info-sourds\/\",\"name\":\"Info Sourds - ASAH-BXL\",\"isPartOf\":{\"@id\":\"https:\/\/asah-bxl.be\/#website\"},\"primaryImageOfPage\":{\"@id\":\"https:\/\/asah-bxl.be\/index.php\/services\/info-sourds\/#primaryimage\"},\"image\":{\"@id\":\"https:\/\/asah-bxl.be\/index.php\/services\/info-sourds\/#primaryimage\"},\"thumbnailUrl\":\"http:\/\/asah-bxl.be\/wp-content\/uploads\/2020\/02\/logo-info-sourds.png\",\"datePublished\":\"2020-02-14T10:32:13+00:00\",\"dateModified\":\"2022-10-12T09:49:17+00:00\",\"breadcrumb\":{\"@id\":\"https:\/\/asah-bxl.be\/index.php\/services\/info-sourds\/#breadcrumb\"},\"inLanguage\":\"fr-FR\",\"potentialAction\":[{\"@type\":\"ReadAction\",\"target\":[\"https:\/\/asah-bxl.be\/index.php\/services\/info-sourds\/\"]}]},{\"@type\":\"ImageObject\",\"inLanguage\":\"fr-FR\",\"@id\":\"https:\/\/asah-bxl.be\/index.php\/services\/info-sourds\/#primaryimage\",\"url\":\"http:\/\/asah-bxl.be\/wp-content\/uploads\/2020\/02\/logo-info-sourds.png\",\"contentUrl\":\"http:\/\/asah-bxl.be\/wp-content\/uploads\/2020\/02\/logo-info-sourds.png\"},{\"@type\":\"BreadcrumbList\",\"@id\":\"https:\/\/asah-bxl.be\/index.php\/services\/info-sourds\/#breadcrumb\",\"itemListElement\":[{\"@type\":\"ListItem\",\"position\":1,\"name\":\"Accueil\",\"item\":\"https:\/\/asah-bxl.be\/\"},{\"@type\":\"ListItem\",\"position\":2,\"name\":\"Services\",\"item\":\"https:\/\/asah-bxl.be\/index.php\/services\/\"},{\"@type\":\"ListItem\",\"position\":3,\"name\":\"Info Sourds\"}]},{\"@type\":\"WebSite\",\"@id\":\"https:\/\/asah-bxl.be\/#website\",\"url\":\"https:\/\/asah-bxl.be\/\",\"name\":\"ASAH-BXL\",\"description\":\"\",\"publisher\":{\"@id\":\"https:\/\/asah-bxl.be\/#organization\"},\"potentialAction\":[{\"@type\":\"SearchAction\",\"target\":{\"@type\":\"EntryPoint\",\"urlTemplate\":\"https:\/\/asah-bxl.be\/?s={search_term_string}\"},\"query-input\":{\"@type\":\"PropertyValueSpecification\",\"valueRequired\":true,\"valueName\":\"search_term_string\"}}],\"inLanguage\":\"fr-FR\"},{\"@type\":\"Organization\",\"@id\":\"https:\/\/asah-bxl.be\/#organization\",\"name\":\"ASAH-BXL\",\"url\":\"https:\/\/asah-bxl.be\/\",\"logo\":{\"@type\":\"ImageObject\",\"inLanguage\":\"fr-FR\",\"@id\":\"https:\/\/asah-bxl.be\/#\/schema\/logo\/image\/\",\"url\":\"https:\/\/asah-bxl.be\/wp-content\/uploads\/2020\/02\/cropped-Sans-titre-6-3-9.png\",\"contentUrl\":\"https:\/\/asah-bxl.be\/wp-content\/uploads\/2020\/02\/cropped-Sans-titre-6-3-9.png\",\"width\":724,\"height\":528,\"caption\":\"ASAH-BXL\"},\"image\":{\"@id\":\"https:\/\/asah-bxl.be\/#\/schema\/logo\/image\/\"}}]}<\/script>\n<!-- \/ Yoast SEO plugin. -->","yoast_head_json":{"title":"Info Sourds - ASAH-BXL","robots":{"index":"index","follow":"follow","max-snippet":"max-snippet:-1","max-image-preview":"max-image-preview:large","max-video-preview":"max-video-preview:-1"},"canonical":"https:\/\/asah-bxl.be\/index.php\/services\/info-sourds\/","og_locale":"fr_FR","og_type":"article","og_title":"Info Sourds - ASAH-BXL","og_description":"\u2709 Avenue Brugmann, 76 \u2013 1190 Bruxelles \u260f 02\/644.68.87 (accompagnement) ou 02\/644.68.90 (direction) &nbsp; SMS\/WhatsApp&nbsp;: 476\/45.05.28 Fax : 02\/644.68.91 sa@infosourds.be ou direction@infosourds.be Que proposons-nous&nbsp;? Nous aidons les b\u00e9n\u00e9ficiaires \u00e0 r\u00e9aliser au mieux leurs projets d\u2019autonomie, d\u2019\u00e9panouissement personnel et de participation sociale. Pour cela, nous procurons l\u2019information, l\u2019orientation, l\u2019accompagnement, le soutien et les apprentissages n\u00e9cessaires pour En savoir plus surInfo Sourds[&hellip;]","og_url":"https:\/\/asah-bxl.be\/index.php\/services\/info-sourds\/","og_site_name":"ASAH-BXL","article_modified_time":"2022-10-12T09:49:17+00:00","og_image":[{"url":"http:\/\/asah-bxl.be\/wp-content\/uploads\/2020\/02\/logo-info-sourds.png"}],"twitter_card":"summary_large_image","twitter_misc":{"Dur\u00e9e de lecture estim\u00e9e":"2 minutes"},"schema":{"@context":"https:\/\/schema.org","@graph":[{"@type":"WebPage","@id":"https:\/\/asah-bxl.be\/index.php\/services\/info-sourds\/","url":"https:\/\/asah-bxl.be\/index.php\/services\/info-sourds\/","name":"Info Sourds - ASAH-BXL","isPartOf":{"@id":"https:\/\/asah-bxl.be\/#website"},"primaryImageOfPage":{"@id":"https:\/\/asah-bxl.be\/index.php\/services\/info-sourds\/#primaryimage"},"image":{"@id":"https:\/\/asah-bxl.be\/index.php\/services\/info-sourds\/#primaryimage"},"thumbnailUrl":"http:\/\/asah-bxl.be\/wp-content\/uploads\/2020\/02\/logo-info-sourds.png","datePublished":"2020-02-14T10:32:13+00:00","dateModified":"2022-10-12T09:49:17+00:00","breadcrumb":{"@id":"https:\/\/asah-bxl.be\/index.php\/services\/info-sourds\/#breadcrumb"},"inLanguage":"fr-FR","potentialAction":[{"@type":"ReadAction","target":["https:\/\/asah-bxl.be\/index.php\/services\/info-sourds\/"]}]},{"@type":"ImageObject","inLanguage":"fr-FR","@id":"https:\/\/asah-bxl.be\/index.php\/services\/info-sourds\/#primaryimage","url":"http:\/\/asah-bxl.be\/wp-content\/uploads\/2020\/02\/logo-info-sourds.png","contentUrl":"http:\/\/asah-bxl.be\/wp-content\/uploads\/2020\/02\/logo-info-sourds.png"},{"@type":"BreadcrumbList","@id":"https:\/\/asah-bxl.be\/index.php\/services\/info-sourds\/#breadcrumb","itemListElement":[{"@type":"ListItem","position":1,"name":"Accueil","item":"https:\/\/asah-bxl.be\/"},{"@type":"ListItem","position":2,"name":"Services","item":"https:\/\/asah-bxl.be\/index.php\/services\/"},{"@type":"ListItem","position":3,"name":"Info Sourds"}]},{"@type":"WebSite","@id":"https:\/\/asah-bxl.be\/#website","url":"https:\/\/asah-bxl.be\/","name":"ASAH-BXL","description":"","publisher":{"@id":"https:\/\/asah-bxl.be\/#organization"},"potentialAction":[{"@type":"SearchAction","target":{"@type":"EntryPoint","urlTemplate":"https:\/\/asah-bxl.be\/?s={search_term_string}"},"query-input":{"@type":"PropertyValueSpecification","valueRequired":true,"valueName":"search_term_string"}}],"inLanguage":"fr-FR"},{"@type":"Organization","@id":"https:\/\/asah-bxl.be\/#organization","name":"ASAH-BXL","url":"https:\/\/asah-bxl.be\/","logo":{"@type":"ImageObject","inLanguage":"fr-FR","@id":"https:\/\/asah-bxl.be\/#\/schema\/logo\/image\/","url":"https:\/\/asah-bxl.be\/wp-content\/uploads\/2020\/02\/cropped-Sans-titre-6-3-9.png","contentUrl":"https:\/\/asah-bxl.be\/wp-content\/uploads\/2020\/02\/cropped-Sans-titre-6-3-9.png","width":724,"height":528,"caption":"ASAH-BXL"},"image":{"@id":"https:\/\/asah-bxl.be\/#\/schema\/logo\/image\/"}}]}},"_links":{"self":[{"href":"https:\/\/asah-bxl.be\/index.php\/wp-json\/wp\/v2\/pages\/142","targetHints":{"allow":["GET"]}}],"collection":[{"href":"https:\/\/asah-bxl.be\/index.php\/wp-json\/wp\/v2\/pages"}],"about":[{"href":"https:\/\/asah-bxl.be\/index.php\/wp-json\/wp\/v2\/types\/page"}],"author":[{"embeddable":true,"href":"https:\/\/asah-bxl.be\/index.php\/wp-json\/wp\/v2\/users\/1"}],"replies":[{"embeddable":true,"href":"https:\/\/asah-bxl.be\/index.php\/wp-json\/wp\/v2\/comments?post=142"}],"version-history":[{"count":6,"href":"https:\/\/asah-bxl.be\/index.php\/wp-json\/wp\/v2\/pages\/142\/revisions"}],"predecessor-version":[{"id":714,"href":"https:\/\/asah-bxl.be\/index.php\/wp-json\/wp\/v2\/pages\/142\/revisions\/714"}],"up":[{"embeddable":true,"href":"https:\/\/asah-bxl.be\/index.php\/wp-json\/wp\/v2\/pages\/98"}],"wp:attachment":[{"href":"https:\/\/asah-bxl.be\/index.php\/wp-json\/wp\/v2\/media?parent=142"}],"curies":[{"name":"wp","href":"https:\/\/api.w.org\/{rel}","templated":true}]}}