{"id":145,"date":"2020-02-14T11:32:13","date_gmt":"2020-02-14T10:32:13","guid":{"rendered":"http:\/\/asah-bxl.be\/?page_id=145"},"modified":"2022-10-20T11:11:11","modified_gmt":"2022-10-20T09:11:11","slug":"maison-des-pilifs","status":"publish","type":"page","link":"https:\/\/asah-bxl.be\/index.php\/services\/maison-des-pilifs\/","title":{"rendered":"Maison des Pilifs"},"content":{"rendered":"\n<pre class=\"wp-block-preformatted\"><\/pre>\n\n\n\n<figure class=\"wp-block-image size-large is-resized\"><img fetchpriority=\"high\" decoding=\"async\" src=\"https:\/\/asah-bxl.be\/wp-content\/uploads\/2020\/02\/ESSAI-LOGO-17-maison-des-pilifs.png\" alt=\"\" class=\"wp-image-445\" width=\"321\" height=\"349\" srcset=\"https:\/\/asah-bxl.be\/wp-content\/uploads\/2020\/02\/ESSAI-LOGO-17-maison-des-pilifs.png 920w, https:\/\/asah-bxl.be\/wp-content\/uploads\/2020\/02\/ESSAI-LOGO-17-maison-des-pilifs-275x300.png 275w, https:\/\/asah-bxl.be\/wp-content\/uploads\/2020\/02\/ESSAI-LOGO-17-maison-des-pilifs-768x838.png 768w\" sizes=\"(max-width: 321px) 100vw, 321px\" \/><\/figure>\n\n\n\n<pre class=\"wp-block-preformatted\"><\/pre>\n\n\n\n<p>\u2709\nPlace Peter Beno\u00eet 3 &#8211; 1120 Bruxelles<\/p>\n\n\n\n<p><strong>\u260f<\/strong>  02\/268.62.23<\/p>\n\n\n\n<p><strong><em>@<\/em><\/strong>  maison@maisondespilifs.be<\/p>\n\n\n\n<p>Service d&rsquo;accompagnement dans tous les actes quotidiens, gestion de logement autonomes ou encadr\u00e9s, centre de loisirs, atelier de transition et de pr\u00e9paration \u00e0 la retraite.<\/p>\n\n\n\n<p>&#8211; Enfants en \u00e2ge scolaire (\u00e0 partir de 6 ans) et adultes<br>&#8211; La reconnaissance par PHARE est indispensable<\/p>\n\n\n\n<p>&#8211; Service d&rsquo;accompagnement qui offre un soutien \u00e0 l&rsquo;autonomie dans les actes de la vie quotidienne, y compris administratif<br>&#8211; Accompagnement en milieu ouvert<br>&#8211; Gestion de logements accompagn\u00e9s : logement mis \u00e0 la disposition de la personne pour une dur\u00e9e d\u00e9termin\u00e9e et renouvelable<br>&#8211; Recherche d&#8217;emplois, d&rsquo;un logement, de loisirs<br>&#8211; Apprentissages divers (lecture, calcul&#8230;)<br>&#8211; Ateliers de transition et de pr\u00e9paration \u00e0 la retraite<br>&#8211; Club de loisirs : sports, ateliers artistiques, formations (initiation \u00e0 l&rsquo;informatique et \u00e0 internet), cuisine, cin\u00e9-club, excursions culturelles, jeux de soci\u00e9t\u00e9, activit\u00e9s ludiques<\/p>\n\n\n\n<p><a href=\"http:\/\/www.maisondespilifs.be\/\">http:\/\/www.maisondespilifs.be\/<\/a><\/p>\n","protected":false},"excerpt":{"rendered":"<p>\u2709 Place Peter Beno\u00eet 3 &#8211; 1120 Bruxelles \u260f 02\/268.62.23 @ maison@maisondespilifs.be Service d&rsquo;accompagnement dans tous les actes quotidiens, gestion de logement autonomes ou encadr\u00e9s, centre de loisirs, atelier de transition et de pr\u00e9paration \u00e0 la retraite. &#8211; Enfants en \u00e2ge scolaire (\u00e0 partir de 6 ans) et adultes&#8211; La reconnaissance par PHARE est indispensable <a href=\"https:\/\/asah-bxl.be\/index.php\/services\/maison-des-pilifs\/\" rel=\"nofollow\"><span class=\"sr-only\">En savoir plus surMaison des Pilifs<\/span>[&hellip;]<\/a><\/p>\n","protected":false},"author":1,"featured_media":0,"parent":98,"menu_order":0,"comment_status":"closed","ping_status":"closed","template":"","meta":{"_bbp_topic_count":0,"_bbp_reply_count":0,"_bbp_total_topic_count":0,"_bbp_total_reply_count":0,"_bbp_voice_count":0,"_bbp_anonymous_reply_count":0,"_bbp_topic_count_hidden":0,"_bbp_reply_count_hidden":0,"_bbp_forum_subforum_count":0,"footnotes":""},"class_list":["post-145","page","type-page","status-publish","hentry"],"yoast_head":"<!-- This site is optimized with the Yoast SEO plugin v23.4 - https:\/\/yoast.com\/wordpress\/plugins\/seo\/ -->\n<title>Maison des Pilifs - ASAH-BXL<\/title>\n<meta name=\"robots\" content=\"index, follow, max-snippet:-1, max-image-preview:large, max-video-preview:-1\" \/>\n<link rel=\"canonical\" href=\"https:\/\/asah-bxl.be\/index.php\/services\/maison-des-pilifs\/\" \/>\n<meta property=\"og:locale\" content=\"fr_FR\" \/>\n<meta property=\"og:type\" content=\"article\" \/>\n<meta property=\"og:title\" content=\"Maison des Pilifs - ASAH-BXL\" \/>\n<meta property=\"og:description\" content=\"\u2709 Place Peter Beno\u00eet 3 &#8211; 1120 Bruxelles \u260f 02\/268.62.23 @ maison@maisondespilifs.be Service d&rsquo;accompagnement dans tous les actes quotidiens, gestion de logement autonomes ou encadr\u00e9s, centre de loisirs, atelier de transition et de pr\u00e9paration \u00e0 la retraite. &#8211; Enfants en \u00e2ge scolaire (\u00e0 partir de 6 ans) et adultes&#8211; La reconnaissance par PHARE est indispensable En savoir plus surMaison des Pilifs[&hellip;]\" \/>\n<meta property=\"og:url\" content=\"https:\/\/asah-bxl.be\/index.php\/services\/maison-des-pilifs\/\" \/>\n<meta property=\"og:site_name\" content=\"ASAH-BXL\" \/>\n<meta property=\"article:modified_time\" content=\"2022-10-20T09:11:11+00:00\" \/>\n<meta property=\"og:image\" content=\"http:\/\/asah-bxl.be\/wp-content\/uploads\/2020\/02\/ESSAI-LOGO-17-maison-des-pilifs.png\" \/>\n<meta name=\"twitter:card\" content=\"summary_large_image\" \/>\n<meta name=\"twitter:label1\" content=\"Dur\u00e9e de lecture estim\u00e9e\" \/>\n\t<meta name=\"twitter:data1\" content=\"1 minute\" \/>\n<script type=\"application\/ld+json\" class=\"yoast-schema-graph\">{\"@context\":\"https:\/\/schema.org\",\"@graph\":[{\"@type\":\"WebPage\",\"@id\":\"https:\/\/asah-bxl.be\/index.php\/services\/maison-des-pilifs\/\",\"url\":\"https:\/\/asah-bxl.be\/index.php\/services\/maison-des-pilifs\/\",\"name\":\"Maison des Pilifs - ASAH-BXL\",\"isPartOf\":{\"@id\":\"https:\/\/asah-bxl.be\/#website\"},\"primaryImageOfPage\":{\"@id\":\"https:\/\/asah-bxl.be\/index.php\/services\/maison-des-pilifs\/#primaryimage\"},\"image\":{\"@id\":\"https:\/\/asah-bxl.be\/index.php\/services\/maison-des-pilifs\/#primaryimage\"},\"thumbnailUrl\":\"http:\/\/asah-bxl.be\/wp-content\/uploads\/2020\/02\/ESSAI-LOGO-17-maison-des-pilifs.png\",\"datePublished\":\"2020-02-14T10:32:13+00:00\",\"dateModified\":\"2022-10-20T09:11:11+00:00\",\"breadcrumb\":{\"@id\":\"https:\/\/asah-bxl.be\/index.php\/services\/maison-des-pilifs\/#breadcrumb\"},\"inLanguage\":\"fr-FR\",\"potentialAction\":[{\"@type\":\"ReadAction\",\"target\":[\"https:\/\/asah-bxl.be\/index.php\/services\/maison-des-pilifs\/\"]}]},{\"@type\":\"ImageObject\",\"inLanguage\":\"fr-FR\",\"@id\":\"https:\/\/asah-bxl.be\/index.php\/services\/maison-des-pilifs\/#primaryimage\",\"url\":\"http:\/\/asah-bxl.be\/wp-content\/uploads\/2020\/02\/ESSAI-LOGO-17-maison-des-pilifs.png\",\"contentUrl\":\"http:\/\/asah-bxl.be\/wp-content\/uploads\/2020\/02\/ESSAI-LOGO-17-maison-des-pilifs.png\"},{\"@type\":\"BreadcrumbList\",\"@id\":\"https:\/\/asah-bxl.be\/index.php\/services\/maison-des-pilifs\/#breadcrumb\",\"itemListElement\":[{\"@type\":\"ListItem\",\"position\":1,\"name\":\"Accueil\",\"item\":\"https:\/\/asah-bxl.be\/\"},{\"@type\":\"ListItem\",\"position\":2,\"name\":\"Services\",\"item\":\"https:\/\/asah-bxl.be\/index.php\/services\/\"},{\"@type\":\"ListItem\",\"position\":3,\"name\":\"Maison des Pilifs\"}]},{\"@type\":\"WebSite\",\"@id\":\"https:\/\/asah-bxl.be\/#website\",\"url\":\"https:\/\/asah-bxl.be\/\",\"name\":\"ASAH-BXL\",\"description\":\"\",\"publisher\":{\"@id\":\"https:\/\/asah-bxl.be\/#organization\"},\"potentialAction\":[{\"@type\":\"SearchAction\",\"target\":{\"@type\":\"EntryPoint\",\"urlTemplate\":\"https:\/\/asah-bxl.be\/?s={search_term_string}\"},\"query-input\":{\"@type\":\"PropertyValueSpecification\",\"valueRequired\":true,\"valueName\":\"search_term_string\"}}],\"inLanguage\":\"fr-FR\"},{\"@type\":\"Organization\",\"@id\":\"https:\/\/asah-bxl.be\/#organization\",\"name\":\"ASAH-BXL\",\"url\":\"https:\/\/asah-bxl.be\/\",\"logo\":{\"@type\":\"ImageObject\",\"inLanguage\":\"fr-FR\",\"@id\":\"https:\/\/asah-bxl.be\/#\/schema\/logo\/image\/\",\"url\":\"https:\/\/asah-bxl.be\/wp-content\/uploads\/2020\/02\/cropped-Sans-titre-6-3-9.png\",\"contentUrl\":\"https:\/\/asah-bxl.be\/wp-content\/uploads\/2020\/02\/cropped-Sans-titre-6-3-9.png\",\"width\":724,\"height\":528,\"caption\":\"ASAH-BXL\"},\"image\":{\"@id\":\"https:\/\/asah-bxl.be\/#\/schema\/logo\/image\/\"}}]}<\/script>\n<!-- \/ Yoast SEO plugin. -->","yoast_head_json":{"title":"Maison des Pilifs - ASAH-BXL","robots":{"index":"index","follow":"follow","max-snippet":"max-snippet:-1","max-image-preview":"max-image-preview:large","max-video-preview":"max-video-preview:-1"},"canonical":"https:\/\/asah-bxl.be\/index.php\/services\/maison-des-pilifs\/","og_locale":"fr_FR","og_type":"article","og_title":"Maison des Pilifs - ASAH-BXL","og_description":"\u2709 Place Peter Beno\u00eet 3 &#8211; 1120 Bruxelles \u260f 02\/268.62.23 @ maison@maisondespilifs.be Service d&rsquo;accompagnement dans tous les actes quotidiens, gestion de logement autonomes ou encadr\u00e9s, centre de loisirs, atelier de transition et de pr\u00e9paration \u00e0 la retraite. &#8211; Enfants en \u00e2ge scolaire (\u00e0 partir de 6 ans) et adultes&#8211; La reconnaissance par PHARE est indispensable En savoir plus surMaison des Pilifs[&hellip;]","og_url":"https:\/\/asah-bxl.be\/index.php\/services\/maison-des-pilifs\/","og_site_name":"ASAH-BXL","article_modified_time":"2022-10-20T09:11:11+00:00","og_image":[{"url":"http:\/\/asah-bxl.be\/wp-content\/uploads\/2020\/02\/ESSAI-LOGO-17-maison-des-pilifs.png"}],"twitter_card":"summary_large_image","twitter_misc":{"Dur\u00e9e de lecture estim\u00e9e":"1 minute"},"schema":{"@context":"https:\/\/schema.org","@graph":[{"@type":"WebPage","@id":"https:\/\/asah-bxl.be\/index.php\/services\/maison-des-pilifs\/","url":"https:\/\/asah-bxl.be\/index.php\/services\/maison-des-pilifs\/","name":"Maison des Pilifs - ASAH-BXL","isPartOf":{"@id":"https:\/\/asah-bxl.be\/#website"},"primaryImageOfPage":{"@id":"https:\/\/asah-bxl.be\/index.php\/services\/maison-des-pilifs\/#primaryimage"},"image":{"@id":"https:\/\/asah-bxl.be\/index.php\/services\/maison-des-pilifs\/#primaryimage"},"thumbnailUrl":"http:\/\/asah-bxl.be\/wp-content\/uploads\/2020\/02\/ESSAI-LOGO-17-maison-des-pilifs.png","datePublished":"2020-02-14T10:32:13+00:00","dateModified":"2022-10-20T09:11:11+00:00","breadcrumb":{"@id":"https:\/\/asah-bxl.be\/index.php\/services\/maison-des-pilifs\/#breadcrumb"},"inLanguage":"fr-FR","potentialAction":[{"@type":"ReadAction","target":["https:\/\/asah-bxl.be\/index.php\/services\/maison-des-pilifs\/"]}]},{"@type":"ImageObject","inLanguage":"fr-FR","@id":"https:\/\/asah-bxl.be\/index.php\/services\/maison-des-pilifs\/#primaryimage","url":"http:\/\/asah-bxl.be\/wp-content\/uploads\/2020\/02\/ESSAI-LOGO-17-maison-des-pilifs.png","contentUrl":"http:\/\/asah-bxl.be\/wp-content\/uploads\/2020\/02\/ESSAI-LOGO-17-maison-des-pilifs.png"},{"@type":"BreadcrumbList","@id":"https:\/\/asah-bxl.be\/index.php\/services\/maison-des-pilifs\/#breadcrumb","itemListElement":[{"@type":"ListItem","position":1,"name":"Accueil","item":"https:\/\/asah-bxl.be\/"},{"@type":"ListItem","position":2,"name":"Services","item":"https:\/\/asah-bxl.be\/index.php\/services\/"},{"@type":"ListItem","position":3,"name":"Maison des Pilifs"}]},{"@type":"WebSite","@id":"https:\/\/asah-bxl.be\/#website","url":"https:\/\/asah-bxl.be\/","name":"ASAH-BXL","description":"","publisher":{"@id":"https:\/\/asah-bxl.be\/#organization"},"potentialAction":[{"@type":"SearchAction","target":{"@type":"EntryPoint","urlTemplate":"https:\/\/asah-bxl.be\/?s={search_term_string}"},"query-input":{"@type":"PropertyValueSpecification","valueRequired":true,"valueName":"search_term_string"}}],"inLanguage":"fr-FR"},{"@type":"Organization","@id":"https:\/\/asah-bxl.be\/#organization","name":"ASAH-BXL","url":"https:\/\/asah-bxl.be\/","logo":{"@type":"ImageObject","inLanguage":"fr-FR","@id":"https:\/\/asah-bxl.be\/#\/schema\/logo\/image\/","url":"https:\/\/asah-bxl.be\/wp-content\/uploads\/2020\/02\/cropped-Sans-titre-6-3-9.png","contentUrl":"https:\/\/asah-bxl.be\/wp-content\/uploads\/2020\/02\/cropped-Sans-titre-6-3-9.png","width":724,"height":528,"caption":"ASAH-BXL"},"image":{"@id":"https:\/\/asah-bxl.be\/#\/schema\/logo\/image\/"}}]}},"_links":{"self":[{"href":"https:\/\/asah-bxl.be\/index.php\/wp-json\/wp\/v2\/pages\/145","targetHints":{"allow":["GET"]}}],"collection":[{"href":"https:\/\/asah-bxl.be\/index.php\/wp-json\/wp\/v2\/pages"}],"about":[{"href":"https:\/\/asah-bxl.be\/index.php\/wp-json\/wp\/v2\/types\/page"}],"author":[{"embeddable":true,"href":"https:\/\/asah-bxl.be\/index.php\/wp-json\/wp\/v2\/users\/1"}],"replies":[{"embeddable":true,"href":"https:\/\/asah-bxl.be\/index.php\/wp-json\/wp\/v2\/comments?post=145"}],"version-history":[{"count":7,"href":"https:\/\/asah-bxl.be\/index.php\/wp-json\/wp\/v2\/pages\/145\/revisions"}],"predecessor-version":[{"id":746,"href":"https:\/\/asah-bxl.be\/index.php\/wp-json\/wp\/v2\/pages\/145\/revisions\/746"}],"up":[{"embeddable":true,"href":"https:\/\/asah-bxl.be\/index.php\/wp-json\/wp\/v2\/pages\/98"}],"wp:attachment":[{"href":"https:\/\/asah-bxl.be\/index.php\/wp-json\/wp\/v2\/media?parent=145"}],"curies":[{"name":"wp","href":"https:\/\/api.w.org\/{rel}","templated":true}]}}