{"id":147,"date":"2020-02-14T11:32:13","date_gmt":"2020-02-14T10:32:13","guid":{"rendered":"http:\/\/asah-bxl.be\/?page_id=147"},"modified":"2022-10-20T11:19:27","modified_gmt":"2022-10-20T09:19:27","slug":"ricochet","status":"publish","type":"page","link":"https:\/\/asah-bxl.be\/index.php\/services\/ricochet\/","title":{"rendered":"Ricochet"},"content":{"rendered":"\n<pre class=\"wp-block-preformatted\"><\/pre>\n\n\n\n<figure class=\"wp-block-image size-large\"><img fetchpriority=\"high\" decoding=\"async\" width=\"485\" height=\"135\" src=\"https:\/\/asah-bxl.be\/wp-content\/uploads\/2020\/02\/ricochet.jpg\" alt=\"\" class=\"wp-image-319\" srcset=\"https:\/\/asah-bxl.be\/wp-content\/uploads\/2020\/02\/ricochet.jpg 485w, https:\/\/asah-bxl.be\/wp-content\/uploads\/2020\/02\/ricochet-300x84.jpg 300w\" sizes=\"(max-width: 485px) 100vw, 485px\" \/><\/figure>\n\n\n\n<pre class=\"wp-block-preformatted\"><\/pre>\n\n\n\n<p>\u2709\nPlace du Temps Libre &#8211; 1200 Bruxelles<\/p>\n\n\n\n<p>\u260f\n02\/779.59.39<\/p>\n\n\n\n<p>&nbsp;info@ricochetasbl.be<\/p>\n\n\n\n<p>Le Ricochet est un service d\u2019accompagnement par le parrainage civique avec pour mission compl\u00e9mentaire le logement accompagn\u00e9.<\/p>\n\n\n\n<p>Au-del\u00e0 de cette d\u00e9finition bien officielle, le Ricochet est un service qui accompagne des personnes ayant une d\u00e9ficience intellectuelle dans leur souhait de vivre de la mani\u00e8re la plus autonome possible. Pour ce&nbsp;faire,&nbsp;le Ricochet a orient\u00e9 son travail suivant deux axes :<\/p>\n\n\n\n<p><strong>\u2013 Le parrainage civique :<\/strong>&nbsp;une personne en situation de handicap et une personne volontaire vivent ensemble une activit\u00e9 de loisir chaque mois.<\/p>\n\n\n\n<p><strong>\u2013 Le logement accompagn\u00e9 :<\/strong>&nbsp;le Ricochet met 7 appartements \u00e0 disposition de personnes en situation de handicap afin qu\u2019elles puissent vivre de la mani\u00e8re la plus autonome possible. Un accompagnement de la personne occupant le logement est mis en place.<\/p>\n\n\n\n<p><a href=\"http:\/\/ricochetasbl.be\" target=\"_blank\" rel=\"noreferrer noopener\" aria-label=\"ricochetasbl.be (s\u2019ouvre dans un nouvel onglet)\">ricochetasbl.be<\/a><\/p>\n","protected":false},"excerpt":{"rendered":"<p>\u2709 Place du Temps Libre &#8211; 1200 Bruxelles \u260f 02\/779.59.39 &nbsp;info@ricochetasbl.be Le Ricochet est un service d\u2019accompagnement par le parrainage civique avec pour mission compl\u00e9mentaire le logement accompagn\u00e9. Au-del\u00e0 de cette d\u00e9finition bien officielle, le Ricochet est un service qui accompagne des personnes ayant une d\u00e9ficience intellectuelle dans leur souhait de vivre de la mani\u00e8re <a href=\"https:\/\/asah-bxl.be\/index.php\/services\/ricochet\/\" rel=\"nofollow\"><span class=\"sr-only\">En savoir plus surRicochet<\/span>[&hellip;]<\/a><\/p>\n","protected":false},"author":1,"featured_media":0,"parent":98,"menu_order":0,"comment_status":"closed","ping_status":"closed","template":"","meta":{"_bbp_topic_count":0,"_bbp_reply_count":0,"_bbp_total_topic_count":0,"_bbp_total_reply_count":0,"_bbp_voice_count":0,"_bbp_anonymous_reply_count":0,"_bbp_topic_count_hidden":0,"_bbp_reply_count_hidden":0,"_bbp_forum_subforum_count":0,"footnotes":""},"class_list":["post-147","page","type-page","status-publish","hentry"],"yoast_head":"<!-- This site is optimized with the Yoast SEO plugin v23.4 - https:\/\/yoast.com\/wordpress\/plugins\/seo\/ -->\n<title>Ricochet - ASAH-BXL<\/title>\n<meta name=\"robots\" content=\"index, follow, max-snippet:-1, max-image-preview:large, max-video-preview:-1\" \/>\n<link rel=\"canonical\" href=\"https:\/\/asah-bxl.be\/index.php\/services\/ricochet\/\" \/>\n<meta property=\"og:locale\" content=\"fr_FR\" \/>\n<meta property=\"og:type\" content=\"article\" \/>\n<meta property=\"og:title\" content=\"Ricochet - ASAH-BXL\" \/>\n<meta property=\"og:description\" content=\"\u2709 Place du Temps Libre &#8211; 1200 Bruxelles \u260f 02\/779.59.39 &nbsp;info@ricochetasbl.be Le Ricochet est un service d\u2019accompagnement par le parrainage civique avec pour mission compl\u00e9mentaire le logement accompagn\u00e9. Au-del\u00e0 de cette d\u00e9finition bien officielle, le Ricochet est un service qui accompagne des personnes ayant une d\u00e9ficience intellectuelle dans leur souhait de vivre de la mani\u00e8re En savoir plus surRicochet[&hellip;]\" \/>\n<meta property=\"og:url\" content=\"https:\/\/asah-bxl.be\/index.php\/services\/ricochet\/\" \/>\n<meta property=\"og:site_name\" content=\"ASAH-BXL\" \/>\n<meta property=\"article:modified_time\" content=\"2022-10-20T09:19:27+00:00\" \/>\n<meta property=\"og:image\" content=\"http:\/\/asah-bxl.be\/wp-content\/uploads\/2020\/02\/ricochet.jpg\" \/>\n<meta name=\"twitter:card\" content=\"summary_large_image\" \/>\n<meta name=\"twitter:label1\" content=\"Dur\u00e9e de lecture estim\u00e9e\" \/>\n\t<meta name=\"twitter:data1\" content=\"1 minute\" \/>\n<script type=\"application\/ld+json\" class=\"yoast-schema-graph\">{\"@context\":\"https:\/\/schema.org\",\"@graph\":[{\"@type\":\"WebPage\",\"@id\":\"https:\/\/asah-bxl.be\/index.php\/services\/ricochet\/\",\"url\":\"https:\/\/asah-bxl.be\/index.php\/services\/ricochet\/\",\"name\":\"Ricochet - ASAH-BXL\",\"isPartOf\":{\"@id\":\"https:\/\/asah-bxl.be\/#website\"},\"primaryImageOfPage\":{\"@id\":\"https:\/\/asah-bxl.be\/index.php\/services\/ricochet\/#primaryimage\"},\"image\":{\"@id\":\"https:\/\/asah-bxl.be\/index.php\/services\/ricochet\/#primaryimage\"},\"thumbnailUrl\":\"http:\/\/asah-bxl.be\/wp-content\/uploads\/2020\/02\/ricochet.jpg\",\"datePublished\":\"2020-02-14T10:32:13+00:00\",\"dateModified\":\"2022-10-20T09:19:27+00:00\",\"breadcrumb\":{\"@id\":\"https:\/\/asah-bxl.be\/index.php\/services\/ricochet\/#breadcrumb\"},\"inLanguage\":\"fr-FR\",\"potentialAction\":[{\"@type\":\"ReadAction\",\"target\":[\"https:\/\/asah-bxl.be\/index.php\/services\/ricochet\/\"]}]},{\"@type\":\"ImageObject\",\"inLanguage\":\"fr-FR\",\"@id\":\"https:\/\/asah-bxl.be\/index.php\/services\/ricochet\/#primaryimage\",\"url\":\"http:\/\/asah-bxl.be\/wp-content\/uploads\/2020\/02\/ricochet.jpg\",\"contentUrl\":\"http:\/\/asah-bxl.be\/wp-content\/uploads\/2020\/02\/ricochet.jpg\"},{\"@type\":\"BreadcrumbList\",\"@id\":\"https:\/\/asah-bxl.be\/index.php\/services\/ricochet\/#breadcrumb\",\"itemListElement\":[{\"@type\":\"ListItem\",\"position\":1,\"name\":\"Accueil\",\"item\":\"https:\/\/asah-bxl.be\/\"},{\"@type\":\"ListItem\",\"position\":2,\"name\":\"Services\",\"item\":\"https:\/\/asah-bxl.be\/index.php\/services\/\"},{\"@type\":\"ListItem\",\"position\":3,\"name\":\"Ricochet\"}]},{\"@type\":\"WebSite\",\"@id\":\"https:\/\/asah-bxl.be\/#website\",\"url\":\"https:\/\/asah-bxl.be\/\",\"name\":\"ASAH-BXL\",\"description\":\"\",\"publisher\":{\"@id\":\"https:\/\/asah-bxl.be\/#organization\"},\"potentialAction\":[{\"@type\":\"SearchAction\",\"target\":{\"@type\":\"EntryPoint\",\"urlTemplate\":\"https:\/\/asah-bxl.be\/?s={search_term_string}\"},\"query-input\":{\"@type\":\"PropertyValueSpecification\",\"valueRequired\":true,\"valueName\":\"search_term_string\"}}],\"inLanguage\":\"fr-FR\"},{\"@type\":\"Organization\",\"@id\":\"https:\/\/asah-bxl.be\/#organization\",\"name\":\"ASAH-BXL\",\"url\":\"https:\/\/asah-bxl.be\/\",\"logo\":{\"@type\":\"ImageObject\",\"inLanguage\":\"fr-FR\",\"@id\":\"https:\/\/asah-bxl.be\/#\/schema\/logo\/image\/\",\"url\":\"https:\/\/asah-bxl.be\/wp-content\/uploads\/2020\/02\/cropped-Sans-titre-6-3-9.png\",\"contentUrl\":\"https:\/\/asah-bxl.be\/wp-content\/uploads\/2020\/02\/cropped-Sans-titre-6-3-9.png\",\"width\":724,\"height\":528,\"caption\":\"ASAH-BXL\"},\"image\":{\"@id\":\"https:\/\/asah-bxl.be\/#\/schema\/logo\/image\/\"}}]}<\/script>\n<!-- \/ Yoast SEO plugin. -->","yoast_head_json":{"title":"Ricochet - ASAH-BXL","robots":{"index":"index","follow":"follow","max-snippet":"max-snippet:-1","max-image-preview":"max-image-preview:large","max-video-preview":"max-video-preview:-1"},"canonical":"https:\/\/asah-bxl.be\/index.php\/services\/ricochet\/","og_locale":"fr_FR","og_type":"article","og_title":"Ricochet - ASAH-BXL","og_description":"\u2709 Place du Temps Libre &#8211; 1200 Bruxelles \u260f 02\/779.59.39 &nbsp;info@ricochetasbl.be Le Ricochet est un service d\u2019accompagnement par le parrainage civique avec pour mission compl\u00e9mentaire le logement accompagn\u00e9. Au-del\u00e0 de cette d\u00e9finition bien officielle, le Ricochet est un service qui accompagne des personnes ayant une d\u00e9ficience intellectuelle dans leur souhait de vivre de la mani\u00e8re En savoir plus surRicochet[&hellip;]","og_url":"https:\/\/asah-bxl.be\/index.php\/services\/ricochet\/","og_site_name":"ASAH-BXL","article_modified_time":"2022-10-20T09:19:27+00:00","og_image":[{"url":"http:\/\/asah-bxl.be\/wp-content\/uploads\/2020\/02\/ricochet.jpg"}],"twitter_card":"summary_large_image","twitter_misc":{"Dur\u00e9e de lecture estim\u00e9e":"1 minute"},"schema":{"@context":"https:\/\/schema.org","@graph":[{"@type":"WebPage","@id":"https:\/\/asah-bxl.be\/index.php\/services\/ricochet\/","url":"https:\/\/asah-bxl.be\/index.php\/services\/ricochet\/","name":"Ricochet - ASAH-BXL","isPartOf":{"@id":"https:\/\/asah-bxl.be\/#website"},"primaryImageOfPage":{"@id":"https:\/\/asah-bxl.be\/index.php\/services\/ricochet\/#primaryimage"},"image":{"@id":"https:\/\/asah-bxl.be\/index.php\/services\/ricochet\/#primaryimage"},"thumbnailUrl":"http:\/\/asah-bxl.be\/wp-content\/uploads\/2020\/02\/ricochet.jpg","datePublished":"2020-02-14T10:32:13+00:00","dateModified":"2022-10-20T09:19:27+00:00","breadcrumb":{"@id":"https:\/\/asah-bxl.be\/index.php\/services\/ricochet\/#breadcrumb"},"inLanguage":"fr-FR","potentialAction":[{"@type":"ReadAction","target":["https:\/\/asah-bxl.be\/index.php\/services\/ricochet\/"]}]},{"@type":"ImageObject","inLanguage":"fr-FR","@id":"https:\/\/asah-bxl.be\/index.php\/services\/ricochet\/#primaryimage","url":"http:\/\/asah-bxl.be\/wp-content\/uploads\/2020\/02\/ricochet.jpg","contentUrl":"http:\/\/asah-bxl.be\/wp-content\/uploads\/2020\/02\/ricochet.jpg"},{"@type":"BreadcrumbList","@id":"https:\/\/asah-bxl.be\/index.php\/services\/ricochet\/#breadcrumb","itemListElement":[{"@type":"ListItem","position":1,"name":"Accueil","item":"https:\/\/asah-bxl.be\/"},{"@type":"ListItem","position":2,"name":"Services","item":"https:\/\/asah-bxl.be\/index.php\/services\/"},{"@type":"ListItem","position":3,"name":"Ricochet"}]},{"@type":"WebSite","@id":"https:\/\/asah-bxl.be\/#website","url":"https:\/\/asah-bxl.be\/","name":"ASAH-BXL","description":"","publisher":{"@id":"https:\/\/asah-bxl.be\/#organization"},"potentialAction":[{"@type":"SearchAction","target":{"@type":"EntryPoint","urlTemplate":"https:\/\/asah-bxl.be\/?s={search_term_string}"},"query-input":{"@type":"PropertyValueSpecification","valueRequired":true,"valueName":"search_term_string"}}],"inLanguage":"fr-FR"},{"@type":"Organization","@id":"https:\/\/asah-bxl.be\/#organization","name":"ASAH-BXL","url":"https:\/\/asah-bxl.be\/","logo":{"@type":"ImageObject","inLanguage":"fr-FR","@id":"https:\/\/asah-bxl.be\/#\/schema\/logo\/image\/","url":"https:\/\/asah-bxl.be\/wp-content\/uploads\/2020\/02\/cropped-Sans-titre-6-3-9.png","contentUrl":"https:\/\/asah-bxl.be\/wp-content\/uploads\/2020\/02\/cropped-Sans-titre-6-3-9.png","width":724,"height":528,"caption":"ASAH-BXL"},"image":{"@id":"https:\/\/asah-bxl.be\/#\/schema\/logo\/image\/"}}]}},"_links":{"self":[{"href":"https:\/\/asah-bxl.be\/index.php\/wp-json\/wp\/v2\/pages\/147","targetHints":{"allow":["GET"]}}],"collection":[{"href":"https:\/\/asah-bxl.be\/index.php\/wp-json\/wp\/v2\/pages"}],"about":[{"href":"https:\/\/asah-bxl.be\/index.php\/wp-json\/wp\/v2\/types\/page"}],"author":[{"embeddable":true,"href":"https:\/\/asah-bxl.be\/index.php\/wp-json\/wp\/v2\/users\/1"}],"replies":[{"embeddable":true,"href":"https:\/\/asah-bxl.be\/index.php\/wp-json\/wp\/v2\/comments?post=147"}],"version-history":[{"count":7,"href":"https:\/\/asah-bxl.be\/index.php\/wp-json\/wp\/v2\/pages\/147\/revisions"}],"predecessor-version":[{"id":749,"href":"https:\/\/asah-bxl.be\/index.php\/wp-json\/wp\/v2\/pages\/147\/revisions\/749"}],"up":[{"embeddable":true,"href":"https:\/\/asah-bxl.be\/index.php\/wp-json\/wp\/v2\/pages\/98"}],"wp:attachment":[{"href":"https:\/\/asah-bxl.be\/index.php\/wp-json\/wp\/v2\/media?parent=147"}],"curies":[{"name":"wp","href":"https:\/\/api.w.org\/{rel}","templated":true}]}}