{"id":149,"date":"2020-02-14T11:32:13","date_gmt":"2020-02-14T10:32:13","guid":{"rendered":"http:\/\/asah-bxl.be\/?page_id=149"},"modified":"2024-04-16T15:54:31","modified_gmt":"2024-04-16T13:54:31","slug":"sapham","status":"publish","type":"page","link":"https:\/\/asah-bxl.be\/index.php\/services\/sapham\/","title":{"rendered":"Sapham"},"content":{"rendered":"\n<pre class=\"wp-block-preformatted\"><\/pre>\n\n\n\n<figure class=\"wp-block-image size-large is-resized\"><img fetchpriority=\"high\" decoding=\"async\" width=\"283\" height=\"184\" src=\"https:\/\/asah-bxl.be\/wp-content\/uploads\/2020\/02\/sapham.png\" alt=\"\" class=\"wp-image-286\" style=\"width:388px;height:252px\"\/><\/figure>\n\n\n\n<pre class=\"wp-block-preformatted\"><\/pre>\n\n\n\n<p>\u2709 15E Place de la Vaillance &#8211; 1070 Bruxelles<\/p>\n\n\n\n<p>\u260f\n02\/504.90.10<\/p>\n\n\n\n<p>&nbsp;info@sapham.be<\/p>\n\n\n\n<p>Service d&rsquo;accompagnement pour personnes en situation de handicap intellectuel (et troubles associ\u00e9s) :<\/p>\n\n\n\n<ul class=\"wp-block-list\">\n<li>Accompagnement tout au long de la vie (tous degr\u00e9s de handicap), \u00e0 la demande et en fonction des besoins<\/li>\n\n\n\n<li>Soutien social et psychologique de la famille et de l&rsquo;enfant ou du jeune \u00e0 l&rsquo;\u00e9cole, \u00e0 la maison, dans les lieux de vie et d&rsquo;accueil<\/li>\n\n\n\n<li>Accompagnement des personnes adultes et aide \u00e0 l&rsquo;acquisition d&rsquo;une meilleure autonomie et qualit\u00e9 de vie dans leurs activit\u00e9s, leurs loisirs et leurs lieux de vie<\/li>\n<\/ul>\n\n\n\n<p>Mais aussi&nbsp;:<\/p>\n\n\n\n<p>LA R\u00c9CR\u00c9 : halte-accueil pour enfants de 0 \u00e0 6 ans porteurs d&rsquo;une d\u00e9ficience mentale (capacit\u00e9 : 8 places)<\/p>\n\n\n\n<p>LE PETIT PONT&nbsp;: stages et activit\u00e9s extrascolaires pour enfants et jeunes avec d\u00e9ficience intellectuelle, autisme ou retard de d\u00e9veloppement<\/p>\n\n\n\n<p>LE SELOHAM : organisation d&rsquo;activit\u00e9s de loisirs pour jeunes et adultes toute l\u2019ann\u00e9e et pendant les vacances<\/p>\n\n\n\n<p>LE ZIMZIGO&nbsp;: club de loisirs hebdomadaire pour seniors<\/p>\n\n\n\n<p>LE R\u00c9PIT : organisation d\u2019activit\u00e9s pour personnes adultes avec un handicap de grande d\u00e9pendance<\/p>\n\n\n\n<p><a href=\"http:\/\/www.sapham.be\/\">http:\/\/www.sapham.be\/<\/a><\/p>\n\n\n\n<p><\/p>\n","protected":false},"excerpt":{"rendered":"<p>\u2709 15E Place de la Vaillance &#8211; 1070 Bruxelles \u260f 02\/504.90.10 &nbsp;info@sapham.be Service d&rsquo;accompagnement pour personnes en situation de handicap intellectuel (et troubles associ\u00e9s) : Mais aussi&nbsp;: LA R\u00c9CR\u00c9 : halte-accueil pour enfants de 0 \u00e0 6 ans porteurs d&rsquo;une d\u00e9ficience mentale (capacit\u00e9 : 8 places) LE PETIT PONT&nbsp;: stages et activit\u00e9s extrascolaires pour enfants <a href=\"https:\/\/asah-bxl.be\/index.php\/services\/sapham\/\" rel=\"nofollow\"><span class=\"sr-only\">En savoir plus surSapham<\/span>[&hellip;]<\/a><\/p>\n","protected":false},"author":1,"featured_media":0,"parent":98,"menu_order":0,"comment_status":"closed","ping_status":"closed","template":"","meta":{"_bbp_topic_count":0,"_bbp_reply_count":0,"_bbp_total_topic_count":0,"_bbp_total_reply_count":0,"_bbp_voice_count":0,"_bbp_anonymous_reply_count":0,"_bbp_topic_count_hidden":0,"_bbp_reply_count_hidden":0,"_bbp_forum_subforum_count":0,"footnotes":""},"class_list":["post-149","page","type-page","status-publish","hentry"],"yoast_head":"<!-- This site is optimized with the Yoast SEO plugin v23.4 - https:\/\/yoast.com\/wordpress\/plugins\/seo\/ -->\n<title>Sapham - ASAH-BXL<\/title>\n<meta name=\"robots\" content=\"index, follow, max-snippet:-1, max-image-preview:large, max-video-preview:-1\" \/>\n<link rel=\"canonical\" href=\"https:\/\/asah-bxl.be\/index.php\/services\/sapham\/\" \/>\n<meta property=\"og:locale\" content=\"fr_FR\" \/>\n<meta property=\"og:type\" content=\"article\" \/>\n<meta property=\"og:title\" content=\"Sapham - ASAH-BXL\" \/>\n<meta property=\"og:description\" content=\"\u2709 15E Place de la Vaillance &#8211; 1070 Bruxelles \u260f 02\/504.90.10 &nbsp;info@sapham.be Service d&rsquo;accompagnement pour personnes en situation de handicap intellectuel (et troubles associ\u00e9s) : Mais aussi&nbsp;: LA R\u00c9CR\u00c9 : halte-accueil pour enfants de 0 \u00e0 6 ans porteurs d&rsquo;une d\u00e9ficience mentale (capacit\u00e9 : 8 places) LE PETIT PONT&nbsp;: stages et activit\u00e9s extrascolaires pour enfants En savoir plus surSapham[&hellip;]\" \/>\n<meta property=\"og:url\" content=\"https:\/\/asah-bxl.be\/index.php\/services\/sapham\/\" \/>\n<meta property=\"og:site_name\" content=\"ASAH-BXL\" \/>\n<meta property=\"article:modified_time\" content=\"2024-04-16T13:54:31+00:00\" \/>\n<meta property=\"og:image\" content=\"http:\/\/asah-bxl.be\/wp-content\/uploads\/2020\/02\/sapham.png\" \/>\n<meta name=\"twitter:card\" content=\"summary_large_image\" \/>\n<meta name=\"twitter:label1\" content=\"Dur\u00e9e de lecture estim\u00e9e\" \/>\n\t<meta name=\"twitter:data1\" content=\"2 minutes\" \/>\n<script type=\"application\/ld+json\" class=\"yoast-schema-graph\">{\"@context\":\"https:\/\/schema.org\",\"@graph\":[{\"@type\":\"WebPage\",\"@id\":\"https:\/\/asah-bxl.be\/index.php\/services\/sapham\/\",\"url\":\"https:\/\/asah-bxl.be\/index.php\/services\/sapham\/\",\"name\":\"Sapham - ASAH-BXL\",\"isPartOf\":{\"@id\":\"https:\/\/asah-bxl.be\/#website\"},\"primaryImageOfPage\":{\"@id\":\"https:\/\/asah-bxl.be\/index.php\/services\/sapham\/#primaryimage\"},\"image\":{\"@id\":\"https:\/\/asah-bxl.be\/index.php\/services\/sapham\/#primaryimage\"},\"thumbnailUrl\":\"http:\/\/asah-bxl.be\/wp-content\/uploads\/2020\/02\/sapham.png\",\"datePublished\":\"2020-02-14T10:32:13+00:00\",\"dateModified\":\"2024-04-16T13:54:31+00:00\",\"breadcrumb\":{\"@id\":\"https:\/\/asah-bxl.be\/index.php\/services\/sapham\/#breadcrumb\"},\"inLanguage\":\"fr-FR\",\"potentialAction\":[{\"@type\":\"ReadAction\",\"target\":[\"https:\/\/asah-bxl.be\/index.php\/services\/sapham\/\"]}]},{\"@type\":\"ImageObject\",\"inLanguage\":\"fr-FR\",\"@id\":\"https:\/\/asah-bxl.be\/index.php\/services\/sapham\/#primaryimage\",\"url\":\"http:\/\/asah-bxl.be\/wp-content\/uploads\/2020\/02\/sapham.png\",\"contentUrl\":\"http:\/\/asah-bxl.be\/wp-content\/uploads\/2020\/02\/sapham.png\"},{\"@type\":\"BreadcrumbList\",\"@id\":\"https:\/\/asah-bxl.be\/index.php\/services\/sapham\/#breadcrumb\",\"itemListElement\":[{\"@type\":\"ListItem\",\"position\":1,\"name\":\"Accueil\",\"item\":\"https:\/\/asah-bxl.be\/\"},{\"@type\":\"ListItem\",\"position\":2,\"name\":\"Services\",\"item\":\"https:\/\/asah-bxl.be\/index.php\/services\/\"},{\"@type\":\"ListItem\",\"position\":3,\"name\":\"Sapham\"}]},{\"@type\":\"WebSite\",\"@id\":\"https:\/\/asah-bxl.be\/#website\",\"url\":\"https:\/\/asah-bxl.be\/\",\"name\":\"ASAH-BXL\",\"description\":\"\",\"publisher\":{\"@id\":\"https:\/\/asah-bxl.be\/#organization\"},\"potentialAction\":[{\"@type\":\"SearchAction\",\"target\":{\"@type\":\"EntryPoint\",\"urlTemplate\":\"https:\/\/asah-bxl.be\/?s={search_term_string}\"},\"query-input\":{\"@type\":\"PropertyValueSpecification\",\"valueRequired\":true,\"valueName\":\"search_term_string\"}}],\"inLanguage\":\"fr-FR\"},{\"@type\":\"Organization\",\"@id\":\"https:\/\/asah-bxl.be\/#organization\",\"name\":\"ASAH-BXL\",\"url\":\"https:\/\/asah-bxl.be\/\",\"logo\":{\"@type\":\"ImageObject\",\"inLanguage\":\"fr-FR\",\"@id\":\"https:\/\/asah-bxl.be\/#\/schema\/logo\/image\/\",\"url\":\"https:\/\/asah-bxl.be\/wp-content\/uploads\/2020\/02\/cropped-Sans-titre-6-3-9.png\",\"contentUrl\":\"https:\/\/asah-bxl.be\/wp-content\/uploads\/2020\/02\/cropped-Sans-titre-6-3-9.png\",\"width\":724,\"height\":528,\"caption\":\"ASAH-BXL\"},\"image\":{\"@id\":\"https:\/\/asah-bxl.be\/#\/schema\/logo\/image\/\"}}]}<\/script>\n<!-- \/ Yoast SEO plugin. -->","yoast_head_json":{"title":"Sapham - ASAH-BXL","robots":{"index":"index","follow":"follow","max-snippet":"max-snippet:-1","max-image-preview":"max-image-preview:large","max-video-preview":"max-video-preview:-1"},"canonical":"https:\/\/asah-bxl.be\/index.php\/services\/sapham\/","og_locale":"fr_FR","og_type":"article","og_title":"Sapham - ASAH-BXL","og_description":"\u2709 15E Place de la Vaillance &#8211; 1070 Bruxelles \u260f 02\/504.90.10 &nbsp;info@sapham.be Service d&rsquo;accompagnement pour personnes en situation de handicap intellectuel (et troubles associ\u00e9s) : Mais aussi&nbsp;: LA R\u00c9CR\u00c9 : halte-accueil pour enfants de 0 \u00e0 6 ans porteurs d&rsquo;une d\u00e9ficience mentale (capacit\u00e9 : 8 places) LE PETIT PONT&nbsp;: stages et activit\u00e9s extrascolaires pour enfants En savoir plus surSapham[&hellip;]","og_url":"https:\/\/asah-bxl.be\/index.php\/services\/sapham\/","og_site_name":"ASAH-BXL","article_modified_time":"2024-04-16T13:54:31+00:00","og_image":[{"url":"http:\/\/asah-bxl.be\/wp-content\/uploads\/2020\/02\/sapham.png"}],"twitter_card":"summary_large_image","twitter_misc":{"Dur\u00e9e de lecture estim\u00e9e":"2 minutes"},"schema":{"@context":"https:\/\/schema.org","@graph":[{"@type":"WebPage","@id":"https:\/\/asah-bxl.be\/index.php\/services\/sapham\/","url":"https:\/\/asah-bxl.be\/index.php\/services\/sapham\/","name":"Sapham - ASAH-BXL","isPartOf":{"@id":"https:\/\/asah-bxl.be\/#website"},"primaryImageOfPage":{"@id":"https:\/\/asah-bxl.be\/index.php\/services\/sapham\/#primaryimage"},"image":{"@id":"https:\/\/asah-bxl.be\/index.php\/services\/sapham\/#primaryimage"},"thumbnailUrl":"http:\/\/asah-bxl.be\/wp-content\/uploads\/2020\/02\/sapham.png","datePublished":"2020-02-14T10:32:13+00:00","dateModified":"2024-04-16T13:54:31+00:00","breadcrumb":{"@id":"https:\/\/asah-bxl.be\/index.php\/services\/sapham\/#breadcrumb"},"inLanguage":"fr-FR","potentialAction":[{"@type":"ReadAction","target":["https:\/\/asah-bxl.be\/index.php\/services\/sapham\/"]}]},{"@type":"ImageObject","inLanguage":"fr-FR","@id":"https:\/\/asah-bxl.be\/index.php\/services\/sapham\/#primaryimage","url":"http:\/\/asah-bxl.be\/wp-content\/uploads\/2020\/02\/sapham.png","contentUrl":"http:\/\/asah-bxl.be\/wp-content\/uploads\/2020\/02\/sapham.png"},{"@type":"BreadcrumbList","@id":"https:\/\/asah-bxl.be\/index.php\/services\/sapham\/#breadcrumb","itemListElement":[{"@type":"ListItem","position":1,"name":"Accueil","item":"https:\/\/asah-bxl.be\/"},{"@type":"ListItem","position":2,"name":"Services","item":"https:\/\/asah-bxl.be\/index.php\/services\/"},{"@type":"ListItem","position":3,"name":"Sapham"}]},{"@type":"WebSite","@id":"https:\/\/asah-bxl.be\/#website","url":"https:\/\/asah-bxl.be\/","name":"ASAH-BXL","description":"","publisher":{"@id":"https:\/\/asah-bxl.be\/#organization"},"potentialAction":[{"@type":"SearchAction","target":{"@type":"EntryPoint","urlTemplate":"https:\/\/asah-bxl.be\/?s={search_term_string}"},"query-input":{"@type":"PropertyValueSpecification","valueRequired":true,"valueName":"search_term_string"}}],"inLanguage":"fr-FR"},{"@type":"Organization","@id":"https:\/\/asah-bxl.be\/#organization","name":"ASAH-BXL","url":"https:\/\/asah-bxl.be\/","logo":{"@type":"ImageObject","inLanguage":"fr-FR","@id":"https:\/\/asah-bxl.be\/#\/schema\/logo\/image\/","url":"https:\/\/asah-bxl.be\/wp-content\/uploads\/2020\/02\/cropped-Sans-titre-6-3-9.png","contentUrl":"https:\/\/asah-bxl.be\/wp-content\/uploads\/2020\/02\/cropped-Sans-titre-6-3-9.png","width":724,"height":528,"caption":"ASAH-BXL"},"image":{"@id":"https:\/\/asah-bxl.be\/#\/schema\/logo\/image\/"}}]}},"_links":{"self":[{"href":"https:\/\/asah-bxl.be\/index.php\/wp-json\/wp\/v2\/pages\/149","targetHints":{"allow":["GET"]}}],"collection":[{"href":"https:\/\/asah-bxl.be\/index.php\/wp-json\/wp\/v2\/pages"}],"about":[{"href":"https:\/\/asah-bxl.be\/index.php\/wp-json\/wp\/v2\/types\/page"}],"author":[{"embeddable":true,"href":"https:\/\/asah-bxl.be\/index.php\/wp-json\/wp\/v2\/users\/1"}],"replies":[{"embeddable":true,"href":"https:\/\/asah-bxl.be\/index.php\/wp-json\/wp\/v2\/comments?post=149"}],"version-history":[{"count":8,"href":"https:\/\/asah-bxl.be\/index.php\/wp-json\/wp\/v2\/pages\/149\/revisions"}],"predecessor-version":[{"id":834,"href":"https:\/\/asah-bxl.be\/index.php\/wp-json\/wp\/v2\/pages\/149\/revisions\/834"}],"up":[{"embeddable":true,"href":"https:\/\/asah-bxl.be\/index.php\/wp-json\/wp\/v2\/pages\/98"}],"wp:attachment":[{"href":"https:\/\/asah-bxl.be\/index.php\/wp-json\/wp\/v2\/media?parent=149"}],"curies":[{"name":"wp","href":"https:\/\/api.w.org\/{rel}","templated":true}]}}