{"id":151,"date":"2020-02-14T11:32:13","date_gmt":"2020-02-14T10:32:13","guid":{"rendered":"http:\/\/asah-bxl.be\/?page_id=151"},"modified":"2022-10-18T14:31:58","modified_gmt":"2022-10-18T12:31:58","slug":"sisahm","status":"publish","type":"page","link":"https:\/\/asah-bxl.be\/index.php\/services\/sisahm\/","title":{"rendered":"SISAHM"},"content":{"rendered":"\n<pre class=\"wp-block-preformatted\"><\/pre>\n\n\n\n<figure class=\"wp-block-image size-large is-resized\"><img fetchpriority=\"high\" decoding=\"async\" src=\"https:\/\/asah-bxl.be\/wp-content\/uploads\/2020\/02\/logo-sisahm-en-png.png\" alt=\"\" class=\"wp-image-290\" width=\"208\" height=\"316\"\/><\/figure>\n\n\n\n<pre class=\"wp-block-preformatted\"><\/pre>\n\n\n\n<p>\u2709 100 Cours Saint-Michel, 1040 Etterbeek<\/p>\n\n\n\n<p>\u260f 02\/219.49.78 <\/p>\n\n\n\n<p>&nbsp;<strong>@<\/strong> sisahm@sisahm.be<\/p>\n\n\n\n<p>SISAHM est un service d&rsquo;accompagnement agr\u00e9\u00e9 par la Cocof qui accompagne des enfants \u00e0 partir de 2 ans et demi, des adolescents et des adultes. Ces personnes ont une d\u00e9ficience intellectuelle l\u00e9g\u00e8re ou mod\u00e9r\u00e9e, des troubles sp\u00e9cifiques des apprentissages ou des troubles du spectre de l&rsquo;autisme.<\/p>\n\n\n\n<p>Nous proposons&nbsp;un accompagnement autour d\u2019apprentissages \u00e0 l\u2019autonomie dans la vie quotidienne, du d\u00e9veloppement des comp\u00e9tences sociales, d\u2019un mieux-\u00eatre psychologique et relationnel et du d\u00e9veloppement cognitif.&nbsp;<\/p>\n\n\n\n<p>Nous proposons aussi<\/p>\n\n\n\n<p>&#8211;<strong>Un service d\u2019appui \u00e0 la formation professionnelle<\/strong>&nbsp;: Pendant sa formation, \u00eatre accompagn\u00e9 durant les cours et apr\u00e8s les cours, r\u00e9fl\u00e9chir \u00e0 son orientation professionnelle, trouver une formation qualifiante\u2026<\/p>\n\n\n\n<p>&#8211;<strong>Des activit\u00e9s de loisirs<\/strong>&nbsp;: bowling, resto, ateliers cr\u00e9atifs, visites de mus\u00e9es, activit\u00e9s de d\u00e9couvertes,<\/p>\n\n\n\n<p>&#8211;<strong>L\u2019\u00e9cole de l\u2019autorepr\u00e9sentation<\/strong>&nbsp;: pour apprendre \u00e0 s\u2019exprimer devant les autres et parler en son nom.<\/p>\n\n\n\n<p>&#8211;<strong>Des outils&nbsp;pour<\/strong><\/p>\n\n\n\n<p>-Soutenir la parentalit\u00e9 des parents en situation de handicap.<\/p>\n\n\n\n<p>-Sensibiliser les personnes en situation de handicap \u00e0 la \u00ab&nbsp;Convention des droits des personnes handicap\u00e9es&nbsp;\u00bb.<\/p>\n\n\n\n<p>-Am\u00e9liorer la communication<\/p>\n\n\n\n<p>Ces objectifs visent une&nbsp;<strong><u>am\u00e9lioration de la qualit\u00e9 de vie<\/u><\/strong>. Ils se r\u00e9alisent en partenariat avec l&rsquo;entourage de chaque personne.<\/p>\n\n\n\n<p><a href=\"https:\/\/sisahm.one\/\" target=\"_blank\" rel=\"noreferrer noopener\" aria-label=\" (s\u2019ouvre dans un nouvel onglet)\">https:\/\/sisahm.one\/<\/a><\/p>\n","protected":false},"excerpt":{"rendered":"<p>\u2709 100 Cours Saint-Michel, 1040 Etterbeek \u260f 02\/219.49.78 &nbsp;@ sisahm@sisahm.be SISAHM est un service d&rsquo;accompagnement agr\u00e9\u00e9 par la Cocof qui accompagne des enfants \u00e0 partir de 2 ans et demi, des adolescents et des adultes. Ces personnes ont une d\u00e9ficience intellectuelle l\u00e9g\u00e8re ou mod\u00e9r\u00e9e, des troubles sp\u00e9cifiques des apprentissages ou des troubles du spectre de <a href=\"https:\/\/asah-bxl.be\/index.php\/services\/sisahm\/\" rel=\"nofollow\"><span class=\"sr-only\">En savoir plus surSISAHM<\/span>[&hellip;]<\/a><\/p>\n","protected":false},"author":1,"featured_media":0,"parent":98,"menu_order":0,"comment_status":"closed","ping_status":"closed","template":"","meta":{"_bbp_topic_count":0,"_bbp_reply_count":0,"_bbp_total_topic_count":0,"_bbp_total_reply_count":0,"_bbp_voice_count":0,"_bbp_anonymous_reply_count":0,"_bbp_topic_count_hidden":0,"_bbp_reply_count_hidden":0,"_bbp_forum_subforum_count":0,"footnotes":""},"class_list":["post-151","page","type-page","status-publish","hentry"],"yoast_head":"<!-- This site is optimized with the Yoast SEO plugin v23.4 - https:\/\/yoast.com\/wordpress\/plugins\/seo\/ -->\n<title>SISAHM - ASAH-BXL<\/title>\n<meta name=\"robots\" content=\"index, follow, max-snippet:-1, max-image-preview:large, max-video-preview:-1\" \/>\n<link rel=\"canonical\" href=\"https:\/\/asah-bxl.be\/index.php\/services\/sisahm\/\" \/>\n<meta property=\"og:locale\" content=\"fr_FR\" \/>\n<meta property=\"og:type\" content=\"article\" \/>\n<meta property=\"og:title\" content=\"SISAHM - ASAH-BXL\" \/>\n<meta property=\"og:description\" content=\"\u2709 100 Cours Saint-Michel, 1040 Etterbeek \u260f 02\/219.49.78 &nbsp;@ sisahm@sisahm.be SISAHM est un service d&rsquo;accompagnement agr\u00e9\u00e9 par la Cocof qui accompagne des enfants \u00e0 partir de 2 ans et demi, des adolescents et des adultes. Ces personnes ont une d\u00e9ficience intellectuelle l\u00e9g\u00e8re ou mod\u00e9r\u00e9e, des troubles sp\u00e9cifiques des apprentissages ou des troubles du spectre de En savoir plus surSISAHM[&hellip;]\" \/>\n<meta property=\"og:url\" content=\"https:\/\/asah-bxl.be\/index.php\/services\/sisahm\/\" \/>\n<meta property=\"og:site_name\" content=\"ASAH-BXL\" \/>\n<meta property=\"article:modified_time\" content=\"2022-10-18T12:31:58+00:00\" \/>\n<meta property=\"og:image\" content=\"http:\/\/asah-bxl.be\/wp-content\/uploads\/2020\/02\/logo-sisahm-en-png.png\" \/>\n<meta name=\"twitter:card\" content=\"summary_large_image\" \/>\n<meta name=\"twitter:label1\" content=\"Dur\u00e9e de lecture estim\u00e9e\" \/>\n\t<meta name=\"twitter:data1\" content=\"2 minutes\" \/>\n<script type=\"application\/ld+json\" class=\"yoast-schema-graph\">{\"@context\":\"https:\/\/schema.org\",\"@graph\":[{\"@type\":\"WebPage\",\"@id\":\"https:\/\/asah-bxl.be\/index.php\/services\/sisahm\/\",\"url\":\"https:\/\/asah-bxl.be\/index.php\/services\/sisahm\/\",\"name\":\"SISAHM - ASAH-BXL\",\"isPartOf\":{\"@id\":\"https:\/\/asah-bxl.be\/#website\"},\"primaryImageOfPage\":{\"@id\":\"https:\/\/asah-bxl.be\/index.php\/services\/sisahm\/#primaryimage\"},\"image\":{\"@id\":\"https:\/\/asah-bxl.be\/index.php\/services\/sisahm\/#primaryimage\"},\"thumbnailUrl\":\"http:\/\/asah-bxl.be\/wp-content\/uploads\/2020\/02\/logo-sisahm-en-png.png\",\"datePublished\":\"2020-02-14T10:32:13+00:00\",\"dateModified\":\"2022-10-18T12:31:58+00:00\",\"breadcrumb\":{\"@id\":\"https:\/\/asah-bxl.be\/index.php\/services\/sisahm\/#breadcrumb\"},\"inLanguage\":\"fr-FR\",\"potentialAction\":[{\"@type\":\"ReadAction\",\"target\":[\"https:\/\/asah-bxl.be\/index.php\/services\/sisahm\/\"]}]},{\"@type\":\"ImageObject\",\"inLanguage\":\"fr-FR\",\"@id\":\"https:\/\/asah-bxl.be\/index.php\/services\/sisahm\/#primaryimage\",\"url\":\"http:\/\/asah-bxl.be\/wp-content\/uploads\/2020\/02\/logo-sisahm-en-png.png\",\"contentUrl\":\"http:\/\/asah-bxl.be\/wp-content\/uploads\/2020\/02\/logo-sisahm-en-png.png\"},{\"@type\":\"BreadcrumbList\",\"@id\":\"https:\/\/asah-bxl.be\/index.php\/services\/sisahm\/#breadcrumb\",\"itemListElement\":[{\"@type\":\"ListItem\",\"position\":1,\"name\":\"Accueil\",\"item\":\"https:\/\/asah-bxl.be\/\"},{\"@type\":\"ListItem\",\"position\":2,\"name\":\"Services\",\"item\":\"https:\/\/asah-bxl.be\/index.php\/services\/\"},{\"@type\":\"ListItem\",\"position\":3,\"name\":\"SISAHM\"}]},{\"@type\":\"WebSite\",\"@id\":\"https:\/\/asah-bxl.be\/#website\",\"url\":\"https:\/\/asah-bxl.be\/\",\"name\":\"ASAH-BXL\",\"description\":\"\",\"publisher\":{\"@id\":\"https:\/\/asah-bxl.be\/#organization\"},\"potentialAction\":[{\"@type\":\"SearchAction\",\"target\":{\"@type\":\"EntryPoint\",\"urlTemplate\":\"https:\/\/asah-bxl.be\/?s={search_term_string}\"},\"query-input\":{\"@type\":\"PropertyValueSpecification\",\"valueRequired\":true,\"valueName\":\"search_term_string\"}}],\"inLanguage\":\"fr-FR\"},{\"@type\":\"Organization\",\"@id\":\"https:\/\/asah-bxl.be\/#organization\",\"name\":\"ASAH-BXL\",\"url\":\"https:\/\/asah-bxl.be\/\",\"logo\":{\"@type\":\"ImageObject\",\"inLanguage\":\"fr-FR\",\"@id\":\"https:\/\/asah-bxl.be\/#\/schema\/logo\/image\/\",\"url\":\"https:\/\/asah-bxl.be\/wp-content\/uploads\/2020\/02\/cropped-Sans-titre-6-3-9.png\",\"contentUrl\":\"https:\/\/asah-bxl.be\/wp-content\/uploads\/2020\/02\/cropped-Sans-titre-6-3-9.png\",\"width\":724,\"height\":528,\"caption\":\"ASAH-BXL\"},\"image\":{\"@id\":\"https:\/\/asah-bxl.be\/#\/schema\/logo\/image\/\"}}]}<\/script>\n<!-- \/ Yoast SEO plugin. -->","yoast_head_json":{"title":"SISAHM - ASAH-BXL","robots":{"index":"index","follow":"follow","max-snippet":"max-snippet:-1","max-image-preview":"max-image-preview:large","max-video-preview":"max-video-preview:-1"},"canonical":"https:\/\/asah-bxl.be\/index.php\/services\/sisahm\/","og_locale":"fr_FR","og_type":"article","og_title":"SISAHM - ASAH-BXL","og_description":"\u2709 100 Cours Saint-Michel, 1040 Etterbeek \u260f 02\/219.49.78 &nbsp;@ sisahm@sisahm.be SISAHM est un service d&rsquo;accompagnement agr\u00e9\u00e9 par la Cocof qui accompagne des enfants \u00e0 partir de 2 ans et demi, des adolescents et des adultes. Ces personnes ont une d\u00e9ficience intellectuelle l\u00e9g\u00e8re ou mod\u00e9r\u00e9e, des troubles sp\u00e9cifiques des apprentissages ou des troubles du spectre de En savoir plus surSISAHM[&hellip;]","og_url":"https:\/\/asah-bxl.be\/index.php\/services\/sisahm\/","og_site_name":"ASAH-BXL","article_modified_time":"2022-10-18T12:31:58+00:00","og_image":[{"url":"http:\/\/asah-bxl.be\/wp-content\/uploads\/2020\/02\/logo-sisahm-en-png.png"}],"twitter_card":"summary_large_image","twitter_misc":{"Dur\u00e9e de lecture estim\u00e9e":"2 minutes"},"schema":{"@context":"https:\/\/schema.org","@graph":[{"@type":"WebPage","@id":"https:\/\/asah-bxl.be\/index.php\/services\/sisahm\/","url":"https:\/\/asah-bxl.be\/index.php\/services\/sisahm\/","name":"SISAHM - ASAH-BXL","isPartOf":{"@id":"https:\/\/asah-bxl.be\/#website"},"primaryImageOfPage":{"@id":"https:\/\/asah-bxl.be\/index.php\/services\/sisahm\/#primaryimage"},"image":{"@id":"https:\/\/asah-bxl.be\/index.php\/services\/sisahm\/#primaryimage"},"thumbnailUrl":"http:\/\/asah-bxl.be\/wp-content\/uploads\/2020\/02\/logo-sisahm-en-png.png","datePublished":"2020-02-14T10:32:13+00:00","dateModified":"2022-10-18T12:31:58+00:00","breadcrumb":{"@id":"https:\/\/asah-bxl.be\/index.php\/services\/sisahm\/#breadcrumb"},"inLanguage":"fr-FR","potentialAction":[{"@type":"ReadAction","target":["https:\/\/asah-bxl.be\/index.php\/services\/sisahm\/"]}]},{"@type":"ImageObject","inLanguage":"fr-FR","@id":"https:\/\/asah-bxl.be\/index.php\/services\/sisahm\/#primaryimage","url":"http:\/\/asah-bxl.be\/wp-content\/uploads\/2020\/02\/logo-sisahm-en-png.png","contentUrl":"http:\/\/asah-bxl.be\/wp-content\/uploads\/2020\/02\/logo-sisahm-en-png.png"},{"@type":"BreadcrumbList","@id":"https:\/\/asah-bxl.be\/index.php\/services\/sisahm\/#breadcrumb","itemListElement":[{"@type":"ListItem","position":1,"name":"Accueil","item":"https:\/\/asah-bxl.be\/"},{"@type":"ListItem","position":2,"name":"Services","item":"https:\/\/asah-bxl.be\/index.php\/services\/"},{"@type":"ListItem","position":3,"name":"SISAHM"}]},{"@type":"WebSite","@id":"https:\/\/asah-bxl.be\/#website","url":"https:\/\/asah-bxl.be\/","name":"ASAH-BXL","description":"","publisher":{"@id":"https:\/\/asah-bxl.be\/#organization"},"potentialAction":[{"@type":"SearchAction","target":{"@type":"EntryPoint","urlTemplate":"https:\/\/asah-bxl.be\/?s={search_term_string}"},"query-input":{"@type":"PropertyValueSpecification","valueRequired":true,"valueName":"search_term_string"}}],"inLanguage":"fr-FR"},{"@type":"Organization","@id":"https:\/\/asah-bxl.be\/#organization","name":"ASAH-BXL","url":"https:\/\/asah-bxl.be\/","logo":{"@type":"ImageObject","inLanguage":"fr-FR","@id":"https:\/\/asah-bxl.be\/#\/schema\/logo\/image\/","url":"https:\/\/asah-bxl.be\/wp-content\/uploads\/2020\/02\/cropped-Sans-titre-6-3-9.png","contentUrl":"https:\/\/asah-bxl.be\/wp-content\/uploads\/2020\/02\/cropped-Sans-titre-6-3-9.png","width":724,"height":528,"caption":"ASAH-BXL"},"image":{"@id":"https:\/\/asah-bxl.be\/#\/schema\/logo\/image\/"}}]}},"_links":{"self":[{"href":"https:\/\/asah-bxl.be\/index.php\/wp-json\/wp\/v2\/pages\/151","targetHints":{"allow":["GET"]}}],"collection":[{"href":"https:\/\/asah-bxl.be\/index.php\/wp-json\/wp\/v2\/pages"}],"about":[{"href":"https:\/\/asah-bxl.be\/index.php\/wp-json\/wp\/v2\/types\/page"}],"author":[{"embeddable":true,"href":"https:\/\/asah-bxl.be\/index.php\/wp-json\/wp\/v2\/users\/1"}],"replies":[{"embeddable":true,"href":"https:\/\/asah-bxl.be\/index.php\/wp-json\/wp\/v2\/comments?post=151"}],"version-history":[{"count":7,"href":"https:\/\/asah-bxl.be\/index.php\/wp-json\/wp\/v2\/pages\/151\/revisions"}],"predecessor-version":[{"id":719,"href":"https:\/\/asah-bxl.be\/index.php\/wp-json\/wp\/v2\/pages\/151\/revisions\/719"}],"up":[{"embeddable":true,"href":"https:\/\/asah-bxl.be\/index.php\/wp-json\/wp\/v2\/pages\/98"}],"wp:attachment":[{"href":"https:\/\/asah-bxl.be\/index.php\/wp-json\/wp\/v2\/media?parent=151"}],"curies":[{"name":"wp","href":"https:\/\/api.w.org\/{rel}","templated":true}]}}