{"id":153,"date":"2020-02-14T11:32:13","date_gmt":"2020-02-14T10:32:13","guid":{"rendered":"http:\/\/asah-bxl.be\/?page_id=153"},"modified":"2022-10-18T14:43:38","modified_gmt":"2022-10-18T12:43:38","slug":"lestof-services","status":"publish","type":"page","link":"https:\/\/asah-bxl.be\/index.php\/services\/lestof-services\/","title":{"rendered":"Les Tof-Services"},"content":{"rendered":"\n<pre class=\"wp-block-preformatted\"><\/pre>\n\n\n\n<figure class=\"wp-block-image size-large is-resized\"><img fetchpriority=\"high\" decoding=\"async\" src=\"https:\/\/asah-bxl.be\/wp-content\/uploads\/2020\/02\/Toff-nom-LTS-1024x356.jpg\" alt=\"\" class=\"wp-image-298\" width=\"468\" height=\"162\" srcset=\"https:\/\/asah-bxl.be\/wp-content\/uploads\/2020\/02\/Toff-nom-LTS-1024x356.jpg 1024w, https:\/\/asah-bxl.be\/wp-content\/uploads\/2020\/02\/Toff-nom-LTS-300x104.jpg 300w, https:\/\/asah-bxl.be\/wp-content\/uploads\/2020\/02\/Toff-nom-LTS-768x267.jpg 768w, https:\/\/asah-bxl.be\/wp-content\/uploads\/2020\/02\/Toff-nom-LTS-1536x534.jpg 1536w, https:\/\/asah-bxl.be\/wp-content\/uploads\/2020\/02\/Toff-nom-LTS.jpg 2047w\" sizes=\"(max-width: 468px) 100vw, 468px\" \/><\/figure>\n\n\n\n<pre class=\"wp-block-preformatted\"><\/pre>\n\n\n\n<p>\u2709 <strong>Rue du Pavillon 7 &#8211; bo\u00eete 7b<\/strong> <strong>1030 Schaerbeek<\/strong><\/p>\n\n\n\n<p>\u260f\n02\/216.60.28<\/p>\n\n\n\n<p>&nbsp;info@lestof.be<\/p>\n\n\n\n<p>Service d\u2019accompagnement pour personnes polyhandicap\u00e9es et de grande d\u00e9pendance. <\/p>\n\n\n\n<p>Les Tof-Services sont une \u00e9manation de l\u2019AP3 : l\u2019Association de Parents et de Professionnels autour de la Personne Polyhandicap\u00e9e. Ils proposent un accompagnement global, en ambulatoire, de personnes polyhandicap\u00e9es ou de grande d\u00e9pendance et de leurs familles. Ils interviennent sur les 19 communes de la r\u00e9gion bruxelloise.<\/p>\n\n\n\n<p>Ils organisent \u00e9galement deux offres de r\u00e9pit, \u00e0 destination des familles de personnes handicap\u00e9es de grande d\u00e9pendance :<\/p>\n\n\n\n<p>\u2013 une offre de garde \u00e0 domicile appel\u00e9e \u00ab&nbsp;extrasitting&nbsp;\u00bb<\/p>\n\n\n\n<p>\u2013 une offre de loisirs<\/p>\n\n\n\n<p><a href=\"https:\/\/lestof.be\/\" target=\"_blank\" rel=\"noreferrer noopener\" aria-label=\"lestof.be (s\u2019ouvre dans un nouvel onglet)\">lestof.be<\/a><\/p>\n","protected":false},"excerpt":{"rendered":"<p>\u2709 Rue du Pavillon 7 &#8211; bo\u00eete 7b 1030 Schaerbeek \u260f 02\/216.60.28 &nbsp;info@lestof.be Service d\u2019accompagnement pour personnes polyhandicap\u00e9es et de grande d\u00e9pendance. Les Tof-Services sont une \u00e9manation de l\u2019AP3 : l\u2019Association de Parents et de Professionnels autour de la Personne Polyhandicap\u00e9e. Ils proposent un accompagnement global, en ambulatoire, de personnes polyhandicap\u00e9es ou de grande d\u00e9pendance <a href=\"https:\/\/asah-bxl.be\/index.php\/services\/lestof-services\/\" rel=\"nofollow\"><span class=\"sr-only\">En savoir plus surLes Tof-Services<\/span>[&hellip;]<\/a><\/p>\n","protected":false},"author":1,"featured_media":0,"parent":98,"menu_order":0,"comment_status":"closed","ping_status":"closed","template":"","meta":{"_bbp_topic_count":0,"_bbp_reply_count":0,"_bbp_total_topic_count":0,"_bbp_total_reply_count":0,"_bbp_voice_count":0,"_bbp_anonymous_reply_count":0,"_bbp_topic_count_hidden":0,"_bbp_reply_count_hidden":0,"_bbp_forum_subforum_count":0,"footnotes":""},"class_list":["post-153","page","type-page","status-publish","hentry"],"yoast_head":"<!-- This site is optimized with the Yoast SEO plugin v23.4 - https:\/\/yoast.com\/wordpress\/plugins\/seo\/ -->\n<title>Les Tof-Services - ASAH-BXL<\/title>\n<meta name=\"robots\" content=\"index, follow, max-snippet:-1, max-image-preview:large, max-video-preview:-1\" \/>\n<link rel=\"canonical\" href=\"https:\/\/asah-bxl.be\/index.php\/services\/lestof-services\/\" \/>\n<meta property=\"og:locale\" content=\"fr_FR\" \/>\n<meta property=\"og:type\" content=\"article\" \/>\n<meta property=\"og:title\" content=\"Les Tof-Services - ASAH-BXL\" \/>\n<meta property=\"og:description\" content=\"\u2709 Rue du Pavillon 7 &#8211; bo\u00eete 7b 1030 Schaerbeek \u260f 02\/216.60.28 &nbsp;info@lestof.be Service d\u2019accompagnement pour personnes polyhandicap\u00e9es et de grande d\u00e9pendance. Les Tof-Services sont une \u00e9manation de l\u2019AP3 : l\u2019Association de Parents et de Professionnels autour de la Personne Polyhandicap\u00e9e. Ils proposent un accompagnement global, en ambulatoire, de personnes polyhandicap\u00e9es ou de grande d\u00e9pendance En savoir plus surLes Tof-Services[&hellip;]\" \/>\n<meta property=\"og:url\" content=\"https:\/\/asah-bxl.be\/index.php\/services\/lestof-services\/\" \/>\n<meta property=\"og:site_name\" content=\"ASAH-BXL\" \/>\n<meta property=\"article:modified_time\" content=\"2022-10-18T12:43:38+00:00\" \/>\n<meta property=\"og:image\" content=\"http:\/\/asah-bxl.be\/wp-content\/uploads\/2020\/02\/Toff-nom-LTS-1024x356.jpg\" \/>\n<meta name=\"twitter:card\" content=\"summary_large_image\" \/>\n<meta name=\"twitter:label1\" content=\"Dur\u00e9e de lecture estim\u00e9e\" \/>\n\t<meta name=\"twitter:data1\" content=\"1 minute\" \/>\n<script type=\"application\/ld+json\" class=\"yoast-schema-graph\">{\"@context\":\"https:\/\/schema.org\",\"@graph\":[{\"@type\":\"WebPage\",\"@id\":\"https:\/\/asah-bxl.be\/index.php\/services\/lestof-services\/\",\"url\":\"https:\/\/asah-bxl.be\/index.php\/services\/lestof-services\/\",\"name\":\"Les Tof-Services - ASAH-BXL\",\"isPartOf\":{\"@id\":\"https:\/\/asah-bxl.be\/#website\"},\"primaryImageOfPage\":{\"@id\":\"https:\/\/asah-bxl.be\/index.php\/services\/lestof-services\/#primaryimage\"},\"image\":{\"@id\":\"https:\/\/asah-bxl.be\/index.php\/services\/lestof-services\/#primaryimage\"},\"thumbnailUrl\":\"http:\/\/asah-bxl.be\/wp-content\/uploads\/2020\/02\/Toff-nom-LTS-1024x356.jpg\",\"datePublished\":\"2020-02-14T10:32:13+00:00\",\"dateModified\":\"2022-10-18T12:43:38+00:00\",\"breadcrumb\":{\"@id\":\"https:\/\/asah-bxl.be\/index.php\/services\/lestof-services\/#breadcrumb\"},\"inLanguage\":\"fr-FR\",\"potentialAction\":[{\"@type\":\"ReadAction\",\"target\":[\"https:\/\/asah-bxl.be\/index.php\/services\/lestof-services\/\"]}]},{\"@type\":\"ImageObject\",\"inLanguage\":\"fr-FR\",\"@id\":\"https:\/\/asah-bxl.be\/index.php\/services\/lestof-services\/#primaryimage\",\"url\":\"http:\/\/asah-bxl.be\/wp-content\/uploads\/2020\/02\/Toff-nom-LTS-1024x356.jpg\",\"contentUrl\":\"http:\/\/asah-bxl.be\/wp-content\/uploads\/2020\/02\/Toff-nom-LTS-1024x356.jpg\"},{\"@type\":\"BreadcrumbList\",\"@id\":\"https:\/\/asah-bxl.be\/index.php\/services\/lestof-services\/#breadcrumb\",\"itemListElement\":[{\"@type\":\"ListItem\",\"position\":1,\"name\":\"Accueil\",\"item\":\"https:\/\/asah-bxl.be\/\"},{\"@type\":\"ListItem\",\"position\":2,\"name\":\"Services\",\"item\":\"https:\/\/asah-bxl.be\/index.php\/services\/\"},{\"@type\":\"ListItem\",\"position\":3,\"name\":\"Les Tof-Services\"}]},{\"@type\":\"WebSite\",\"@id\":\"https:\/\/asah-bxl.be\/#website\",\"url\":\"https:\/\/asah-bxl.be\/\",\"name\":\"ASAH-BXL\",\"description\":\"\",\"publisher\":{\"@id\":\"https:\/\/asah-bxl.be\/#organization\"},\"potentialAction\":[{\"@type\":\"SearchAction\",\"target\":{\"@type\":\"EntryPoint\",\"urlTemplate\":\"https:\/\/asah-bxl.be\/?s={search_term_string}\"},\"query-input\":{\"@type\":\"PropertyValueSpecification\",\"valueRequired\":true,\"valueName\":\"search_term_string\"}}],\"inLanguage\":\"fr-FR\"},{\"@type\":\"Organization\",\"@id\":\"https:\/\/asah-bxl.be\/#organization\",\"name\":\"ASAH-BXL\",\"url\":\"https:\/\/asah-bxl.be\/\",\"logo\":{\"@type\":\"ImageObject\",\"inLanguage\":\"fr-FR\",\"@id\":\"https:\/\/asah-bxl.be\/#\/schema\/logo\/image\/\",\"url\":\"https:\/\/asah-bxl.be\/wp-content\/uploads\/2020\/02\/cropped-Sans-titre-6-3-9.png\",\"contentUrl\":\"https:\/\/asah-bxl.be\/wp-content\/uploads\/2020\/02\/cropped-Sans-titre-6-3-9.png\",\"width\":724,\"height\":528,\"caption\":\"ASAH-BXL\"},\"image\":{\"@id\":\"https:\/\/asah-bxl.be\/#\/schema\/logo\/image\/\"}}]}<\/script>\n<!-- \/ Yoast SEO plugin. -->","yoast_head_json":{"title":"Les Tof-Services - ASAH-BXL","robots":{"index":"index","follow":"follow","max-snippet":"max-snippet:-1","max-image-preview":"max-image-preview:large","max-video-preview":"max-video-preview:-1"},"canonical":"https:\/\/asah-bxl.be\/index.php\/services\/lestof-services\/","og_locale":"fr_FR","og_type":"article","og_title":"Les Tof-Services - ASAH-BXL","og_description":"\u2709 Rue du Pavillon 7 &#8211; bo\u00eete 7b 1030 Schaerbeek \u260f 02\/216.60.28 &nbsp;info@lestof.be Service d\u2019accompagnement pour personnes polyhandicap\u00e9es et de grande d\u00e9pendance. Les Tof-Services sont une \u00e9manation de l\u2019AP3 : l\u2019Association de Parents et de Professionnels autour de la Personne Polyhandicap\u00e9e. Ils proposent un accompagnement global, en ambulatoire, de personnes polyhandicap\u00e9es ou de grande d\u00e9pendance En savoir plus surLes Tof-Services[&hellip;]","og_url":"https:\/\/asah-bxl.be\/index.php\/services\/lestof-services\/","og_site_name":"ASAH-BXL","article_modified_time":"2022-10-18T12:43:38+00:00","og_image":[{"url":"http:\/\/asah-bxl.be\/wp-content\/uploads\/2020\/02\/Toff-nom-LTS-1024x356.jpg"}],"twitter_card":"summary_large_image","twitter_misc":{"Dur\u00e9e de lecture estim\u00e9e":"1 minute"},"schema":{"@context":"https:\/\/schema.org","@graph":[{"@type":"WebPage","@id":"https:\/\/asah-bxl.be\/index.php\/services\/lestof-services\/","url":"https:\/\/asah-bxl.be\/index.php\/services\/lestof-services\/","name":"Les Tof-Services - ASAH-BXL","isPartOf":{"@id":"https:\/\/asah-bxl.be\/#website"},"primaryImageOfPage":{"@id":"https:\/\/asah-bxl.be\/index.php\/services\/lestof-services\/#primaryimage"},"image":{"@id":"https:\/\/asah-bxl.be\/index.php\/services\/lestof-services\/#primaryimage"},"thumbnailUrl":"http:\/\/asah-bxl.be\/wp-content\/uploads\/2020\/02\/Toff-nom-LTS-1024x356.jpg","datePublished":"2020-02-14T10:32:13+00:00","dateModified":"2022-10-18T12:43:38+00:00","breadcrumb":{"@id":"https:\/\/asah-bxl.be\/index.php\/services\/lestof-services\/#breadcrumb"},"inLanguage":"fr-FR","potentialAction":[{"@type":"ReadAction","target":["https:\/\/asah-bxl.be\/index.php\/services\/lestof-services\/"]}]},{"@type":"ImageObject","inLanguage":"fr-FR","@id":"https:\/\/asah-bxl.be\/index.php\/services\/lestof-services\/#primaryimage","url":"http:\/\/asah-bxl.be\/wp-content\/uploads\/2020\/02\/Toff-nom-LTS-1024x356.jpg","contentUrl":"http:\/\/asah-bxl.be\/wp-content\/uploads\/2020\/02\/Toff-nom-LTS-1024x356.jpg"},{"@type":"BreadcrumbList","@id":"https:\/\/asah-bxl.be\/index.php\/services\/lestof-services\/#breadcrumb","itemListElement":[{"@type":"ListItem","position":1,"name":"Accueil","item":"https:\/\/asah-bxl.be\/"},{"@type":"ListItem","position":2,"name":"Services","item":"https:\/\/asah-bxl.be\/index.php\/services\/"},{"@type":"ListItem","position":3,"name":"Les Tof-Services"}]},{"@type":"WebSite","@id":"https:\/\/asah-bxl.be\/#website","url":"https:\/\/asah-bxl.be\/","name":"ASAH-BXL","description":"","publisher":{"@id":"https:\/\/asah-bxl.be\/#organization"},"potentialAction":[{"@type":"SearchAction","target":{"@type":"EntryPoint","urlTemplate":"https:\/\/asah-bxl.be\/?s={search_term_string}"},"query-input":{"@type":"PropertyValueSpecification","valueRequired":true,"valueName":"search_term_string"}}],"inLanguage":"fr-FR"},{"@type":"Organization","@id":"https:\/\/asah-bxl.be\/#organization","name":"ASAH-BXL","url":"https:\/\/asah-bxl.be\/","logo":{"@type":"ImageObject","inLanguage":"fr-FR","@id":"https:\/\/asah-bxl.be\/#\/schema\/logo\/image\/","url":"https:\/\/asah-bxl.be\/wp-content\/uploads\/2020\/02\/cropped-Sans-titre-6-3-9.png","contentUrl":"https:\/\/asah-bxl.be\/wp-content\/uploads\/2020\/02\/cropped-Sans-titre-6-3-9.png","width":724,"height":528,"caption":"ASAH-BXL"},"image":{"@id":"https:\/\/asah-bxl.be\/#\/schema\/logo\/image\/"}}]}},"_links":{"self":[{"href":"https:\/\/asah-bxl.be\/index.php\/wp-json\/wp\/v2\/pages\/153","targetHints":{"allow":["GET"]}}],"collection":[{"href":"https:\/\/asah-bxl.be\/index.php\/wp-json\/wp\/v2\/pages"}],"about":[{"href":"https:\/\/asah-bxl.be\/index.php\/wp-json\/wp\/v2\/types\/page"}],"author":[{"embeddable":true,"href":"https:\/\/asah-bxl.be\/index.php\/wp-json\/wp\/v2\/users\/1"}],"replies":[{"embeddable":true,"href":"https:\/\/asah-bxl.be\/index.php\/wp-json\/wp\/v2\/comments?post=153"}],"version-history":[{"count":5,"href":"https:\/\/asah-bxl.be\/index.php\/wp-json\/wp\/v2\/pages\/153\/revisions"}],"predecessor-version":[{"id":721,"href":"https:\/\/asah-bxl.be\/index.php\/wp-json\/wp\/v2\/pages\/153\/revisions\/721"}],"up":[{"embeddable":true,"href":"https:\/\/asah-bxl.be\/index.php\/wp-json\/wp\/v2\/pages\/98"}],"wp:attachment":[{"href":"https:\/\/asah-bxl.be\/index.php\/wp-json\/wp\/v2\/media?parent=153"}],"curies":[{"name":"wp","href":"https:\/\/api.w.org\/{rel}","templated":true}]}}