{"id":154,"date":"2020-02-14T11:32:13","date_gmt":"2020-02-14T10:32:13","guid":{"rendered":"http:\/\/asah-bxl.be\/?page_id=154"},"modified":"2022-10-20T12:03:34","modified_gmt":"2022-10-20T10:03:34","slug":"transition-service-daccompagnement","status":"publish","type":"page","link":"https:\/\/asah-bxl.be\/index.php\/services\/transition-service-daccompagnement\/","title":{"rendered":"Transition"},"content":{"rendered":"\n<pre class=\"wp-block-preformatted\"><\/pre>\n\n\n\n<figure class=\"wp-block-image size-large is-resized\"><img fetchpriority=\"high\" decoding=\"async\" src=\"https:\/\/asah-bxl.be\/wp-content\/uploads\/2020\/02\/logo-Transition.jpg\" alt=\"\" class=\"wp-image-294\" width=\"405\" height=\"187\" srcset=\"https:\/\/asah-bxl.be\/wp-content\/uploads\/2020\/02\/logo-Transition.jpg 557w, https:\/\/asah-bxl.be\/wp-content\/uploads\/2020\/02\/logo-Transition-300x138.jpg 300w\" sizes=\"(max-width: 405px) 100vw, 405px\" \/><\/figure>\n\n\n\n<pre class=\"wp-block-preformatted\"><\/pre>\n\n\n\n<p>\u2709\nChauss\u00e9e\nd\u2019Alsemberg,\n303 bte 2.2 &#8211; 1190 Bruxelles<\/p>\n\n\n\n<p>\u260f\n02\/346.08.00<\/p>\n\n\n\n<p>&nbsp;transition@transitionasbl.be<\/p>\n\n\n\n<p>L\u2019asbl Transition est un service d\u2019accompagnement pour adolescents et adultes&nbsp;en situation de handicap, agr\u00e9\u00e9 et subventionn\u00e9 par la Commission Communautaire Fran\u00e7aise.<\/p>\n\n\n\n<ul class=\"wp-block-list\"><li>&nbsp;Accompagnement individuel de la personne, en lien avec son entourage<\/li><li>Logements accompagn\u00e9s<\/li><li>Activit\u00e9s de loisirs<\/li><\/ul>\n\n\n\n<p>par une \u00e9quipe pluridisciplinaire d\u2019une dizaine de professionnels<\/p>\n\n\n\n<p><strong>Objectifs&nbsp;: <\/strong>offrir un accompagnement individualis\u00e9 dans tous les domaines de la vie quotidienne (logement, gestion administrative\/budg\u00e9taire, emploi, formation, loisirs, relations, sant\u00e9, \u2026) dans le respect de la personne, de ses valeurs, de ses choix et de ses particularit\u00e9s et en lien avec son r\u00e9seau.<\/p>\n\n\n\n<p><a href=\"http:\/\/transitionasbl.be\/\" target=\"_blank\" rel=\"noreferrer noopener\" aria-label=\"transitionasbl.be (s\u2019ouvre dans un nouvel onglet)\">transitionasbl.be<\/a><\/p>\n","protected":false},"excerpt":{"rendered":"<p>\u2709 Chauss\u00e9e d\u2019Alsemberg, 303 bte 2.2 &#8211; 1190 Bruxelles \u260f 02\/346.08.00 &nbsp;transition@transitionasbl.be L\u2019asbl Transition est un service d\u2019accompagnement pour adolescents et adultes&nbsp;en situation de handicap, agr\u00e9\u00e9 et subventionn\u00e9 par la Commission Communautaire Fran\u00e7aise. &nbsp;Accompagnement individuel de la personne, en lien avec son entourage Logements accompagn\u00e9s Activit\u00e9s de loisirs par une \u00e9quipe pluridisciplinaire d\u2019une dizaine de <a href=\"https:\/\/asah-bxl.be\/index.php\/services\/transition-service-daccompagnement\/\" rel=\"nofollow\"><span class=\"sr-only\">En savoir plus surTransition<\/span>[&hellip;]<\/a><\/p>\n","protected":false},"author":1,"featured_media":0,"parent":98,"menu_order":0,"comment_status":"closed","ping_status":"closed","template":"","meta":{"_bbp_topic_count":0,"_bbp_reply_count":0,"_bbp_total_topic_count":0,"_bbp_total_reply_count":0,"_bbp_voice_count":0,"_bbp_anonymous_reply_count":0,"_bbp_topic_count_hidden":0,"_bbp_reply_count_hidden":0,"_bbp_forum_subforum_count":0,"footnotes":""},"class_list":["post-154","page","type-page","status-publish","hentry"],"yoast_head":"<!-- This site is optimized with the Yoast SEO plugin v23.4 - https:\/\/yoast.com\/wordpress\/plugins\/seo\/ -->\n<title>Transition - ASAH-BXL<\/title>\n<meta name=\"robots\" content=\"index, follow, max-snippet:-1, max-image-preview:large, max-video-preview:-1\" \/>\n<link rel=\"canonical\" href=\"https:\/\/asah-bxl.be\/index.php\/services\/transition-service-daccompagnement\/\" \/>\n<meta property=\"og:locale\" content=\"fr_FR\" \/>\n<meta property=\"og:type\" content=\"article\" \/>\n<meta property=\"og:title\" content=\"Transition - ASAH-BXL\" \/>\n<meta property=\"og:description\" content=\"\u2709 Chauss\u00e9e d\u2019Alsemberg, 303 bte 2.2 &#8211; 1190 Bruxelles \u260f 02\/346.08.00 &nbsp;transition@transitionasbl.be L\u2019asbl Transition est un service d\u2019accompagnement pour adolescents et adultes&nbsp;en situation de handicap, agr\u00e9\u00e9 et subventionn\u00e9 par la Commission Communautaire Fran\u00e7aise. &nbsp;Accompagnement individuel de la personne, en lien avec son entourage Logements accompagn\u00e9s Activit\u00e9s de loisirs par une \u00e9quipe pluridisciplinaire d\u2019une dizaine de En savoir plus surTransition[&hellip;]\" \/>\n<meta property=\"og:url\" content=\"https:\/\/asah-bxl.be\/index.php\/services\/transition-service-daccompagnement\/\" \/>\n<meta property=\"og:site_name\" content=\"ASAH-BXL\" \/>\n<meta property=\"article:modified_time\" content=\"2022-10-20T10:03:34+00:00\" \/>\n<meta property=\"og:image\" content=\"http:\/\/asah-bxl.be\/wp-content\/uploads\/2020\/02\/logo-Transition.jpg\" \/>\n<meta name=\"twitter:card\" content=\"summary_large_image\" \/>\n<meta name=\"twitter:label1\" content=\"Dur\u00e9e de lecture estim\u00e9e\" \/>\n\t<meta name=\"twitter:data1\" content=\"1 minute\" \/>\n<script type=\"application\/ld+json\" class=\"yoast-schema-graph\">{\"@context\":\"https:\/\/schema.org\",\"@graph\":[{\"@type\":\"WebPage\",\"@id\":\"https:\/\/asah-bxl.be\/index.php\/services\/transition-service-daccompagnement\/\",\"url\":\"https:\/\/asah-bxl.be\/index.php\/services\/transition-service-daccompagnement\/\",\"name\":\"Transition - ASAH-BXL\",\"isPartOf\":{\"@id\":\"https:\/\/asah-bxl.be\/#website\"},\"primaryImageOfPage\":{\"@id\":\"https:\/\/asah-bxl.be\/index.php\/services\/transition-service-daccompagnement\/#primaryimage\"},\"image\":{\"@id\":\"https:\/\/asah-bxl.be\/index.php\/services\/transition-service-daccompagnement\/#primaryimage\"},\"thumbnailUrl\":\"http:\/\/asah-bxl.be\/wp-content\/uploads\/2020\/02\/logo-Transition.jpg\",\"datePublished\":\"2020-02-14T10:32:13+00:00\",\"dateModified\":\"2022-10-20T10:03:34+00:00\",\"breadcrumb\":{\"@id\":\"https:\/\/asah-bxl.be\/index.php\/services\/transition-service-daccompagnement\/#breadcrumb\"},\"inLanguage\":\"fr-FR\",\"potentialAction\":[{\"@type\":\"ReadAction\",\"target\":[\"https:\/\/asah-bxl.be\/index.php\/services\/transition-service-daccompagnement\/\"]}]},{\"@type\":\"ImageObject\",\"inLanguage\":\"fr-FR\",\"@id\":\"https:\/\/asah-bxl.be\/index.php\/services\/transition-service-daccompagnement\/#primaryimage\",\"url\":\"http:\/\/asah-bxl.be\/wp-content\/uploads\/2020\/02\/logo-Transition.jpg\",\"contentUrl\":\"http:\/\/asah-bxl.be\/wp-content\/uploads\/2020\/02\/logo-Transition.jpg\"},{\"@type\":\"BreadcrumbList\",\"@id\":\"https:\/\/asah-bxl.be\/index.php\/services\/transition-service-daccompagnement\/#breadcrumb\",\"itemListElement\":[{\"@type\":\"ListItem\",\"position\":1,\"name\":\"Accueil\",\"item\":\"https:\/\/asah-bxl.be\/\"},{\"@type\":\"ListItem\",\"position\":2,\"name\":\"Services\",\"item\":\"https:\/\/asah-bxl.be\/index.php\/services\/\"},{\"@type\":\"ListItem\",\"position\":3,\"name\":\"Transition\"}]},{\"@type\":\"WebSite\",\"@id\":\"https:\/\/asah-bxl.be\/#website\",\"url\":\"https:\/\/asah-bxl.be\/\",\"name\":\"ASAH-BXL\",\"description\":\"\",\"publisher\":{\"@id\":\"https:\/\/asah-bxl.be\/#organization\"},\"potentialAction\":[{\"@type\":\"SearchAction\",\"target\":{\"@type\":\"EntryPoint\",\"urlTemplate\":\"https:\/\/asah-bxl.be\/?s={search_term_string}\"},\"query-input\":{\"@type\":\"PropertyValueSpecification\",\"valueRequired\":true,\"valueName\":\"search_term_string\"}}],\"inLanguage\":\"fr-FR\"},{\"@type\":\"Organization\",\"@id\":\"https:\/\/asah-bxl.be\/#organization\",\"name\":\"ASAH-BXL\",\"url\":\"https:\/\/asah-bxl.be\/\",\"logo\":{\"@type\":\"ImageObject\",\"inLanguage\":\"fr-FR\",\"@id\":\"https:\/\/asah-bxl.be\/#\/schema\/logo\/image\/\",\"url\":\"https:\/\/asah-bxl.be\/wp-content\/uploads\/2020\/02\/cropped-Sans-titre-6-3-9.png\",\"contentUrl\":\"https:\/\/asah-bxl.be\/wp-content\/uploads\/2020\/02\/cropped-Sans-titre-6-3-9.png\",\"width\":724,\"height\":528,\"caption\":\"ASAH-BXL\"},\"image\":{\"@id\":\"https:\/\/asah-bxl.be\/#\/schema\/logo\/image\/\"}}]}<\/script>\n<!-- \/ Yoast SEO plugin. -->","yoast_head_json":{"title":"Transition - ASAH-BXL","robots":{"index":"index","follow":"follow","max-snippet":"max-snippet:-1","max-image-preview":"max-image-preview:large","max-video-preview":"max-video-preview:-1"},"canonical":"https:\/\/asah-bxl.be\/index.php\/services\/transition-service-daccompagnement\/","og_locale":"fr_FR","og_type":"article","og_title":"Transition - ASAH-BXL","og_description":"\u2709 Chauss\u00e9e d\u2019Alsemberg, 303 bte 2.2 &#8211; 1190 Bruxelles \u260f 02\/346.08.00 &nbsp;transition@transitionasbl.be L\u2019asbl Transition est un service d\u2019accompagnement pour adolescents et adultes&nbsp;en situation de handicap, agr\u00e9\u00e9 et subventionn\u00e9 par la Commission Communautaire Fran\u00e7aise. &nbsp;Accompagnement individuel de la personne, en lien avec son entourage Logements accompagn\u00e9s Activit\u00e9s de loisirs par une \u00e9quipe pluridisciplinaire d\u2019une dizaine de En savoir plus surTransition[&hellip;]","og_url":"https:\/\/asah-bxl.be\/index.php\/services\/transition-service-daccompagnement\/","og_site_name":"ASAH-BXL","article_modified_time":"2022-10-20T10:03:34+00:00","og_image":[{"url":"http:\/\/asah-bxl.be\/wp-content\/uploads\/2020\/02\/logo-Transition.jpg"}],"twitter_card":"summary_large_image","twitter_misc":{"Dur\u00e9e de lecture estim\u00e9e":"1 minute"},"schema":{"@context":"https:\/\/schema.org","@graph":[{"@type":"WebPage","@id":"https:\/\/asah-bxl.be\/index.php\/services\/transition-service-daccompagnement\/","url":"https:\/\/asah-bxl.be\/index.php\/services\/transition-service-daccompagnement\/","name":"Transition - ASAH-BXL","isPartOf":{"@id":"https:\/\/asah-bxl.be\/#website"},"primaryImageOfPage":{"@id":"https:\/\/asah-bxl.be\/index.php\/services\/transition-service-daccompagnement\/#primaryimage"},"image":{"@id":"https:\/\/asah-bxl.be\/index.php\/services\/transition-service-daccompagnement\/#primaryimage"},"thumbnailUrl":"http:\/\/asah-bxl.be\/wp-content\/uploads\/2020\/02\/logo-Transition.jpg","datePublished":"2020-02-14T10:32:13+00:00","dateModified":"2022-10-20T10:03:34+00:00","breadcrumb":{"@id":"https:\/\/asah-bxl.be\/index.php\/services\/transition-service-daccompagnement\/#breadcrumb"},"inLanguage":"fr-FR","potentialAction":[{"@type":"ReadAction","target":["https:\/\/asah-bxl.be\/index.php\/services\/transition-service-daccompagnement\/"]}]},{"@type":"ImageObject","inLanguage":"fr-FR","@id":"https:\/\/asah-bxl.be\/index.php\/services\/transition-service-daccompagnement\/#primaryimage","url":"http:\/\/asah-bxl.be\/wp-content\/uploads\/2020\/02\/logo-Transition.jpg","contentUrl":"http:\/\/asah-bxl.be\/wp-content\/uploads\/2020\/02\/logo-Transition.jpg"},{"@type":"BreadcrumbList","@id":"https:\/\/asah-bxl.be\/index.php\/services\/transition-service-daccompagnement\/#breadcrumb","itemListElement":[{"@type":"ListItem","position":1,"name":"Accueil","item":"https:\/\/asah-bxl.be\/"},{"@type":"ListItem","position":2,"name":"Services","item":"https:\/\/asah-bxl.be\/index.php\/services\/"},{"@type":"ListItem","position":3,"name":"Transition"}]},{"@type":"WebSite","@id":"https:\/\/asah-bxl.be\/#website","url":"https:\/\/asah-bxl.be\/","name":"ASAH-BXL","description":"","publisher":{"@id":"https:\/\/asah-bxl.be\/#organization"},"potentialAction":[{"@type":"SearchAction","target":{"@type":"EntryPoint","urlTemplate":"https:\/\/asah-bxl.be\/?s={search_term_string}"},"query-input":{"@type":"PropertyValueSpecification","valueRequired":true,"valueName":"search_term_string"}}],"inLanguage":"fr-FR"},{"@type":"Organization","@id":"https:\/\/asah-bxl.be\/#organization","name":"ASAH-BXL","url":"https:\/\/asah-bxl.be\/","logo":{"@type":"ImageObject","inLanguage":"fr-FR","@id":"https:\/\/asah-bxl.be\/#\/schema\/logo\/image\/","url":"https:\/\/asah-bxl.be\/wp-content\/uploads\/2020\/02\/cropped-Sans-titre-6-3-9.png","contentUrl":"https:\/\/asah-bxl.be\/wp-content\/uploads\/2020\/02\/cropped-Sans-titre-6-3-9.png","width":724,"height":528,"caption":"ASAH-BXL"},"image":{"@id":"https:\/\/asah-bxl.be\/#\/schema\/logo\/image\/"}}]}},"_links":{"self":[{"href":"https:\/\/asah-bxl.be\/index.php\/wp-json\/wp\/v2\/pages\/154","targetHints":{"allow":["GET"]}}],"collection":[{"href":"https:\/\/asah-bxl.be\/index.php\/wp-json\/wp\/v2\/pages"}],"about":[{"href":"https:\/\/asah-bxl.be\/index.php\/wp-json\/wp\/v2\/types\/page"}],"author":[{"embeddable":true,"href":"https:\/\/asah-bxl.be\/index.php\/wp-json\/wp\/v2\/users\/1"}],"replies":[{"embeddable":true,"href":"https:\/\/asah-bxl.be\/index.php\/wp-json\/wp\/v2\/comments?post=154"}],"version-history":[{"count":4,"href":"https:\/\/asah-bxl.be\/index.php\/wp-json\/wp\/v2\/pages\/154\/revisions"}],"predecessor-version":[{"id":757,"href":"https:\/\/asah-bxl.be\/index.php\/wp-json\/wp\/v2\/pages\/154\/revisions\/757"}],"up":[{"embeddable":true,"href":"https:\/\/asah-bxl.be\/index.php\/wp-json\/wp\/v2\/pages\/98"}],"wp:attachment":[{"href":"https:\/\/asah-bxl.be\/index.php\/wp-json\/wp\/v2\/media?parent=154"}],"curies":[{"name":"wp","href":"https:\/\/api.w.org\/{rel}","templated":true}]}}