{"id":155,"date":"2020-02-14T11:32:13","date_gmt":"2020-02-14T10:32:13","guid":{"rendered":"http:\/\/asah-bxl.be\/?page_id=155"},"modified":"2022-10-20T12:12:07","modified_gmt":"2022-10-20T10:12:07","slug":"triangle","status":"publish","type":"page","link":"https:\/\/asah-bxl.be\/index.php\/services\/triangle\/","title":{"rendered":"Triangle Bruxelles"},"content":{"rendered":"\n<pre class=\"wp-block-preformatted\"><\/pre>\n\n\n\n<figure class=\"wp-block-image size-large is-resized\"><img fetchpriority=\"high\" decoding=\"async\" src=\"https:\/\/asah-bxl.be\/wp-content\/uploads\/2020\/02\/nouveau-logo-triangle-wallonie-720x378-1.jpg\" alt=\"\" class=\"wp-image-296\" width=\"396\" height=\"207\" srcset=\"https:\/\/asah-bxl.be\/wp-content\/uploads\/2020\/02\/nouveau-logo-triangle-wallonie-720x378-1.jpg 720w, https:\/\/asah-bxl.be\/wp-content\/uploads\/2020\/02\/nouveau-logo-triangle-wallonie-720x378-1-300x158.jpg 300w\" sizes=\"(max-width: 396px) 100vw, 396px\" \/><\/figure>\n\n\n\n<pre class=\"wp-block-preformatted\"><\/pre>\n\n\n\n<p>\u2709\nChauss\u00e9e\nde Waterloo, 1504 &#8211; 1180 Bruxelles<\/p>\n\n\n\n<p>\u260f\n02\/373.52.45(d\u00e9ficience\nvisuelle) \u2013\n02\/373.52.47(d\u00e9ficience\nauditive)<\/p>\n\n\n\n<p>Fax : 02\/373.52.94<\/p>\n\n\n\n<p>triangle.bruxelles@gmail.com<\/p>\n\n\n\n<p><strong>S<\/strong>ervice d&rsquo;<strong>A<\/strong>ccompagnement&nbsp;pour enfants&nbsp;et jeunes&nbsp;d\u00e9ficients sensoriels&nbsp;et leur famille.<\/p>\n\n\n\n<p>Le service&nbsp;Triangle-Bruxelles&nbsp;est sp\u00e9cialis\u00e9&nbsp;dans l&rsquo;accompagnement&nbsp;des enfants&nbsp;et des jeunes d\u00e9ficients auditifs et\/ou&nbsp;visuels&nbsp;avec ou sans troubles associ\u00e9s&nbsp;\u00e2g\u00e9s de 0 \u00e0 12 ans (d\u00e9ficience visuelle)&nbsp;ou de 0 \u00e0 18 ans (d\u00e9ficience auditive) habitant la R\u00e9gion bruxelloise.<\/p>\n\n\n\n<ul class=\"wp-block-list\"><li><em>Aide pr\u00e9coce<\/em><\/li><li><em>Aide \u00e0 l&rsquo;int\u00e9gration sociale\u00a0et inclusion scolaire<\/em><\/li><li><em>Organisation de rencontres pour les familles<\/em><\/li><li><em>Activit\u00e9s de groupe pour les enfants et les parents<\/em><\/li><li><em>Formation et sensibilisation aux d\u00e9ficiences sensorielles<\/em><\/li><\/ul>\n\n\n\n<p><strong>D\u00e9ficience visuelle<\/strong> : L&rsquo;accompagnement des plus petits est ax\u00e9 sur l&rsquo;observation et l&rsquo;\u00e9veil du d\u00e9veloppement sensori-moteur global. Pour les plus grands, l&rsquo;accompagnement tient compte de la dimension scolaire. Nous veillons \u00e0 l&rsquo;utilisation des compensations et des adaptations n\u00e9cessaires aux diff\u00e9rents apprentissages.<\/p>\n\n\n\n<p><strong>D\u00e9ficience auditive<\/strong> : Une attention particuli\u00e8re est port\u00e9e au d\u00e9veloppement optimal de l&rsquo;audition et du langage, \u00e0 l&rsquo;apprentissage et \u00e0 l&rsquo;utilisation par l&rsquo;entourage (parents, famille, cr\u00e8che, enseignants&#8230;) de moyens de communication sp\u00e9cifiques (signes, aide \u00e0 la lecture labiale,&#8230;) \u00e0 l&rsquo;adaptation de l&rsquo;\u00e9ducation et des apprentissages scolaires \u00e0 la surdit\u00e9, \u00e0 l&rsquo;int\u00e9gration sociale des enfants et jeunes dans leurs diff\u00e9rents milieux de vie.<\/p>\n\n\n\n<p><a href=\"http:\/\/www.trianglebruxelles.be\/\" target=\"_blank\" rel=\"noreferrer noopener\" aria-label=\" (s\u2019ouvre dans un nouvel onglet)\">http:\/\/www.trianglebruxelles.be\/<\/a><\/p>\n","protected":false},"excerpt":{"rendered":"<p>\u2709 Chauss\u00e9e de Waterloo, 1504 &#8211; 1180 Bruxelles \u260f 02\/373.52.45(d\u00e9ficience visuelle) \u2013 02\/373.52.47(d\u00e9ficience auditive) Fax : 02\/373.52.94 triangle.bruxelles@gmail.com Service d&rsquo;Accompagnement&nbsp;pour enfants&nbsp;et jeunes&nbsp;d\u00e9ficients sensoriels&nbsp;et leur famille. Le service&nbsp;Triangle-Bruxelles&nbsp;est sp\u00e9cialis\u00e9&nbsp;dans l&rsquo;accompagnement&nbsp;des enfants&nbsp;et des jeunes d\u00e9ficients auditifs et\/ou&nbsp;visuels&nbsp;avec ou sans troubles associ\u00e9s&nbsp;\u00e2g\u00e9s de 0 \u00e0 12 ans (d\u00e9ficience visuelle)&nbsp;ou de 0 \u00e0 18 ans (d\u00e9ficience auditive) habitant la <a href=\"https:\/\/asah-bxl.be\/index.php\/services\/triangle\/\" rel=\"nofollow\"><span class=\"sr-only\">En savoir plus surTriangle Bruxelles<\/span>[&hellip;]<\/a><\/p>\n","protected":false},"author":1,"featured_media":0,"parent":98,"menu_order":0,"comment_status":"closed","ping_status":"closed","template":"","meta":{"_bbp_topic_count":0,"_bbp_reply_count":0,"_bbp_total_topic_count":0,"_bbp_total_reply_count":0,"_bbp_voice_count":0,"_bbp_anonymous_reply_count":0,"_bbp_topic_count_hidden":0,"_bbp_reply_count_hidden":0,"_bbp_forum_subforum_count":0,"footnotes":""},"class_list":["post-155","page","type-page","status-publish","hentry"],"yoast_head":"<!-- This site is optimized with the Yoast SEO plugin v23.4 - https:\/\/yoast.com\/wordpress\/plugins\/seo\/ -->\n<title>Triangle Bruxelles - ASAH-BXL<\/title>\n<meta name=\"robots\" content=\"index, follow, max-snippet:-1, max-image-preview:large, max-video-preview:-1\" \/>\n<link rel=\"canonical\" href=\"https:\/\/asah-bxl.be\/index.php\/services\/triangle\/\" \/>\n<meta property=\"og:locale\" content=\"fr_FR\" \/>\n<meta property=\"og:type\" content=\"article\" \/>\n<meta property=\"og:title\" content=\"Triangle Bruxelles - ASAH-BXL\" \/>\n<meta property=\"og:description\" content=\"\u2709 Chauss\u00e9e de Waterloo, 1504 &#8211; 1180 Bruxelles \u260f 02\/373.52.45(d\u00e9ficience visuelle) \u2013 02\/373.52.47(d\u00e9ficience auditive) Fax : 02\/373.52.94 triangle.bruxelles@gmail.com Service d&rsquo;Accompagnement&nbsp;pour enfants&nbsp;et jeunes&nbsp;d\u00e9ficients sensoriels&nbsp;et leur famille. Le service&nbsp;Triangle-Bruxelles&nbsp;est sp\u00e9cialis\u00e9&nbsp;dans l&rsquo;accompagnement&nbsp;des enfants&nbsp;et des jeunes d\u00e9ficients auditifs et\/ou&nbsp;visuels&nbsp;avec ou sans troubles associ\u00e9s&nbsp;\u00e2g\u00e9s de 0 \u00e0 12 ans (d\u00e9ficience visuelle)&nbsp;ou de 0 \u00e0 18 ans (d\u00e9ficience auditive) habitant la En savoir plus surTriangle Bruxelles[&hellip;]\" \/>\n<meta property=\"og:url\" content=\"https:\/\/asah-bxl.be\/index.php\/services\/triangle\/\" \/>\n<meta property=\"og:site_name\" content=\"ASAH-BXL\" \/>\n<meta property=\"article:modified_time\" content=\"2022-10-20T10:12:07+00:00\" \/>\n<meta property=\"og:image\" content=\"http:\/\/asah-bxl.be\/wp-content\/uploads\/2020\/02\/nouveau-logo-triangle-wallonie-720x378-1.jpg\" \/>\n<meta name=\"twitter:card\" content=\"summary_large_image\" \/>\n<meta name=\"twitter:label1\" content=\"Dur\u00e9e de lecture estim\u00e9e\" \/>\n\t<meta name=\"twitter:data1\" content=\"2 minutes\" \/>\n<script type=\"application\/ld+json\" class=\"yoast-schema-graph\">{\"@context\":\"https:\/\/schema.org\",\"@graph\":[{\"@type\":\"WebPage\",\"@id\":\"https:\/\/asah-bxl.be\/index.php\/services\/triangle\/\",\"url\":\"https:\/\/asah-bxl.be\/index.php\/services\/triangle\/\",\"name\":\"Triangle Bruxelles - ASAH-BXL\",\"isPartOf\":{\"@id\":\"https:\/\/asah-bxl.be\/#website\"},\"primaryImageOfPage\":{\"@id\":\"https:\/\/asah-bxl.be\/index.php\/services\/triangle\/#primaryimage\"},\"image\":{\"@id\":\"https:\/\/asah-bxl.be\/index.php\/services\/triangle\/#primaryimage\"},\"thumbnailUrl\":\"http:\/\/asah-bxl.be\/wp-content\/uploads\/2020\/02\/nouveau-logo-triangle-wallonie-720x378-1.jpg\",\"datePublished\":\"2020-02-14T10:32:13+00:00\",\"dateModified\":\"2022-10-20T10:12:07+00:00\",\"breadcrumb\":{\"@id\":\"https:\/\/asah-bxl.be\/index.php\/services\/triangle\/#breadcrumb\"},\"inLanguage\":\"fr-FR\",\"potentialAction\":[{\"@type\":\"ReadAction\",\"target\":[\"https:\/\/asah-bxl.be\/index.php\/services\/triangle\/\"]}]},{\"@type\":\"ImageObject\",\"inLanguage\":\"fr-FR\",\"@id\":\"https:\/\/asah-bxl.be\/index.php\/services\/triangle\/#primaryimage\",\"url\":\"http:\/\/asah-bxl.be\/wp-content\/uploads\/2020\/02\/nouveau-logo-triangle-wallonie-720x378-1.jpg\",\"contentUrl\":\"http:\/\/asah-bxl.be\/wp-content\/uploads\/2020\/02\/nouveau-logo-triangle-wallonie-720x378-1.jpg\"},{\"@type\":\"BreadcrumbList\",\"@id\":\"https:\/\/asah-bxl.be\/index.php\/services\/triangle\/#breadcrumb\",\"itemListElement\":[{\"@type\":\"ListItem\",\"position\":1,\"name\":\"Accueil\",\"item\":\"https:\/\/asah-bxl.be\/\"},{\"@type\":\"ListItem\",\"position\":2,\"name\":\"Services\",\"item\":\"https:\/\/asah-bxl.be\/index.php\/services\/\"},{\"@type\":\"ListItem\",\"position\":3,\"name\":\"Triangle Bruxelles\"}]},{\"@type\":\"WebSite\",\"@id\":\"https:\/\/asah-bxl.be\/#website\",\"url\":\"https:\/\/asah-bxl.be\/\",\"name\":\"ASAH-BXL\",\"description\":\"\",\"publisher\":{\"@id\":\"https:\/\/asah-bxl.be\/#organization\"},\"potentialAction\":[{\"@type\":\"SearchAction\",\"target\":{\"@type\":\"EntryPoint\",\"urlTemplate\":\"https:\/\/asah-bxl.be\/?s={search_term_string}\"},\"query-input\":{\"@type\":\"PropertyValueSpecification\",\"valueRequired\":true,\"valueName\":\"search_term_string\"}}],\"inLanguage\":\"fr-FR\"},{\"@type\":\"Organization\",\"@id\":\"https:\/\/asah-bxl.be\/#organization\",\"name\":\"ASAH-BXL\",\"url\":\"https:\/\/asah-bxl.be\/\",\"logo\":{\"@type\":\"ImageObject\",\"inLanguage\":\"fr-FR\",\"@id\":\"https:\/\/asah-bxl.be\/#\/schema\/logo\/image\/\",\"url\":\"https:\/\/asah-bxl.be\/wp-content\/uploads\/2020\/02\/cropped-Sans-titre-6-3-9.png\",\"contentUrl\":\"https:\/\/asah-bxl.be\/wp-content\/uploads\/2020\/02\/cropped-Sans-titre-6-3-9.png\",\"width\":724,\"height\":528,\"caption\":\"ASAH-BXL\"},\"image\":{\"@id\":\"https:\/\/asah-bxl.be\/#\/schema\/logo\/image\/\"}}]}<\/script>\n<!-- \/ Yoast SEO plugin. -->","yoast_head_json":{"title":"Triangle Bruxelles - ASAH-BXL","robots":{"index":"index","follow":"follow","max-snippet":"max-snippet:-1","max-image-preview":"max-image-preview:large","max-video-preview":"max-video-preview:-1"},"canonical":"https:\/\/asah-bxl.be\/index.php\/services\/triangle\/","og_locale":"fr_FR","og_type":"article","og_title":"Triangle Bruxelles - ASAH-BXL","og_description":"\u2709 Chauss\u00e9e de Waterloo, 1504 &#8211; 1180 Bruxelles \u260f 02\/373.52.45(d\u00e9ficience visuelle) \u2013 02\/373.52.47(d\u00e9ficience auditive) Fax : 02\/373.52.94 triangle.bruxelles@gmail.com Service d&rsquo;Accompagnement&nbsp;pour enfants&nbsp;et jeunes&nbsp;d\u00e9ficients sensoriels&nbsp;et leur famille. Le service&nbsp;Triangle-Bruxelles&nbsp;est sp\u00e9cialis\u00e9&nbsp;dans l&rsquo;accompagnement&nbsp;des enfants&nbsp;et des jeunes d\u00e9ficients auditifs et\/ou&nbsp;visuels&nbsp;avec ou sans troubles associ\u00e9s&nbsp;\u00e2g\u00e9s de 0 \u00e0 12 ans (d\u00e9ficience visuelle)&nbsp;ou de 0 \u00e0 18 ans (d\u00e9ficience auditive) habitant la En savoir plus surTriangle Bruxelles[&hellip;]","og_url":"https:\/\/asah-bxl.be\/index.php\/services\/triangle\/","og_site_name":"ASAH-BXL","article_modified_time":"2022-10-20T10:12:07+00:00","og_image":[{"url":"http:\/\/asah-bxl.be\/wp-content\/uploads\/2020\/02\/nouveau-logo-triangle-wallonie-720x378-1.jpg"}],"twitter_card":"summary_large_image","twitter_misc":{"Dur\u00e9e de lecture estim\u00e9e":"2 minutes"},"schema":{"@context":"https:\/\/schema.org","@graph":[{"@type":"WebPage","@id":"https:\/\/asah-bxl.be\/index.php\/services\/triangle\/","url":"https:\/\/asah-bxl.be\/index.php\/services\/triangle\/","name":"Triangle Bruxelles - ASAH-BXL","isPartOf":{"@id":"https:\/\/asah-bxl.be\/#website"},"primaryImageOfPage":{"@id":"https:\/\/asah-bxl.be\/index.php\/services\/triangle\/#primaryimage"},"image":{"@id":"https:\/\/asah-bxl.be\/index.php\/services\/triangle\/#primaryimage"},"thumbnailUrl":"http:\/\/asah-bxl.be\/wp-content\/uploads\/2020\/02\/nouveau-logo-triangle-wallonie-720x378-1.jpg","datePublished":"2020-02-14T10:32:13+00:00","dateModified":"2022-10-20T10:12:07+00:00","breadcrumb":{"@id":"https:\/\/asah-bxl.be\/index.php\/services\/triangle\/#breadcrumb"},"inLanguage":"fr-FR","potentialAction":[{"@type":"ReadAction","target":["https:\/\/asah-bxl.be\/index.php\/services\/triangle\/"]}]},{"@type":"ImageObject","inLanguage":"fr-FR","@id":"https:\/\/asah-bxl.be\/index.php\/services\/triangle\/#primaryimage","url":"http:\/\/asah-bxl.be\/wp-content\/uploads\/2020\/02\/nouveau-logo-triangle-wallonie-720x378-1.jpg","contentUrl":"http:\/\/asah-bxl.be\/wp-content\/uploads\/2020\/02\/nouveau-logo-triangle-wallonie-720x378-1.jpg"},{"@type":"BreadcrumbList","@id":"https:\/\/asah-bxl.be\/index.php\/services\/triangle\/#breadcrumb","itemListElement":[{"@type":"ListItem","position":1,"name":"Accueil","item":"https:\/\/asah-bxl.be\/"},{"@type":"ListItem","position":2,"name":"Services","item":"https:\/\/asah-bxl.be\/index.php\/services\/"},{"@type":"ListItem","position":3,"name":"Triangle Bruxelles"}]},{"@type":"WebSite","@id":"https:\/\/asah-bxl.be\/#website","url":"https:\/\/asah-bxl.be\/","name":"ASAH-BXL","description":"","publisher":{"@id":"https:\/\/asah-bxl.be\/#organization"},"potentialAction":[{"@type":"SearchAction","target":{"@type":"EntryPoint","urlTemplate":"https:\/\/asah-bxl.be\/?s={search_term_string}"},"query-input":{"@type":"PropertyValueSpecification","valueRequired":true,"valueName":"search_term_string"}}],"inLanguage":"fr-FR"},{"@type":"Organization","@id":"https:\/\/asah-bxl.be\/#organization","name":"ASAH-BXL","url":"https:\/\/asah-bxl.be\/","logo":{"@type":"ImageObject","inLanguage":"fr-FR","@id":"https:\/\/asah-bxl.be\/#\/schema\/logo\/image\/","url":"https:\/\/asah-bxl.be\/wp-content\/uploads\/2020\/02\/cropped-Sans-titre-6-3-9.png","contentUrl":"https:\/\/asah-bxl.be\/wp-content\/uploads\/2020\/02\/cropped-Sans-titre-6-3-9.png","width":724,"height":528,"caption":"ASAH-BXL"},"image":{"@id":"https:\/\/asah-bxl.be\/#\/schema\/logo\/image\/"}}]}},"_links":{"self":[{"href":"https:\/\/asah-bxl.be\/index.php\/wp-json\/wp\/v2\/pages\/155","targetHints":{"allow":["GET"]}}],"collection":[{"href":"https:\/\/asah-bxl.be\/index.php\/wp-json\/wp\/v2\/pages"}],"about":[{"href":"https:\/\/asah-bxl.be\/index.php\/wp-json\/wp\/v2\/types\/page"}],"author":[{"embeddable":true,"href":"https:\/\/asah-bxl.be\/index.php\/wp-json\/wp\/v2\/users\/1"}],"replies":[{"embeddable":true,"href":"https:\/\/asah-bxl.be\/index.php\/wp-json\/wp\/v2\/comments?post=155"}],"version-history":[{"count":5,"href":"https:\/\/asah-bxl.be\/index.php\/wp-json\/wp\/v2\/pages\/155\/revisions"}],"predecessor-version":[{"id":759,"href":"https:\/\/asah-bxl.be\/index.php\/wp-json\/wp\/v2\/pages\/155\/revisions\/759"}],"up":[{"embeddable":true,"href":"https:\/\/asah-bxl.be\/index.php\/wp-json\/wp\/v2\/pages\/98"}],"wp:attachment":[{"href":"https:\/\/asah-bxl.be\/index.php\/wp-json\/wp\/v2\/media?parent=155"}],"curies":[{"name":"wp","href":"https:\/\/api.w.org\/{rel}","templated":true}]}}