{"id":156,"date":"2020-02-14T11:32:13","date_gmt":"2020-02-14T10:32:13","guid":{"rendered":"http:\/\/asah-bxl.be\/?page_id=156"},"modified":"2022-10-18T14:55:16","modified_gmt":"2022-10-18T12:55:16","slug":"la-vague","status":"publish","type":"page","link":"https:\/\/asah-bxl.be\/index.php\/services\/la-vague\/","title":{"rendered":"La Vague"},"content":{"rendered":"\n<pre class=\"wp-block-preformatted\"><\/pre>\n\n\n\n<figure class=\"wp-block-image size-large is-resized\"><img fetchpriority=\"high\" decoding=\"async\" src=\"https:\/\/asah-bxl.be\/wp-content\/uploads\/2020\/02\/Logo-La-Vague-bleu-nouveau-format-954x1024.jpg\" alt=\"\" class=\"wp-image-300\" width=\"283\" height=\"303\" srcset=\"https:\/\/asah-bxl.be\/wp-content\/uploads\/2020\/02\/Logo-La-Vague-bleu-nouveau-format-954x1024.jpg 954w, https:\/\/asah-bxl.be\/wp-content\/uploads\/2020\/02\/Logo-La-Vague-bleu-nouveau-format-280x300.jpg 280w, https:\/\/asah-bxl.be\/wp-content\/uploads\/2020\/02\/Logo-La-Vague-bleu-nouveau-format-768x824.jpg 768w, https:\/\/asah-bxl.be\/wp-content\/uploads\/2020\/02\/Logo-La-Vague-bleu-nouveau-format-1431x1536.jpg 1431w, https:\/\/asah-bxl.be\/wp-content\/uploads\/2020\/02\/Logo-La-Vague-bleu-nouveau-format.jpg 1518w\" sizes=\"(max-width: 283px) 100vw, 283px\" \/><\/figure>\n\n\n\n<pre class=\"wp-block-preformatted\"><\/pre>\n\n\n\n<p>\u2709\nAv. Edouard. de Thibault, 35 &#8211; 1040 Bruxelles<\/p>\n\n\n\n<p>\u260f\n02\/735.83.34<\/p>\n\n\n\n<p>&nbsp;info@lavague.be<\/p>\n\n\n\n<p>LA VAGUE est un service d&rsquo;accompagnement, d&rsquo;accueil familial et de parrainage pour enfants et adultes en situation de handicap (toutes d\u00e9ficiences : mentales, physiques, sensorielles). L&rsquo;asbl est active \u00e0 Bruxelles et dans ses environs.<br><br>L&rsquo;accueil familial est l&rsquo;accueil d&rsquo;une personne en situation de handicap \u00e0 temps plein au sein d&rsquo;une famille.<br><br>Le parrainage est un accueil \u00e0 temps partiel, quelques journ\u00e9es par mois et une partie des vacances.<br><br>L&rsquo;accompagnement en logement individuel est destin\u00e9 aux adultes suffisamment autonomes pour vivre seuls ou en couple. La Vague les accompagne alors au niveau administratif, relationnel, dans leur recherche d&#8217;emplois, de loisirs&#8230;<\/p>\n\n\n\n<p><a href=\"http:\/\/www.la-vague.be\/\" target=\"_blank\" rel=\"noreferrer noopener\" aria-label=\" (s\u2019ouvre dans un nouvel onglet)\">http:\/\/www.la-vague.be\/<\/a><\/p>\n","protected":false},"excerpt":{"rendered":"<p>\u2709 Av. Edouard. de Thibault, 35 &#8211; 1040 Bruxelles \u260f 02\/735.83.34 &nbsp;info@lavague.be LA VAGUE est un service d&rsquo;accompagnement, d&rsquo;accueil familial et de parrainage pour enfants et adultes en situation de handicap (toutes d\u00e9ficiences : mentales, physiques, sensorielles). L&rsquo;asbl est active \u00e0 Bruxelles et dans ses environs. L&rsquo;accueil familial est l&rsquo;accueil d&rsquo;une personne en situation de <a href=\"https:\/\/asah-bxl.be\/index.php\/services\/la-vague\/\" rel=\"nofollow\"><span class=\"sr-only\">En savoir plus surLa Vague<\/span>[&hellip;]<\/a><\/p>\n","protected":false},"author":1,"featured_media":0,"parent":98,"menu_order":0,"comment_status":"closed","ping_status":"closed","template":"","meta":{"_bbp_topic_count":0,"_bbp_reply_count":0,"_bbp_total_topic_count":0,"_bbp_total_reply_count":0,"_bbp_voice_count":0,"_bbp_anonymous_reply_count":0,"_bbp_topic_count_hidden":0,"_bbp_reply_count_hidden":0,"_bbp_forum_subforum_count":0,"footnotes":""},"class_list":["post-156","page","type-page","status-publish","hentry"],"yoast_head":"<!-- This site is optimized with the Yoast SEO plugin v23.4 - https:\/\/yoast.com\/wordpress\/plugins\/seo\/ -->\n<title>La Vague - ASAH-BXL<\/title>\n<meta name=\"robots\" content=\"index, follow, max-snippet:-1, max-image-preview:large, max-video-preview:-1\" \/>\n<link rel=\"canonical\" href=\"https:\/\/asah-bxl.be\/index.php\/services\/la-vague\/\" \/>\n<meta property=\"og:locale\" content=\"fr_FR\" \/>\n<meta property=\"og:type\" content=\"article\" \/>\n<meta property=\"og:title\" content=\"La Vague - ASAH-BXL\" \/>\n<meta property=\"og:description\" content=\"\u2709 Av. Edouard. de Thibault, 35 &#8211; 1040 Bruxelles \u260f 02\/735.83.34 &nbsp;info@lavague.be LA VAGUE est un service d&rsquo;accompagnement, d&rsquo;accueil familial et de parrainage pour enfants et adultes en situation de handicap (toutes d\u00e9ficiences : mentales, physiques, sensorielles). L&rsquo;asbl est active \u00e0 Bruxelles et dans ses environs. L&rsquo;accueil familial est l&rsquo;accueil d&rsquo;une personne en situation de En savoir plus surLa Vague[&hellip;]\" \/>\n<meta property=\"og:url\" content=\"https:\/\/asah-bxl.be\/index.php\/services\/la-vague\/\" \/>\n<meta property=\"og:site_name\" content=\"ASAH-BXL\" \/>\n<meta property=\"article:modified_time\" content=\"2022-10-18T12:55:16+00:00\" \/>\n<meta property=\"og:image\" content=\"http:\/\/asah-bxl.be\/wp-content\/uploads\/2020\/02\/Logo-La-Vague-bleu-nouveau-format-954x1024.jpg\" \/>\n<meta name=\"twitter:card\" content=\"summary_large_image\" \/>\n<meta name=\"twitter:label1\" content=\"Dur\u00e9e de lecture estim\u00e9e\" \/>\n\t<meta name=\"twitter:data1\" content=\"1 minute\" \/>\n<script type=\"application\/ld+json\" class=\"yoast-schema-graph\">{\"@context\":\"https:\/\/schema.org\",\"@graph\":[{\"@type\":\"WebPage\",\"@id\":\"https:\/\/asah-bxl.be\/index.php\/services\/la-vague\/\",\"url\":\"https:\/\/asah-bxl.be\/index.php\/services\/la-vague\/\",\"name\":\"La Vague - ASAH-BXL\",\"isPartOf\":{\"@id\":\"https:\/\/asah-bxl.be\/#website\"},\"primaryImageOfPage\":{\"@id\":\"https:\/\/asah-bxl.be\/index.php\/services\/la-vague\/#primaryimage\"},\"image\":{\"@id\":\"https:\/\/asah-bxl.be\/index.php\/services\/la-vague\/#primaryimage\"},\"thumbnailUrl\":\"http:\/\/asah-bxl.be\/wp-content\/uploads\/2020\/02\/Logo-La-Vague-bleu-nouveau-format-954x1024.jpg\",\"datePublished\":\"2020-02-14T10:32:13+00:00\",\"dateModified\":\"2022-10-18T12:55:16+00:00\",\"breadcrumb\":{\"@id\":\"https:\/\/asah-bxl.be\/index.php\/services\/la-vague\/#breadcrumb\"},\"inLanguage\":\"fr-FR\",\"potentialAction\":[{\"@type\":\"ReadAction\",\"target\":[\"https:\/\/asah-bxl.be\/index.php\/services\/la-vague\/\"]}]},{\"@type\":\"ImageObject\",\"inLanguage\":\"fr-FR\",\"@id\":\"https:\/\/asah-bxl.be\/index.php\/services\/la-vague\/#primaryimage\",\"url\":\"http:\/\/asah-bxl.be\/wp-content\/uploads\/2020\/02\/Logo-La-Vague-bleu-nouveau-format-954x1024.jpg\",\"contentUrl\":\"http:\/\/asah-bxl.be\/wp-content\/uploads\/2020\/02\/Logo-La-Vague-bleu-nouveau-format-954x1024.jpg\"},{\"@type\":\"BreadcrumbList\",\"@id\":\"https:\/\/asah-bxl.be\/index.php\/services\/la-vague\/#breadcrumb\",\"itemListElement\":[{\"@type\":\"ListItem\",\"position\":1,\"name\":\"Accueil\",\"item\":\"https:\/\/asah-bxl.be\/\"},{\"@type\":\"ListItem\",\"position\":2,\"name\":\"Services\",\"item\":\"https:\/\/asah-bxl.be\/index.php\/services\/\"},{\"@type\":\"ListItem\",\"position\":3,\"name\":\"La Vague\"}]},{\"@type\":\"WebSite\",\"@id\":\"https:\/\/asah-bxl.be\/#website\",\"url\":\"https:\/\/asah-bxl.be\/\",\"name\":\"ASAH-BXL\",\"description\":\"\",\"publisher\":{\"@id\":\"https:\/\/asah-bxl.be\/#organization\"},\"potentialAction\":[{\"@type\":\"SearchAction\",\"target\":{\"@type\":\"EntryPoint\",\"urlTemplate\":\"https:\/\/asah-bxl.be\/?s={search_term_string}\"},\"query-input\":{\"@type\":\"PropertyValueSpecification\",\"valueRequired\":true,\"valueName\":\"search_term_string\"}}],\"inLanguage\":\"fr-FR\"},{\"@type\":\"Organization\",\"@id\":\"https:\/\/asah-bxl.be\/#organization\",\"name\":\"ASAH-BXL\",\"url\":\"https:\/\/asah-bxl.be\/\",\"logo\":{\"@type\":\"ImageObject\",\"inLanguage\":\"fr-FR\",\"@id\":\"https:\/\/asah-bxl.be\/#\/schema\/logo\/image\/\",\"url\":\"https:\/\/asah-bxl.be\/wp-content\/uploads\/2020\/02\/cropped-Sans-titre-6-3-9.png\",\"contentUrl\":\"https:\/\/asah-bxl.be\/wp-content\/uploads\/2020\/02\/cropped-Sans-titre-6-3-9.png\",\"width\":724,\"height\":528,\"caption\":\"ASAH-BXL\"},\"image\":{\"@id\":\"https:\/\/asah-bxl.be\/#\/schema\/logo\/image\/\"}}]}<\/script>\n<!-- \/ Yoast SEO plugin. -->","yoast_head_json":{"title":"La Vague - ASAH-BXL","robots":{"index":"index","follow":"follow","max-snippet":"max-snippet:-1","max-image-preview":"max-image-preview:large","max-video-preview":"max-video-preview:-1"},"canonical":"https:\/\/asah-bxl.be\/index.php\/services\/la-vague\/","og_locale":"fr_FR","og_type":"article","og_title":"La Vague - ASAH-BXL","og_description":"\u2709 Av. Edouard. de Thibault, 35 &#8211; 1040 Bruxelles \u260f 02\/735.83.34 &nbsp;info@lavague.be LA VAGUE est un service d&rsquo;accompagnement, d&rsquo;accueil familial et de parrainage pour enfants et adultes en situation de handicap (toutes d\u00e9ficiences : mentales, physiques, sensorielles). L&rsquo;asbl est active \u00e0 Bruxelles et dans ses environs. L&rsquo;accueil familial est l&rsquo;accueil d&rsquo;une personne en situation de En savoir plus surLa Vague[&hellip;]","og_url":"https:\/\/asah-bxl.be\/index.php\/services\/la-vague\/","og_site_name":"ASAH-BXL","article_modified_time":"2022-10-18T12:55:16+00:00","og_image":[{"url":"http:\/\/asah-bxl.be\/wp-content\/uploads\/2020\/02\/Logo-La-Vague-bleu-nouveau-format-954x1024.jpg"}],"twitter_card":"summary_large_image","twitter_misc":{"Dur\u00e9e de lecture estim\u00e9e":"1 minute"},"schema":{"@context":"https:\/\/schema.org","@graph":[{"@type":"WebPage","@id":"https:\/\/asah-bxl.be\/index.php\/services\/la-vague\/","url":"https:\/\/asah-bxl.be\/index.php\/services\/la-vague\/","name":"La Vague - ASAH-BXL","isPartOf":{"@id":"https:\/\/asah-bxl.be\/#website"},"primaryImageOfPage":{"@id":"https:\/\/asah-bxl.be\/index.php\/services\/la-vague\/#primaryimage"},"image":{"@id":"https:\/\/asah-bxl.be\/index.php\/services\/la-vague\/#primaryimage"},"thumbnailUrl":"http:\/\/asah-bxl.be\/wp-content\/uploads\/2020\/02\/Logo-La-Vague-bleu-nouveau-format-954x1024.jpg","datePublished":"2020-02-14T10:32:13+00:00","dateModified":"2022-10-18T12:55:16+00:00","breadcrumb":{"@id":"https:\/\/asah-bxl.be\/index.php\/services\/la-vague\/#breadcrumb"},"inLanguage":"fr-FR","potentialAction":[{"@type":"ReadAction","target":["https:\/\/asah-bxl.be\/index.php\/services\/la-vague\/"]}]},{"@type":"ImageObject","inLanguage":"fr-FR","@id":"https:\/\/asah-bxl.be\/index.php\/services\/la-vague\/#primaryimage","url":"http:\/\/asah-bxl.be\/wp-content\/uploads\/2020\/02\/Logo-La-Vague-bleu-nouveau-format-954x1024.jpg","contentUrl":"http:\/\/asah-bxl.be\/wp-content\/uploads\/2020\/02\/Logo-La-Vague-bleu-nouveau-format-954x1024.jpg"},{"@type":"BreadcrumbList","@id":"https:\/\/asah-bxl.be\/index.php\/services\/la-vague\/#breadcrumb","itemListElement":[{"@type":"ListItem","position":1,"name":"Accueil","item":"https:\/\/asah-bxl.be\/"},{"@type":"ListItem","position":2,"name":"Services","item":"https:\/\/asah-bxl.be\/index.php\/services\/"},{"@type":"ListItem","position":3,"name":"La Vague"}]},{"@type":"WebSite","@id":"https:\/\/asah-bxl.be\/#website","url":"https:\/\/asah-bxl.be\/","name":"ASAH-BXL","description":"","publisher":{"@id":"https:\/\/asah-bxl.be\/#organization"},"potentialAction":[{"@type":"SearchAction","target":{"@type":"EntryPoint","urlTemplate":"https:\/\/asah-bxl.be\/?s={search_term_string}"},"query-input":{"@type":"PropertyValueSpecification","valueRequired":true,"valueName":"search_term_string"}}],"inLanguage":"fr-FR"},{"@type":"Organization","@id":"https:\/\/asah-bxl.be\/#organization","name":"ASAH-BXL","url":"https:\/\/asah-bxl.be\/","logo":{"@type":"ImageObject","inLanguage":"fr-FR","@id":"https:\/\/asah-bxl.be\/#\/schema\/logo\/image\/","url":"https:\/\/asah-bxl.be\/wp-content\/uploads\/2020\/02\/cropped-Sans-titre-6-3-9.png","contentUrl":"https:\/\/asah-bxl.be\/wp-content\/uploads\/2020\/02\/cropped-Sans-titre-6-3-9.png","width":724,"height":528,"caption":"ASAH-BXL"},"image":{"@id":"https:\/\/asah-bxl.be\/#\/schema\/logo\/image\/"}}]}},"_links":{"self":[{"href":"https:\/\/asah-bxl.be\/index.php\/wp-json\/wp\/v2\/pages\/156","targetHints":{"allow":["GET"]}}],"collection":[{"href":"https:\/\/asah-bxl.be\/index.php\/wp-json\/wp\/v2\/pages"}],"about":[{"href":"https:\/\/asah-bxl.be\/index.php\/wp-json\/wp\/v2\/types\/page"}],"author":[{"embeddable":true,"href":"https:\/\/asah-bxl.be\/index.php\/wp-json\/wp\/v2\/users\/1"}],"replies":[{"embeddable":true,"href":"https:\/\/asah-bxl.be\/index.php\/wp-json\/wp\/v2\/comments?post=156"}],"version-history":[{"count":4,"href":"https:\/\/asah-bxl.be\/index.php\/wp-json\/wp\/v2\/pages\/156\/revisions"}],"predecessor-version":[{"id":724,"href":"https:\/\/asah-bxl.be\/index.php\/wp-json\/wp\/v2\/pages\/156\/revisions\/724"}],"up":[{"embeddable":true,"href":"https:\/\/asah-bxl.be\/index.php\/wp-json\/wp\/v2\/pages\/98"}],"wp:attachment":[{"href":"https:\/\/asah-bxl.be\/index.php\/wp-json\/wp\/v2\/media?parent=156"}],"curies":[{"name":"wp","href":"https:\/\/api.w.org\/{rel}","templated":true}]}}