{"id":157,"date":"2020-02-14T11:32:13","date_gmt":"2020-02-14T10:32:13","guid":{"rendered":"http:\/\/asah-bxl.be\/?page_id=157"},"modified":"2022-10-20T12:14:05","modified_gmt":"2022-10-20T10:14:05","slug":"vivre-et-grandir","status":"publish","type":"page","link":"https:\/\/asah-bxl.be\/index.php\/services\/vivre-et-grandir\/","title":{"rendered":"Vivre et Grandir"},"content":{"rendered":"\n<pre class=\"wp-block-preformatted\"><\/pre>\n\n\n\n<figure class=\"wp-block-image size-large is-resized\"><img fetchpriority=\"high\" decoding=\"async\" src=\"https:\/\/asah-bxl.be\/wp-content\/uploads\/2020\/02\/logo-carr\u00e9-1024x947.jpeg\" alt=\"\" class=\"wp-image-303\" width=\"338\" height=\"312\" srcset=\"https:\/\/asah-bxl.be\/wp-content\/uploads\/2020\/02\/logo-carr\u00e9-1024x947.jpeg 1024w, https:\/\/asah-bxl.be\/wp-content\/uploads\/2020\/02\/logo-carr\u00e9-300x278.jpeg 300w, https:\/\/asah-bxl.be\/wp-content\/uploads\/2020\/02\/logo-carr\u00e9-768x711.jpeg 768w, https:\/\/asah-bxl.be\/wp-content\/uploads\/2020\/02\/logo-carr\u00e9.jpeg 1445w\" sizes=\"(max-width: 338px) 100vw, 338px\" \/><\/figure>\n\n\n\n<pre class=\"wp-block-preformatted\"><\/pre>\n\n\n\n<p>\u2709 bld Brandt Whitlock 3bte2 &#8211; 1150 Bruxelles<\/p>\n\n\n\n<p>\u260f 02\/203.37.77 ou  0474\/32.15.57 <\/p>\n\n\n\n<p>vivre.grandir@gmail.com<\/p>\n\n\n\n<p><strong>Vivre<\/strong>&nbsp;&amp;&nbsp;<strong>Grandir<\/strong>&nbsp;est un service d&rsquo;accompagnement pour adolescents et adultes pr\u00e9sentant une d\u00e9ficience intellectuelle l\u00e9g\u00e8re et mod\u00e9r\u00e9e.<\/p>\n\n\n\n<p>Nous proposons un accompagnement de qualit\u00e9 vers l&rsquo;autonomie<\/p>\n\n\n\n<ul class=\"wp-block-list\"><li>individuel et personnalis\u00e9 selon la r\u00e9alit\u00e9 familiale et sociale de chacun<\/li><li>en petits groupes de partage d\u2019exp\u00e9riences ou d\u2019apprentissages<\/li><li>dans les diff\u00e9rents lieux de vie et lors des d\u00e9placements<\/li><\/ul>\n\n\n\n<p>L\u2019encadrement se fait \u00e0 l\u2019aide d\u2019une \u00e9quipe pluridisciplinaire de professionnels de formations et de comp\u00e9tences diff\u00e9rentes<\/p>\n\n\n\n<p>Notre Asbl propose un accompagnement de qualit\u00e9 vers l\u2019autonomie en tenant compte des choix personnels et en valorisant les comp\u00e9tences de chacun.&nbsp;Nous tenons au d\u00e9veloppement harmonieux de chaque jeune par un travail en r\u00e9seau et avec ses proches.<\/p>\n\n\n\n<p>&nbsp;Nous offrons un encadrement professionnel par une \u00e9quipe pluridisciplinaire et par des b\u00e9n\u00e9voles form\u00e9s.&nbsp;<\/p>\n\n\n\n<p>&nbsp;Le projet individuel est personnel et les s\u00e9ances d\u2019accompagnement peuvent se faire de mani\u00e8re individuelle, en duo ou en petits groupes.<\/p>\n\n\n\n<p><a href=\"https:\/\/www.vivreetgrandir.be\/\" target=\"_blank\" rel=\"noreferrer noopener\" aria-label=\" (s\u2019ouvre dans un nouvel onglet)\">https:\/\/www.vivreetgrandir.be\/<\/a><\/p>\n","protected":false},"excerpt":{"rendered":"<p>\u2709 bld Brandt Whitlock 3bte2 &#8211; 1150 Bruxelles \u260f 02\/203.37.77 ou 0474\/32.15.57 vivre.grandir@gmail.com Vivre&nbsp;&amp;&nbsp;Grandir&nbsp;est un service d&rsquo;accompagnement pour adolescents et adultes pr\u00e9sentant une d\u00e9ficience intellectuelle l\u00e9g\u00e8re et mod\u00e9r\u00e9e. Nous proposons un accompagnement de qualit\u00e9 vers l&rsquo;autonomie individuel et personnalis\u00e9 selon la r\u00e9alit\u00e9 familiale et sociale de chacun en petits groupes de partage d\u2019exp\u00e9riences ou d\u2019apprentissages <a href=\"https:\/\/asah-bxl.be\/index.php\/services\/vivre-et-grandir\/\" rel=\"nofollow\"><span class=\"sr-only\">En savoir plus surVivre et Grandir<\/span>[&hellip;]<\/a><\/p>\n","protected":false},"author":1,"featured_media":0,"parent":98,"menu_order":0,"comment_status":"closed","ping_status":"closed","template":"","meta":{"_bbp_topic_count":0,"_bbp_reply_count":0,"_bbp_total_topic_count":0,"_bbp_total_reply_count":0,"_bbp_voice_count":0,"_bbp_anonymous_reply_count":0,"_bbp_topic_count_hidden":0,"_bbp_reply_count_hidden":0,"_bbp_forum_subforum_count":0,"footnotes":""},"class_list":["post-157","page","type-page","status-publish","hentry"],"yoast_head":"<!-- This site is optimized with the Yoast SEO plugin v23.4 - https:\/\/yoast.com\/wordpress\/plugins\/seo\/ -->\n<title>Vivre et Grandir - ASAH-BXL<\/title>\n<meta name=\"robots\" content=\"index, follow, max-snippet:-1, max-image-preview:large, max-video-preview:-1\" \/>\n<link rel=\"canonical\" href=\"https:\/\/asah-bxl.be\/index.php\/services\/vivre-et-grandir\/\" \/>\n<meta property=\"og:locale\" content=\"fr_FR\" \/>\n<meta property=\"og:type\" content=\"article\" \/>\n<meta property=\"og:title\" content=\"Vivre et Grandir - ASAH-BXL\" \/>\n<meta property=\"og:description\" content=\"\u2709 bld Brandt Whitlock 3bte2 &#8211; 1150 Bruxelles \u260f 02\/203.37.77 ou 0474\/32.15.57 vivre.grandir@gmail.com Vivre&nbsp;&amp;&nbsp;Grandir&nbsp;est un service d&rsquo;accompagnement pour adolescents et adultes pr\u00e9sentant une d\u00e9ficience intellectuelle l\u00e9g\u00e8re et mod\u00e9r\u00e9e. Nous proposons un accompagnement de qualit\u00e9 vers l&rsquo;autonomie individuel et personnalis\u00e9 selon la r\u00e9alit\u00e9 familiale et sociale de chacun en petits groupes de partage d\u2019exp\u00e9riences ou d\u2019apprentissages En savoir plus surVivre et Grandir[&hellip;]\" \/>\n<meta property=\"og:url\" content=\"https:\/\/asah-bxl.be\/index.php\/services\/vivre-et-grandir\/\" \/>\n<meta property=\"og:site_name\" content=\"ASAH-BXL\" \/>\n<meta property=\"article:modified_time\" content=\"2022-10-20T10:14:05+00:00\" \/>\n<meta name=\"twitter:card\" content=\"summary_large_image\" \/>\n<meta name=\"twitter:label1\" content=\"Dur\u00e9e de lecture estim\u00e9e\" \/>\n\t<meta name=\"twitter:data1\" content=\"2 minutes\" \/>\n<script type=\"application\/ld+json\" class=\"yoast-schema-graph\">{\"@context\":\"https:\/\/schema.org\",\"@graph\":[{\"@type\":\"WebPage\",\"@id\":\"https:\/\/asah-bxl.be\/index.php\/services\/vivre-et-grandir\/\",\"url\":\"https:\/\/asah-bxl.be\/index.php\/services\/vivre-et-grandir\/\",\"name\":\"Vivre et Grandir - ASAH-BXL\",\"isPartOf\":{\"@id\":\"https:\/\/asah-bxl.be\/#website\"},\"datePublished\":\"2020-02-14T10:32:13+00:00\",\"dateModified\":\"2022-10-20T10:14:05+00:00\",\"breadcrumb\":{\"@id\":\"https:\/\/asah-bxl.be\/index.php\/services\/vivre-et-grandir\/#breadcrumb\"},\"inLanguage\":\"fr-FR\",\"potentialAction\":[{\"@type\":\"ReadAction\",\"target\":[\"https:\/\/asah-bxl.be\/index.php\/services\/vivre-et-grandir\/\"]}]},{\"@type\":\"BreadcrumbList\",\"@id\":\"https:\/\/asah-bxl.be\/index.php\/services\/vivre-et-grandir\/#breadcrumb\",\"itemListElement\":[{\"@type\":\"ListItem\",\"position\":1,\"name\":\"Accueil\",\"item\":\"https:\/\/asah-bxl.be\/\"},{\"@type\":\"ListItem\",\"position\":2,\"name\":\"Services\",\"item\":\"https:\/\/asah-bxl.be\/index.php\/services\/\"},{\"@type\":\"ListItem\",\"position\":3,\"name\":\"Vivre et Grandir\"}]},{\"@type\":\"WebSite\",\"@id\":\"https:\/\/asah-bxl.be\/#website\",\"url\":\"https:\/\/asah-bxl.be\/\",\"name\":\"ASAH-BXL\",\"description\":\"\",\"publisher\":{\"@id\":\"https:\/\/asah-bxl.be\/#organization\"},\"potentialAction\":[{\"@type\":\"SearchAction\",\"target\":{\"@type\":\"EntryPoint\",\"urlTemplate\":\"https:\/\/asah-bxl.be\/?s={search_term_string}\"},\"query-input\":{\"@type\":\"PropertyValueSpecification\",\"valueRequired\":true,\"valueName\":\"search_term_string\"}}],\"inLanguage\":\"fr-FR\"},{\"@type\":\"Organization\",\"@id\":\"https:\/\/asah-bxl.be\/#organization\",\"name\":\"ASAH-BXL\",\"url\":\"https:\/\/asah-bxl.be\/\",\"logo\":{\"@type\":\"ImageObject\",\"inLanguage\":\"fr-FR\",\"@id\":\"https:\/\/asah-bxl.be\/#\/schema\/logo\/image\/\",\"url\":\"https:\/\/asah-bxl.be\/wp-content\/uploads\/2020\/02\/cropped-Sans-titre-6-3-9.png\",\"contentUrl\":\"https:\/\/asah-bxl.be\/wp-content\/uploads\/2020\/02\/cropped-Sans-titre-6-3-9.png\",\"width\":724,\"height\":528,\"caption\":\"ASAH-BXL\"},\"image\":{\"@id\":\"https:\/\/asah-bxl.be\/#\/schema\/logo\/image\/\"}}]}<\/script>\n<!-- \/ Yoast SEO plugin. -->","yoast_head_json":{"title":"Vivre et Grandir - ASAH-BXL","robots":{"index":"index","follow":"follow","max-snippet":"max-snippet:-1","max-image-preview":"max-image-preview:large","max-video-preview":"max-video-preview:-1"},"canonical":"https:\/\/asah-bxl.be\/index.php\/services\/vivre-et-grandir\/","og_locale":"fr_FR","og_type":"article","og_title":"Vivre et Grandir - ASAH-BXL","og_description":"\u2709 bld Brandt Whitlock 3bte2 &#8211; 1150 Bruxelles \u260f 02\/203.37.77 ou 0474\/32.15.57 vivre.grandir@gmail.com Vivre&nbsp;&amp;&nbsp;Grandir&nbsp;est un service d&rsquo;accompagnement pour adolescents et adultes pr\u00e9sentant une d\u00e9ficience intellectuelle l\u00e9g\u00e8re et mod\u00e9r\u00e9e. Nous proposons un accompagnement de qualit\u00e9 vers l&rsquo;autonomie individuel et personnalis\u00e9 selon la r\u00e9alit\u00e9 familiale et sociale de chacun en petits groupes de partage d\u2019exp\u00e9riences ou d\u2019apprentissages En savoir plus surVivre et Grandir[&hellip;]","og_url":"https:\/\/asah-bxl.be\/index.php\/services\/vivre-et-grandir\/","og_site_name":"ASAH-BXL","article_modified_time":"2022-10-20T10:14:05+00:00","twitter_card":"summary_large_image","twitter_misc":{"Dur\u00e9e de lecture estim\u00e9e":"2 minutes"},"schema":{"@context":"https:\/\/schema.org","@graph":[{"@type":"WebPage","@id":"https:\/\/asah-bxl.be\/index.php\/services\/vivre-et-grandir\/","url":"https:\/\/asah-bxl.be\/index.php\/services\/vivre-et-grandir\/","name":"Vivre et Grandir - ASAH-BXL","isPartOf":{"@id":"https:\/\/asah-bxl.be\/#website"},"datePublished":"2020-02-14T10:32:13+00:00","dateModified":"2022-10-20T10:14:05+00:00","breadcrumb":{"@id":"https:\/\/asah-bxl.be\/index.php\/services\/vivre-et-grandir\/#breadcrumb"},"inLanguage":"fr-FR","potentialAction":[{"@type":"ReadAction","target":["https:\/\/asah-bxl.be\/index.php\/services\/vivre-et-grandir\/"]}]},{"@type":"BreadcrumbList","@id":"https:\/\/asah-bxl.be\/index.php\/services\/vivre-et-grandir\/#breadcrumb","itemListElement":[{"@type":"ListItem","position":1,"name":"Accueil","item":"https:\/\/asah-bxl.be\/"},{"@type":"ListItem","position":2,"name":"Services","item":"https:\/\/asah-bxl.be\/index.php\/services\/"},{"@type":"ListItem","position":3,"name":"Vivre et Grandir"}]},{"@type":"WebSite","@id":"https:\/\/asah-bxl.be\/#website","url":"https:\/\/asah-bxl.be\/","name":"ASAH-BXL","description":"","publisher":{"@id":"https:\/\/asah-bxl.be\/#organization"},"potentialAction":[{"@type":"SearchAction","target":{"@type":"EntryPoint","urlTemplate":"https:\/\/asah-bxl.be\/?s={search_term_string}"},"query-input":{"@type":"PropertyValueSpecification","valueRequired":true,"valueName":"search_term_string"}}],"inLanguage":"fr-FR"},{"@type":"Organization","@id":"https:\/\/asah-bxl.be\/#organization","name":"ASAH-BXL","url":"https:\/\/asah-bxl.be\/","logo":{"@type":"ImageObject","inLanguage":"fr-FR","@id":"https:\/\/asah-bxl.be\/#\/schema\/logo\/image\/","url":"https:\/\/asah-bxl.be\/wp-content\/uploads\/2020\/02\/cropped-Sans-titre-6-3-9.png","contentUrl":"https:\/\/asah-bxl.be\/wp-content\/uploads\/2020\/02\/cropped-Sans-titre-6-3-9.png","width":724,"height":528,"caption":"ASAH-BXL"},"image":{"@id":"https:\/\/asah-bxl.be\/#\/schema\/logo\/image\/"}}]}},"_links":{"self":[{"href":"https:\/\/asah-bxl.be\/index.php\/wp-json\/wp\/v2\/pages\/157","targetHints":{"allow":["GET"]}}],"collection":[{"href":"https:\/\/asah-bxl.be\/index.php\/wp-json\/wp\/v2\/pages"}],"about":[{"href":"https:\/\/asah-bxl.be\/index.php\/wp-json\/wp\/v2\/types\/page"}],"author":[{"embeddable":true,"href":"https:\/\/asah-bxl.be\/index.php\/wp-json\/wp\/v2\/users\/1"}],"replies":[{"embeddable":true,"href":"https:\/\/asah-bxl.be\/index.php\/wp-json\/wp\/v2\/comments?post=157"}],"version-history":[{"count":5,"href":"https:\/\/asah-bxl.be\/index.php\/wp-json\/wp\/v2\/pages\/157\/revisions"}],"predecessor-version":[{"id":761,"href":"https:\/\/asah-bxl.be\/index.php\/wp-json\/wp\/v2\/pages\/157\/revisions\/761"}],"up":[{"embeddable":true,"href":"https:\/\/asah-bxl.be\/index.php\/wp-json\/wp\/v2\/pages\/98"}],"wp:attachment":[{"href":"https:\/\/asah-bxl.be\/index.php\/wp-json\/wp\/v2\/media?parent=157"}],"curies":[{"name":"wp","href":"https:\/\/api.w.org\/{rel}","templated":true}]}}