{"id":266,"date":"2020-02-20T13:48:26","date_gmt":"2020-02-20T12:48:26","guid":{"rendered":"http:\/\/asah-bxl.be\/?page_id=266"},"modified":"2022-10-12T10:17:20","modified_gmt":"2022-10-12T08:17:20","slug":"push","status":"publish","type":"page","link":"https:\/\/asah-bxl.be\/index.php\/services\/push\/","title":{"rendered":"PUSH"},"content":{"rendered":"\n<pre class=\"wp-block-preformatted\"><\/pre>\n\n\n\n<figure class=\"wp-block-image size-large is-resized\"><img fetchpriority=\"high\" decoding=\"async\" src=\"https:\/\/asah-bxl.be\/wp-content\/uploads\/2020\/02\/siteon0.png\" alt=\"\" class=\"wp-image-271\" width=\"418\" height=\"193\" srcset=\"https:\/\/asah-bxl.be\/wp-content\/uploads\/2020\/02\/siteon0.png 928w, https:\/\/asah-bxl.be\/wp-content\/uploads\/2020\/02\/siteon0-300x139.png 300w, https:\/\/asah-bxl.be\/wp-content\/uploads\/2020\/02\/siteon0-768x355.png 768w\" sizes=\"(max-width: 418px) 100vw, 418px\" \/><\/figure>\n\n\n\n<pre class=\"wp-block-preformatted\"><\/pre>\n\n\n\n<p>\u2709\nRue des P\u00e8res Blancs, 4 \u2013 1040 Bruxelles<\/p>\n\n\n\n<p>&nbsp;\n\u260f\n02\/737.67.45<\/p>\n\n\n\n<p> <a href=\"mailto:push.bxl@gmail.com\">push.bxl@gmail.com<\/a><\/p>\n\n\n\n<p>Accompagnement de personnes en situation de handicap dans leur projet de r\u00e9aliser une activit\u00e9 de volontariat.<\/p>\n\n\n\n<p>Aide individualis\u00e9e \u00e0 l&rsquo;inclusion des personnes en situation de handicap par des activit\u00e9s de volontariat dans le secteur non marchand.<\/p>\n\n\n\n<p>Personnes en situation de handicap (tous types de handicap) qui souhaitent faire du volontariat. <\/p>\n\n\n\n<p>Soutien aux activit\u00e9s d\u2019utilit\u00e9 sociale<\/p>\n\n\n\n<p><a href=\"https:\/\/www.pushasbl.be\/\" target=\"_blank\" rel=\"noreferrer noopener\" aria-label=\" (s\u2019ouvre dans un nouvel onglet)\">https:\/\/www.pushasbl.be\/<\/a><\/p>\n\n\n\n<p><\/p>\n","protected":false},"excerpt":{"rendered":"<p>\u2709 Rue des P\u00e8res Blancs, 4 \u2013 1040 Bruxelles &nbsp; \u260f 02\/737.67.45 push.bxl@gmail.com Accompagnement de personnes en situation de handicap dans leur projet de r\u00e9aliser une activit\u00e9 de volontariat. Aide individualis\u00e9e \u00e0 l&rsquo;inclusion des personnes en situation de handicap par des activit\u00e9s de volontariat dans le secteur non marchand. Personnes en situation de handicap (tous <a href=\"https:\/\/asah-bxl.be\/index.php\/services\/push\/\" rel=\"nofollow\"><span class=\"sr-only\">En savoir plus surPUSH<\/span>[&hellip;]<\/a><\/p>\n","protected":false},"author":1,"featured_media":0,"parent":98,"menu_order":0,"comment_status":"closed","ping_status":"closed","template":"","meta":{"_bbp_topic_count":0,"_bbp_reply_count":0,"_bbp_total_topic_count":0,"_bbp_total_reply_count":0,"_bbp_voice_count":0,"_bbp_anonymous_reply_count":0,"_bbp_topic_count_hidden":0,"_bbp_reply_count_hidden":0,"_bbp_forum_subforum_count":0,"footnotes":""},"class_list":["post-266","page","type-page","status-publish","hentry"],"yoast_head":"<!-- This site is optimized with the Yoast SEO plugin v23.4 - https:\/\/yoast.com\/wordpress\/plugins\/seo\/ -->\n<title>PUSH - ASAH-BXL<\/title>\n<meta name=\"robots\" content=\"index, follow, max-snippet:-1, max-image-preview:large, max-video-preview:-1\" \/>\n<link rel=\"canonical\" href=\"https:\/\/asah-bxl.be\/index.php\/services\/push\/\" \/>\n<meta property=\"og:locale\" content=\"fr_FR\" \/>\n<meta property=\"og:type\" content=\"article\" \/>\n<meta property=\"og:title\" content=\"PUSH - ASAH-BXL\" \/>\n<meta property=\"og:description\" content=\"\u2709 Rue des P\u00e8res Blancs, 4 \u2013 1040 Bruxelles &nbsp; \u260f 02\/737.67.45 push.bxl@gmail.com Accompagnement de personnes en situation de handicap dans leur projet de r\u00e9aliser une activit\u00e9 de volontariat. Aide individualis\u00e9e \u00e0 l&rsquo;inclusion des personnes en situation de handicap par des activit\u00e9s de volontariat dans le secteur non marchand. Personnes en situation de handicap (tous En savoir plus surPUSH[&hellip;]\" \/>\n<meta property=\"og:url\" content=\"https:\/\/asah-bxl.be\/index.php\/services\/push\/\" \/>\n<meta property=\"og:site_name\" content=\"ASAH-BXL\" \/>\n<meta property=\"article:modified_time\" content=\"2022-10-12T08:17:20+00:00\" \/>\n<meta property=\"og:image\" content=\"http:\/\/asah-bxl.be\/wp-content\/uploads\/2020\/02\/siteon0.png\" \/>\n<meta name=\"twitter:card\" content=\"summary_large_image\" \/>\n<meta name=\"twitter:label1\" content=\"Dur\u00e9e de lecture estim\u00e9e\" \/>\n\t<meta name=\"twitter:data1\" content=\"1 minute\" \/>\n<script type=\"application\/ld+json\" class=\"yoast-schema-graph\">{\"@context\":\"https:\/\/schema.org\",\"@graph\":[{\"@type\":\"WebPage\",\"@id\":\"https:\/\/asah-bxl.be\/index.php\/services\/push\/\",\"url\":\"https:\/\/asah-bxl.be\/index.php\/services\/push\/\",\"name\":\"PUSH - ASAH-BXL\",\"isPartOf\":{\"@id\":\"https:\/\/asah-bxl.be\/#website\"},\"primaryImageOfPage\":{\"@id\":\"https:\/\/asah-bxl.be\/index.php\/services\/push\/#primaryimage\"},\"image\":{\"@id\":\"https:\/\/asah-bxl.be\/index.php\/services\/push\/#primaryimage\"},\"thumbnailUrl\":\"http:\/\/asah-bxl.be\/wp-content\/uploads\/2020\/02\/siteon0.png\",\"datePublished\":\"2020-02-20T12:48:26+00:00\",\"dateModified\":\"2022-10-12T08:17:20+00:00\",\"breadcrumb\":{\"@id\":\"https:\/\/asah-bxl.be\/index.php\/services\/push\/#breadcrumb\"},\"inLanguage\":\"fr-FR\",\"potentialAction\":[{\"@type\":\"ReadAction\",\"target\":[\"https:\/\/asah-bxl.be\/index.php\/services\/push\/\"]}]},{\"@type\":\"ImageObject\",\"inLanguage\":\"fr-FR\",\"@id\":\"https:\/\/asah-bxl.be\/index.php\/services\/push\/#primaryimage\",\"url\":\"http:\/\/asah-bxl.be\/wp-content\/uploads\/2020\/02\/siteon0.png\",\"contentUrl\":\"http:\/\/asah-bxl.be\/wp-content\/uploads\/2020\/02\/siteon0.png\"},{\"@type\":\"BreadcrumbList\",\"@id\":\"https:\/\/asah-bxl.be\/index.php\/services\/push\/#breadcrumb\",\"itemListElement\":[{\"@type\":\"ListItem\",\"position\":1,\"name\":\"Accueil\",\"item\":\"https:\/\/asah-bxl.be\/\"},{\"@type\":\"ListItem\",\"position\":2,\"name\":\"Services\",\"item\":\"https:\/\/asah-bxl.be\/index.php\/services\/\"},{\"@type\":\"ListItem\",\"position\":3,\"name\":\"PUSH\"}]},{\"@type\":\"WebSite\",\"@id\":\"https:\/\/asah-bxl.be\/#website\",\"url\":\"https:\/\/asah-bxl.be\/\",\"name\":\"ASAH-BXL\",\"description\":\"\",\"publisher\":{\"@id\":\"https:\/\/asah-bxl.be\/#organization\"},\"potentialAction\":[{\"@type\":\"SearchAction\",\"target\":{\"@type\":\"EntryPoint\",\"urlTemplate\":\"https:\/\/asah-bxl.be\/?s={search_term_string}\"},\"query-input\":{\"@type\":\"PropertyValueSpecification\",\"valueRequired\":true,\"valueName\":\"search_term_string\"}}],\"inLanguage\":\"fr-FR\"},{\"@type\":\"Organization\",\"@id\":\"https:\/\/asah-bxl.be\/#organization\",\"name\":\"ASAH-BXL\",\"url\":\"https:\/\/asah-bxl.be\/\",\"logo\":{\"@type\":\"ImageObject\",\"inLanguage\":\"fr-FR\",\"@id\":\"https:\/\/asah-bxl.be\/#\/schema\/logo\/image\/\",\"url\":\"https:\/\/asah-bxl.be\/wp-content\/uploads\/2020\/02\/cropped-Sans-titre-6-3-9.png\",\"contentUrl\":\"https:\/\/asah-bxl.be\/wp-content\/uploads\/2020\/02\/cropped-Sans-titre-6-3-9.png\",\"width\":724,\"height\":528,\"caption\":\"ASAH-BXL\"},\"image\":{\"@id\":\"https:\/\/asah-bxl.be\/#\/schema\/logo\/image\/\"}}]}<\/script>\n<!-- \/ Yoast SEO plugin. -->","yoast_head_json":{"title":"PUSH - ASAH-BXL","robots":{"index":"index","follow":"follow","max-snippet":"max-snippet:-1","max-image-preview":"max-image-preview:large","max-video-preview":"max-video-preview:-1"},"canonical":"https:\/\/asah-bxl.be\/index.php\/services\/push\/","og_locale":"fr_FR","og_type":"article","og_title":"PUSH - ASAH-BXL","og_description":"\u2709 Rue des P\u00e8res Blancs, 4 \u2013 1040 Bruxelles &nbsp; \u260f 02\/737.67.45 push.bxl@gmail.com Accompagnement de personnes en situation de handicap dans leur projet de r\u00e9aliser une activit\u00e9 de volontariat. Aide individualis\u00e9e \u00e0 l&rsquo;inclusion des personnes en situation de handicap par des activit\u00e9s de volontariat dans le secteur non marchand. Personnes en situation de handicap (tous En savoir plus surPUSH[&hellip;]","og_url":"https:\/\/asah-bxl.be\/index.php\/services\/push\/","og_site_name":"ASAH-BXL","article_modified_time":"2022-10-12T08:17:20+00:00","og_image":[{"url":"http:\/\/asah-bxl.be\/wp-content\/uploads\/2020\/02\/siteon0.png"}],"twitter_card":"summary_large_image","twitter_misc":{"Dur\u00e9e de lecture estim\u00e9e":"1 minute"},"schema":{"@context":"https:\/\/schema.org","@graph":[{"@type":"WebPage","@id":"https:\/\/asah-bxl.be\/index.php\/services\/push\/","url":"https:\/\/asah-bxl.be\/index.php\/services\/push\/","name":"PUSH - ASAH-BXL","isPartOf":{"@id":"https:\/\/asah-bxl.be\/#website"},"primaryImageOfPage":{"@id":"https:\/\/asah-bxl.be\/index.php\/services\/push\/#primaryimage"},"image":{"@id":"https:\/\/asah-bxl.be\/index.php\/services\/push\/#primaryimage"},"thumbnailUrl":"http:\/\/asah-bxl.be\/wp-content\/uploads\/2020\/02\/siteon0.png","datePublished":"2020-02-20T12:48:26+00:00","dateModified":"2022-10-12T08:17:20+00:00","breadcrumb":{"@id":"https:\/\/asah-bxl.be\/index.php\/services\/push\/#breadcrumb"},"inLanguage":"fr-FR","potentialAction":[{"@type":"ReadAction","target":["https:\/\/asah-bxl.be\/index.php\/services\/push\/"]}]},{"@type":"ImageObject","inLanguage":"fr-FR","@id":"https:\/\/asah-bxl.be\/index.php\/services\/push\/#primaryimage","url":"http:\/\/asah-bxl.be\/wp-content\/uploads\/2020\/02\/siteon0.png","contentUrl":"http:\/\/asah-bxl.be\/wp-content\/uploads\/2020\/02\/siteon0.png"},{"@type":"BreadcrumbList","@id":"https:\/\/asah-bxl.be\/index.php\/services\/push\/#breadcrumb","itemListElement":[{"@type":"ListItem","position":1,"name":"Accueil","item":"https:\/\/asah-bxl.be\/"},{"@type":"ListItem","position":2,"name":"Services","item":"https:\/\/asah-bxl.be\/index.php\/services\/"},{"@type":"ListItem","position":3,"name":"PUSH"}]},{"@type":"WebSite","@id":"https:\/\/asah-bxl.be\/#website","url":"https:\/\/asah-bxl.be\/","name":"ASAH-BXL","description":"","publisher":{"@id":"https:\/\/asah-bxl.be\/#organization"},"potentialAction":[{"@type":"SearchAction","target":{"@type":"EntryPoint","urlTemplate":"https:\/\/asah-bxl.be\/?s={search_term_string}"},"query-input":{"@type":"PropertyValueSpecification","valueRequired":true,"valueName":"search_term_string"}}],"inLanguage":"fr-FR"},{"@type":"Organization","@id":"https:\/\/asah-bxl.be\/#organization","name":"ASAH-BXL","url":"https:\/\/asah-bxl.be\/","logo":{"@type":"ImageObject","inLanguage":"fr-FR","@id":"https:\/\/asah-bxl.be\/#\/schema\/logo\/image\/","url":"https:\/\/asah-bxl.be\/wp-content\/uploads\/2020\/02\/cropped-Sans-titre-6-3-9.png","contentUrl":"https:\/\/asah-bxl.be\/wp-content\/uploads\/2020\/02\/cropped-Sans-titre-6-3-9.png","width":724,"height":528,"caption":"ASAH-BXL"},"image":{"@id":"https:\/\/asah-bxl.be\/#\/schema\/logo\/image\/"}}]}},"_links":{"self":[{"href":"https:\/\/asah-bxl.be\/index.php\/wp-json\/wp\/v2\/pages\/266","targetHints":{"allow":["GET"]}}],"collection":[{"href":"https:\/\/asah-bxl.be\/index.php\/wp-json\/wp\/v2\/pages"}],"about":[{"href":"https:\/\/asah-bxl.be\/index.php\/wp-json\/wp\/v2\/types\/page"}],"author":[{"embeddable":true,"href":"https:\/\/asah-bxl.be\/index.php\/wp-json\/wp\/v2\/users\/1"}],"replies":[{"embeddable":true,"href":"https:\/\/asah-bxl.be\/index.php\/wp-json\/wp\/v2\/comments?post=266"}],"version-history":[{"count":6,"href":"https:\/\/asah-bxl.be\/index.php\/wp-json\/wp\/v2\/pages\/266\/revisions"}],"predecessor-version":[{"id":700,"href":"https:\/\/asah-bxl.be\/index.php\/wp-json\/wp\/v2\/pages\/266\/revisions\/700"}],"up":[{"embeddable":true,"href":"https:\/\/asah-bxl.be\/index.php\/wp-json\/wp\/v2\/pages\/98"}],"wp:attachment":[{"href":"https:\/\/asah-bxl.be\/index.php\/wp-json\/wp\/v2\/media?parent=266"}],"curies":[{"name":"wp","href":"https:\/\/api.w.org\/{rel}","templated":true}]}}