{"id":275,"date":"2020-02-20T13:53:10","date_gmt":"2020-02-20T12:53:10","guid":{"rendered":"http:\/\/asah-bxl.be\/?page_id=275"},"modified":"2022-10-20T11:14:17","modified_gmt":"2022-10-20T09:14:17","slug":"reci-bruxelles","status":"publish","type":"page","link":"https:\/\/asah-bxl.be\/index.php\/services\/reci-bruxelles\/","title":{"rendered":"R\u00e9ci-Bruxelles"},"content":{"rendered":"\n<pre class=\"wp-block-preformatted\"><\/pre>\n\n\n\n<figure class=\"wp-block-image size-large is-resized\"><img fetchpriority=\"high\" decoding=\"async\" src=\"https:\/\/asah-bxl.be\/wp-content\/uploads\/2020\/02\/reci-bxl.jpg\" alt=\"\" class=\"wp-image-276\" width=\"295\" height=\"295\" srcset=\"https:\/\/asah-bxl.be\/wp-content\/uploads\/2020\/02\/reci-bxl.jpg 200w, https:\/\/asah-bxl.be\/wp-content\/uploads\/2020\/02\/reci-bxl-150x150.jpg 150w, https:\/\/asah-bxl.be\/wp-content\/uploads\/2020\/02\/reci-bxl-174x174.jpg 174w\" sizes=\"(max-width: 295px) 100vw, 295px\" \/><figcaption> <strong>R\u00e9seau de&nbsp;Coordination et d\u2019Intervention pour l\u2019inclusion des personnes pr\u00e9sentant un handicap moteur<\/strong> <\/figcaption><\/figure>\n\n\n\n<pre class=\"wp-block-preformatted\"><\/pre>\n\n\n\n<p>\u2709\nRue Edouard Fiers,1 &#8211; 1030 Bruxelles<\/p>\n\n\n\n<p>\u260f\n02\/538.25.67<\/p>\n\n\n\n<p>&nbsp;<a href=\"mailto:info@reci-bruxelles.be\">info@reci-bruxelles.be<\/a><\/p>\n\n\n\n<p>Service d&rsquo;accompagnement agr\u00e9\u00e9 et subventionn\u00e9 par la Commission Communautaire fran\u00e7aise de la r\u00e9gion de Bruxelles Capitale. <strong><em>R\u00e9<\/em><\/strong>seau de&nbsp;<strong><em>C<\/em><\/strong>oordination et d\u2019<strong><em>I<\/em><\/strong>ntervention pour l\u2019int\u00e9gration des personnes pr\u00e9sentant un handicap moteur.<\/p>\n\n\n\n<p><em>\u00c0&nbsp;quel&nbsp;<strong>public<\/strong>&nbsp;nous adressons-nous ?<\/em><\/p>\n\n\n\n<ul class=\"wp-block-list\"><li>Aux b\u00e9b\u00e9s, enfants et adolescents de 0 \u00e0 18 ans pr\u00e9sentant un retard de d\u00e9veloppement psychomoteur ou un handicap moteur, avec ou sans troubles associ\u00e9s.<\/li><li>\u00c0&nbsp;leur famille : parents, fr\u00e8res et s\u0153urs.<\/li><li>Aux professionnels en relation avec ces enfants et adolescents.<\/li><li>\u00c0&nbsp;toute personne&nbsp;souhaitant des informations g\u00e9n\u00e9rales \u00e0 propos du handicap moteur.<\/li><\/ul>\n\n\n\n<p><em>Quels sont nos&nbsp;<strong>objectifs&nbsp;<\/strong>?<\/em><\/p>\n\n\n\n<ul class=\"wp-block-list\"><li><strong>\u00c9couter<\/strong>&nbsp;et&nbsp;<strong>soutenir<\/strong>&nbsp;la famille.<\/li><li>Favoriser l\u2019<strong>autonomie<\/strong>&nbsp;en sollicitant la collaboration et le potentiel de chacun.<\/li><li>Contribuer \u00e0 l\u2019<strong>\u00e9panouissement<\/strong>&nbsp;de l\u2019enfant au sein de ses diff\u00e9rents milieux de vie (maison, cr\u00e8che, \u00e9cole, loisirs, \u2026).<\/li><li>Participer \u00e0 l\u2019\u00e9volution de la soci\u00e9t\u00e9 vers l\u2019<strong>inclusion<\/strong>&nbsp;des personnes en situation de handicap.<\/li><\/ul>\n\n\n\n<p>2 actions sp\u00e9cifiques:<\/p>\n\n\n\n<ul class=\"wp-block-list\"><li>le support aux milieux d\u2019accueil de la petite\nenfance (OCAPI)<\/li><li>l\u2019aide \u00e0 l\u2019inclusion scolaire<\/li><\/ul>\n\n\n\n<p><a href=\"http:\/\/www.reci-bruxelles.be\/\">http:\/\/www.reci-bruxelles.be\/<\/a><\/p>\n","protected":false},"excerpt":{"rendered":"<p>\u2709 Rue Edouard Fiers,1 &#8211; 1030 Bruxelles \u260f 02\/538.25.67 &nbsp;info@reci-bruxelles.be Service d&rsquo;accompagnement agr\u00e9\u00e9 et subventionn\u00e9 par la Commission Communautaire fran\u00e7aise de la r\u00e9gion de Bruxelles Capitale. R\u00e9seau de&nbsp;Coordination et d\u2019Intervention pour l\u2019int\u00e9gration des personnes pr\u00e9sentant un handicap moteur. \u00c0&nbsp;quel&nbsp;public&nbsp;nous adressons-nous ? Aux b\u00e9b\u00e9s, enfants et adolescents de 0 \u00e0 18 ans pr\u00e9sentant un retard de <a href=\"https:\/\/asah-bxl.be\/index.php\/services\/reci-bruxelles\/\" rel=\"nofollow\"><span class=\"sr-only\">En savoir plus surR\u00e9ci-Bruxelles<\/span>[&hellip;]<\/a><\/p>\n","protected":false},"author":1,"featured_media":0,"parent":98,"menu_order":0,"comment_status":"closed","ping_status":"closed","template":"","meta":{"_bbp_topic_count":0,"_bbp_reply_count":0,"_bbp_total_topic_count":0,"_bbp_total_reply_count":0,"_bbp_voice_count":0,"_bbp_anonymous_reply_count":0,"_bbp_topic_count_hidden":0,"_bbp_reply_count_hidden":0,"_bbp_forum_subforum_count":0,"footnotes":""},"class_list":["post-275","page","type-page","status-publish","hentry"],"yoast_head":"<!-- This site is optimized with the Yoast SEO plugin v23.4 - https:\/\/yoast.com\/wordpress\/plugins\/seo\/ -->\n<title>R\u00e9ci-Bruxelles - ASAH-BXL<\/title>\n<meta name=\"robots\" content=\"index, follow, max-snippet:-1, max-image-preview:large, max-video-preview:-1\" \/>\n<link rel=\"canonical\" href=\"https:\/\/asah-bxl.be\/index.php\/services\/reci-bruxelles\/\" \/>\n<meta property=\"og:locale\" content=\"fr_FR\" \/>\n<meta property=\"og:type\" content=\"article\" \/>\n<meta property=\"og:title\" content=\"R\u00e9ci-Bruxelles - ASAH-BXL\" \/>\n<meta property=\"og:description\" content=\"\u2709 Rue Edouard Fiers,1 &#8211; 1030 Bruxelles \u260f 02\/538.25.67 &nbsp;info@reci-bruxelles.be Service d&rsquo;accompagnement agr\u00e9\u00e9 et subventionn\u00e9 par la Commission Communautaire fran\u00e7aise de la r\u00e9gion de Bruxelles Capitale. R\u00e9seau de&nbsp;Coordination et d\u2019Intervention pour l\u2019int\u00e9gration des personnes pr\u00e9sentant un handicap moteur. \u00c0&nbsp;quel&nbsp;public&nbsp;nous adressons-nous ? Aux b\u00e9b\u00e9s, enfants et adolescents de 0 \u00e0 18 ans pr\u00e9sentant un retard de En savoir plus surR\u00e9ci-Bruxelles[&hellip;]\" \/>\n<meta property=\"og:url\" content=\"https:\/\/asah-bxl.be\/index.php\/services\/reci-bruxelles\/\" \/>\n<meta property=\"og:site_name\" content=\"ASAH-BXL\" \/>\n<meta property=\"article:modified_time\" content=\"2022-10-20T09:14:17+00:00\" \/>\n<meta property=\"og:image\" content=\"http:\/\/asah-bxl.be\/wp-content\/uploads\/2020\/02\/reci-bxl.jpg\" \/>\n<meta name=\"twitter:card\" content=\"summary_large_image\" \/>\n<meta name=\"twitter:label1\" content=\"Dur\u00e9e de lecture estim\u00e9e\" \/>\n\t<meta name=\"twitter:data1\" content=\"2 minutes\" \/>\n<script type=\"application\/ld+json\" class=\"yoast-schema-graph\">{\"@context\":\"https:\/\/schema.org\",\"@graph\":[{\"@type\":\"WebPage\",\"@id\":\"https:\/\/asah-bxl.be\/index.php\/services\/reci-bruxelles\/\",\"url\":\"https:\/\/asah-bxl.be\/index.php\/services\/reci-bruxelles\/\",\"name\":\"R\u00e9ci-Bruxelles - ASAH-BXL\",\"isPartOf\":{\"@id\":\"https:\/\/asah-bxl.be\/#website\"},\"primaryImageOfPage\":{\"@id\":\"https:\/\/asah-bxl.be\/index.php\/services\/reci-bruxelles\/#primaryimage\"},\"image\":{\"@id\":\"https:\/\/asah-bxl.be\/index.php\/services\/reci-bruxelles\/#primaryimage\"},\"thumbnailUrl\":\"http:\/\/asah-bxl.be\/wp-content\/uploads\/2020\/02\/reci-bxl.jpg\",\"datePublished\":\"2020-02-20T12:53:10+00:00\",\"dateModified\":\"2022-10-20T09:14:17+00:00\",\"breadcrumb\":{\"@id\":\"https:\/\/asah-bxl.be\/index.php\/services\/reci-bruxelles\/#breadcrumb\"},\"inLanguage\":\"fr-FR\",\"potentialAction\":[{\"@type\":\"ReadAction\",\"target\":[\"https:\/\/asah-bxl.be\/index.php\/services\/reci-bruxelles\/\"]}]},{\"@type\":\"ImageObject\",\"inLanguage\":\"fr-FR\",\"@id\":\"https:\/\/asah-bxl.be\/index.php\/services\/reci-bruxelles\/#primaryimage\",\"url\":\"http:\/\/asah-bxl.be\/wp-content\/uploads\/2020\/02\/reci-bxl.jpg\",\"contentUrl\":\"http:\/\/asah-bxl.be\/wp-content\/uploads\/2020\/02\/reci-bxl.jpg\"},{\"@type\":\"BreadcrumbList\",\"@id\":\"https:\/\/asah-bxl.be\/index.php\/services\/reci-bruxelles\/#breadcrumb\",\"itemListElement\":[{\"@type\":\"ListItem\",\"position\":1,\"name\":\"Accueil\",\"item\":\"https:\/\/asah-bxl.be\/\"},{\"@type\":\"ListItem\",\"position\":2,\"name\":\"Services\",\"item\":\"https:\/\/asah-bxl.be\/index.php\/services\/\"},{\"@type\":\"ListItem\",\"position\":3,\"name\":\"R\u00e9ci-Bruxelles\"}]},{\"@type\":\"WebSite\",\"@id\":\"https:\/\/asah-bxl.be\/#website\",\"url\":\"https:\/\/asah-bxl.be\/\",\"name\":\"ASAH-BXL\",\"description\":\"\",\"publisher\":{\"@id\":\"https:\/\/asah-bxl.be\/#organization\"},\"potentialAction\":[{\"@type\":\"SearchAction\",\"target\":{\"@type\":\"EntryPoint\",\"urlTemplate\":\"https:\/\/asah-bxl.be\/?s={search_term_string}\"},\"query-input\":{\"@type\":\"PropertyValueSpecification\",\"valueRequired\":true,\"valueName\":\"search_term_string\"}}],\"inLanguage\":\"fr-FR\"},{\"@type\":\"Organization\",\"@id\":\"https:\/\/asah-bxl.be\/#organization\",\"name\":\"ASAH-BXL\",\"url\":\"https:\/\/asah-bxl.be\/\",\"logo\":{\"@type\":\"ImageObject\",\"inLanguage\":\"fr-FR\",\"@id\":\"https:\/\/asah-bxl.be\/#\/schema\/logo\/image\/\",\"url\":\"https:\/\/asah-bxl.be\/wp-content\/uploads\/2020\/02\/cropped-Sans-titre-6-3-9.png\",\"contentUrl\":\"https:\/\/asah-bxl.be\/wp-content\/uploads\/2020\/02\/cropped-Sans-titre-6-3-9.png\",\"width\":724,\"height\":528,\"caption\":\"ASAH-BXL\"},\"image\":{\"@id\":\"https:\/\/asah-bxl.be\/#\/schema\/logo\/image\/\"}}]}<\/script>\n<!-- \/ Yoast SEO plugin. -->","yoast_head_json":{"title":"R\u00e9ci-Bruxelles - ASAH-BXL","robots":{"index":"index","follow":"follow","max-snippet":"max-snippet:-1","max-image-preview":"max-image-preview:large","max-video-preview":"max-video-preview:-1"},"canonical":"https:\/\/asah-bxl.be\/index.php\/services\/reci-bruxelles\/","og_locale":"fr_FR","og_type":"article","og_title":"R\u00e9ci-Bruxelles - ASAH-BXL","og_description":"\u2709 Rue Edouard Fiers,1 &#8211; 1030 Bruxelles \u260f 02\/538.25.67 &nbsp;info@reci-bruxelles.be Service d&rsquo;accompagnement agr\u00e9\u00e9 et subventionn\u00e9 par la Commission Communautaire fran\u00e7aise de la r\u00e9gion de Bruxelles Capitale. R\u00e9seau de&nbsp;Coordination et d\u2019Intervention pour l\u2019int\u00e9gration des personnes pr\u00e9sentant un handicap moteur. \u00c0&nbsp;quel&nbsp;public&nbsp;nous adressons-nous ? Aux b\u00e9b\u00e9s, enfants et adolescents de 0 \u00e0 18 ans pr\u00e9sentant un retard de En savoir plus surR\u00e9ci-Bruxelles[&hellip;]","og_url":"https:\/\/asah-bxl.be\/index.php\/services\/reci-bruxelles\/","og_site_name":"ASAH-BXL","article_modified_time":"2022-10-20T09:14:17+00:00","og_image":[{"url":"http:\/\/asah-bxl.be\/wp-content\/uploads\/2020\/02\/reci-bxl.jpg"}],"twitter_card":"summary_large_image","twitter_misc":{"Dur\u00e9e de lecture estim\u00e9e":"2 minutes"},"schema":{"@context":"https:\/\/schema.org","@graph":[{"@type":"WebPage","@id":"https:\/\/asah-bxl.be\/index.php\/services\/reci-bruxelles\/","url":"https:\/\/asah-bxl.be\/index.php\/services\/reci-bruxelles\/","name":"R\u00e9ci-Bruxelles - ASAH-BXL","isPartOf":{"@id":"https:\/\/asah-bxl.be\/#website"},"primaryImageOfPage":{"@id":"https:\/\/asah-bxl.be\/index.php\/services\/reci-bruxelles\/#primaryimage"},"image":{"@id":"https:\/\/asah-bxl.be\/index.php\/services\/reci-bruxelles\/#primaryimage"},"thumbnailUrl":"http:\/\/asah-bxl.be\/wp-content\/uploads\/2020\/02\/reci-bxl.jpg","datePublished":"2020-02-20T12:53:10+00:00","dateModified":"2022-10-20T09:14:17+00:00","breadcrumb":{"@id":"https:\/\/asah-bxl.be\/index.php\/services\/reci-bruxelles\/#breadcrumb"},"inLanguage":"fr-FR","potentialAction":[{"@type":"ReadAction","target":["https:\/\/asah-bxl.be\/index.php\/services\/reci-bruxelles\/"]}]},{"@type":"ImageObject","inLanguage":"fr-FR","@id":"https:\/\/asah-bxl.be\/index.php\/services\/reci-bruxelles\/#primaryimage","url":"http:\/\/asah-bxl.be\/wp-content\/uploads\/2020\/02\/reci-bxl.jpg","contentUrl":"http:\/\/asah-bxl.be\/wp-content\/uploads\/2020\/02\/reci-bxl.jpg"},{"@type":"BreadcrumbList","@id":"https:\/\/asah-bxl.be\/index.php\/services\/reci-bruxelles\/#breadcrumb","itemListElement":[{"@type":"ListItem","position":1,"name":"Accueil","item":"https:\/\/asah-bxl.be\/"},{"@type":"ListItem","position":2,"name":"Services","item":"https:\/\/asah-bxl.be\/index.php\/services\/"},{"@type":"ListItem","position":3,"name":"R\u00e9ci-Bruxelles"}]},{"@type":"WebSite","@id":"https:\/\/asah-bxl.be\/#website","url":"https:\/\/asah-bxl.be\/","name":"ASAH-BXL","description":"","publisher":{"@id":"https:\/\/asah-bxl.be\/#organization"},"potentialAction":[{"@type":"SearchAction","target":{"@type":"EntryPoint","urlTemplate":"https:\/\/asah-bxl.be\/?s={search_term_string}"},"query-input":{"@type":"PropertyValueSpecification","valueRequired":true,"valueName":"search_term_string"}}],"inLanguage":"fr-FR"},{"@type":"Organization","@id":"https:\/\/asah-bxl.be\/#organization","name":"ASAH-BXL","url":"https:\/\/asah-bxl.be\/","logo":{"@type":"ImageObject","inLanguage":"fr-FR","@id":"https:\/\/asah-bxl.be\/#\/schema\/logo\/image\/","url":"https:\/\/asah-bxl.be\/wp-content\/uploads\/2020\/02\/cropped-Sans-titre-6-3-9.png","contentUrl":"https:\/\/asah-bxl.be\/wp-content\/uploads\/2020\/02\/cropped-Sans-titre-6-3-9.png","width":724,"height":528,"caption":"ASAH-BXL"},"image":{"@id":"https:\/\/asah-bxl.be\/#\/schema\/logo\/image\/"}}]}},"_links":{"self":[{"href":"https:\/\/asah-bxl.be\/index.php\/wp-json\/wp\/v2\/pages\/275","targetHints":{"allow":["GET"]}}],"collection":[{"href":"https:\/\/asah-bxl.be\/index.php\/wp-json\/wp\/v2\/pages"}],"about":[{"href":"https:\/\/asah-bxl.be\/index.php\/wp-json\/wp\/v2\/types\/page"}],"author":[{"embeddable":true,"href":"https:\/\/asah-bxl.be\/index.php\/wp-json\/wp\/v2\/users\/1"}],"replies":[{"embeddable":true,"href":"https:\/\/asah-bxl.be\/index.php\/wp-json\/wp\/v2\/comments?post=275"}],"version-history":[{"count":5,"href":"https:\/\/asah-bxl.be\/index.php\/wp-json\/wp\/v2\/pages\/275\/revisions"}],"predecessor-version":[{"id":747,"href":"https:\/\/asah-bxl.be\/index.php\/wp-json\/wp\/v2\/pages\/275\/revisions\/747"}],"up":[{"embeddable":true,"href":"https:\/\/asah-bxl.be\/index.php\/wp-json\/wp\/v2\/pages\/98"}],"wp:attachment":[{"href":"https:\/\/asah-bxl.be\/index.php\/wp-json\/wp\/v2\/media?parent=275"}],"curies":[{"name":"wp","href":"https:\/\/api.w.org\/{rel}","templated":true}]}}