{"id":498,"date":"2020-07-07T16:32:43","date_gmt":"2020-07-07T14:32:43","guid":{"rendered":"http:\/\/asah-bxl.be\/?page_id=498"},"modified":"2026-02-17T15:28:04","modified_gmt":"2026-02-17T14:28:04","slug":"documents","status":"publish","type":"page","link":"https:\/\/asah-bxl.be\/index.php\/documents\/","title":{"rendered":"Documents"},"content":{"rendered":"\n<figure class=\"wp-block-image size-full is-resized\"><a href=\"https:\/\/asah-bxl.be\/wp-content\/uploads\/2026\/02\/RA-2024-OK-2.pdf\"><img fetchpriority=\"high\" decoding=\"async\" width=\"1058\" height=\"1497\" src=\"https:\/\/asah-bxl.be\/wp-content\/uploads\/2026\/02\/RA-2024-OK-3-pdf.jpg\" alt=\"\" class=\"wp-image-904\" style=\"aspect-ratio:0.7065460558311448;width:229px;height:auto\"\/><\/a><\/figure>\n\n\n\n<figure class=\"wp-block-image size-full is-resized\"><a href=\"https:\/\/asah-bxl.be\/wp-content\/uploads\/2026\/02\/RA-2023-1.docx\"><img decoding=\"async\" width=\"492\" height=\"701\" src=\"https:\/\/asah-bxl.be\/wp-content\/uploads\/2026\/02\/image-RA-2023.png\" alt=\"\" class=\"wp-image-891\" style=\"aspect-ratio:0.7018654607122669;width:225px;height:auto\" srcset=\"https:\/\/asah-bxl.be\/wp-content\/uploads\/2026\/02\/image-RA-2023.png 492w, https:\/\/asah-bxl.be\/wp-content\/uploads\/2026\/02\/image-RA-2023-211x300.png 211w\" sizes=\"(max-width: 492px) 100vw, 492px\" \/><\/a><\/figure>\n\n\n\n<div class=\"wp-block-file\"><a id=\"wp-block-file--media-6421cd22-81c8-49f4-9954-c15e7662b1bd\" href=\"https:\/\/asah-bxl.be\/wp-content\/uploads\/2024\/01\/Memorandum-ASAH-BXL-2023-28-1.pdf\"><img decoding=\"async\" width=\"400\" height=\"332\" class=\"wp-image-822\" style=\"width: 400px;\" src=\"https:\/\/asah-bxl.be\/wp-content\/uploads\/2024\/01\/image-memo.png\" alt=\"\" srcset=\"https:\/\/asah-bxl.be\/wp-content\/uploads\/2024\/01\/image-memo.png 1152w, https:\/\/asah-bxl.be\/wp-content\/uploads\/2024\/01\/image-memo-300x249.png 300w, https:\/\/asah-bxl.be\/wp-content\/uploads\/2024\/01\/image-memo-1024x849.png 1024w, https:\/\/asah-bxl.be\/wp-content\/uploads\/2024\/01\/image-memo-768x637.png 768w\" sizes=\"(max-width: 400px) 100vw, 400px\" \/>M\u00e9morandum ASAH-BXL 2023-28<\/a><a href=\"https:\/\/asah-bxl.be\/wp-content\/uploads\/2024\/01\/Memorandum-ASAH-BXL-2023-28-1.pdf\" class=\"wp-block-file__button wp-element-button\" download aria-describedby=\"wp-block-file--media-6421cd22-81c8-49f4-9954-c15e7662b1bd\">T\u00e9l\u00e9charger<\/a><\/div>\n\n\n\n<div class=\"wp-block-file\"><a id=\"wp-block-file--media-dab69d03-dd0a-4e81-a356-4865cff1aa68\" href=\"https:\/\/asah-bxl.be\/wp-content\/uploads\/2024\/01\/ASAH-BXL-rapport-dactivites-2022-.docx\"><img loading=\"lazy\" decoding=\"async\" width=\"210\" height=\"273\" class=\"wp-image-831\" style=\"width: 210px;\" src=\"https:\/\/asah-bxl.be\/wp-content\/uploads\/2024\/01\/ima-RA-2022-1.png\" alt=\"\" srcset=\"https:\/\/asah-bxl.be\/wp-content\/uploads\/2024\/01\/ima-RA-2022-1.png 696w, https:\/\/asah-bxl.be\/wp-content\/uploads\/2024\/01\/ima-RA-2022-1-231x300.png 231w\" sizes=\"(max-width: 210px) 100vw, 210px\" \/>ASAH-BXL-rapport-dactivites-2022-<\/a><a href=\"https:\/\/asah-bxl.be\/wp-content\/uploads\/2024\/01\/ASAH-BXL-rapport-dactivites-2022-.docx\" class=\"wp-block-file__button wp-element-button\" download aria-describedby=\"wp-block-file--media-dab69d03-dd0a-4e81-a356-4865cff1aa68\">T\u00e9l\u00e9charger<\/a><\/div>\n\n\n<figure class=\"wp-block-image size-full is-resized\"><a href=\"https:\/\/asah-bxl.be\/wp-content\/uploads\/2022\/03\/RA-ASAH-BXL-2020-3.pdf\" target=\"_blank\" rel=\"noopener\"><img loading=\"lazy\" decoding=\"async\" width=\"637\" height=\"902\" class=\"wp-image-603\" style=\"width: 213px; height: 302px;\" src=\"https:\/\/asah-bxl.be\/wp-content\/uploads\/2022\/03\/Capture-decran-2022-03-17-120247.png\" alt=\"\" srcset=\"https:\/\/asah-bxl.be\/wp-content\/uploads\/2022\/03\/Capture-decran-2022-03-17-120247.png 637w, https:\/\/asah-bxl.be\/wp-content\/uploads\/2022\/03\/Capture-decran-2022-03-17-120247-212x300.png 212w\" sizes=\"(max-width: 637px) 100vw, 637px\" \/><\/a><\/figure>\n<figure class=\"wp-block-image size-large is-resized\"><a href=\"https:\/\/asah-bxl.be\/wp-content\/uploads\/2020\/07\/Rapport-Activit\u00e9s-ASAH-BXL-2019.pdf\" target=\"_blank\" rel=\"noopener noreferrer\"><img loading=\"lazy\" decoding=\"async\" width=\"597\" height=\"857\" class=\"wp-image-499\" style=\"width: 220px; height: 315px;\" src=\"https:\/\/asah-bxl.be\/wp-content\/uploads\/2020\/07\/RA2019.png\" alt=\"\" srcset=\"https:\/\/asah-bxl.be\/wp-content\/uploads\/2020\/07\/RA2019.png 597w, https:\/\/asah-bxl.be\/wp-content\/uploads\/2020\/07\/RA2019-209x300.png 209w\" sizes=\"(max-width: 597px) 100vw, 597px\" \/><\/a><\/figure>\n<figure class=\"wp-block-image size-large is-resized\"><a href=\"https:\/\/asah-bxl.be\/wp-content\/uploads\/2020\/07\/M\u00e9morandum-interf\u00e9d\u00e9ral-2019_2024.pdf\" target=\"_blank\" rel=\"noopener noreferrer\"><img loading=\"lazy\" decoding=\"async\" width=\"601\" height=\"854\" class=\"wp-image-506\" style=\"width: 221px; height: 314px;\" src=\"https:\/\/asah-bxl.be\/wp-content\/uploads\/2020\/07\/memorandum.png\" alt=\"\" srcset=\"https:\/\/asah-bxl.be\/wp-content\/uploads\/2020\/07\/memorandum.png 601w, https:\/\/asah-bxl.be\/wp-content\/uploads\/2020\/07\/memorandum-211x300.png 211w\" sizes=\"(max-width: 601px) 100vw, 601px\" \/><\/a><\/figure>\n\n\n<div class=\"wp-block-file\"><a id=\"wp-block-file--media-eca5b47a-b28b-4fb4-b123-bda145711dc8\" href=\"https:\/\/asah-bxl.be\/wp-content\/uploads\/2020\/10\/Arrete-SA-Version-coordonnee-1.pdf\">Arr\u00eat\u00e9 du 1er mars 2018 relatif aux<strong> services d&rsquo;accompagnement<\/strong><\/a><a href=\"https:\/\/asah-bxl.be\/wp-content\/uploads\/2020\/10\/Arrete-SA-Version-coordonnee-1.pdf\" class=\"wp-block-file__button wp-element-button\" download aria-describedby=\"wp-block-file--media-eca5b47a-b28b-4fb4-b123-bda145711dc8\">T\u00e9l\u00e9charger<\/a><\/div>\n\n\n\n<div class=\"wp-block-file\"><a id=\"wp-block-file--media-19082368-f3de-4406-bf2d-ce478b2cb43c\" href=\"https:\/\/asah-bxl.be\/wp-content\/uploads\/2020\/10\/Decret-Inclusion-adopte-Version-coordonnee-20181217.pdf\">Le d\u00e9cret relatif \u00e0 l&rsquo;inclusion de la personne handicap\u00e9e (<strong>D\u00e9cret inclusion<\/strong>) a \u00e9t\u00e9 adopt\u00e9 par l&rsquo;Assembl\u00e9e de la COCOF le 17 janvier 2014.<\/a><a href=\"https:\/\/asah-bxl.be\/wp-content\/uploads\/2020\/10\/Decret-Inclusion-adopte-Version-coordonnee-20181217.pdf\" class=\"wp-block-file__button wp-element-button\" download aria-describedby=\"wp-block-file--media-19082368-f3de-4406-bf2d-ce478b2cb43c\">T\u00e9l\u00e9charger<\/a><\/div>\n","protected":false},"excerpt":{"rendered":"","protected":false},"author":1,"featured_media":0,"parent":0,"menu_order":0,"comment_status":"closed","ping_status":"closed","template":"","meta":{"_bbp_topic_count":0,"_bbp_reply_count":0,"_bbp_total_topic_count":0,"_bbp_total_reply_count":0,"_bbp_voice_count":0,"_bbp_anonymous_reply_count":0,"_bbp_topic_count_hidden":0,"_bbp_reply_count_hidden":0,"_bbp_forum_subforum_count":0,"footnotes":""},"class_list":["post-498","page","type-page","status-publish","hentry"],"yoast_head":"<!-- This site is optimized with the Yoast SEO plugin v23.4 - https:\/\/yoast.com\/wordpress\/plugins\/seo\/ -->\n<title>Documents - ASAH-BXL<\/title>\n<meta name=\"robots\" content=\"index, follow, max-snippet:-1, max-image-preview:large, max-video-preview:-1\" \/>\n<link rel=\"canonical\" href=\"https:\/\/asah-bxl.be\/index.php\/documents\/\" \/>\n<meta property=\"og:locale\" content=\"fr_FR\" \/>\n<meta property=\"og:type\" content=\"article\" \/>\n<meta property=\"og:title\" content=\"Documents - ASAH-BXL\" \/>\n<meta property=\"og:url\" content=\"https:\/\/asah-bxl.be\/index.php\/documents\/\" \/>\n<meta property=\"og:site_name\" content=\"ASAH-BXL\" \/>\n<meta property=\"article:modified_time\" content=\"2026-02-17T14:28:04+00:00\" \/>\n<meta property=\"og:image\" content=\"https:\/\/asah-bxl.be\/wp-content\/uploads\/2026\/02\/RA-2024-OK-3-pdf.jpg\" \/>\n<meta name=\"twitter:card\" content=\"summary_large_image\" \/>\n<meta name=\"twitter:label1\" content=\"Dur\u00e9e de lecture estim\u00e9e\" \/>\n\t<meta name=\"twitter:data1\" content=\"2 minutes\" \/>\n<script type=\"application\/ld+json\" class=\"yoast-schema-graph\">{\"@context\":\"https:\/\/schema.org\",\"@graph\":[{\"@type\":\"WebPage\",\"@id\":\"https:\/\/asah-bxl.be\/index.php\/documents\/\",\"url\":\"https:\/\/asah-bxl.be\/index.php\/documents\/\",\"name\":\"Documents - ASAH-BXL\",\"isPartOf\":{\"@id\":\"https:\/\/asah-bxl.be\/#website\"},\"primaryImageOfPage\":{\"@id\":\"https:\/\/asah-bxl.be\/index.php\/documents\/#primaryimage\"},\"image\":{\"@id\":\"https:\/\/asah-bxl.be\/index.php\/documents\/#primaryimage\"},\"thumbnailUrl\":\"https:\/\/asah-bxl.be\/wp-content\/uploads\/2026\/02\/RA-2024-OK-3-pdf.jpg\",\"datePublished\":\"2020-07-07T14:32:43+00:00\",\"dateModified\":\"2026-02-17T14:28:04+00:00\",\"breadcrumb\":{\"@id\":\"https:\/\/asah-bxl.be\/index.php\/documents\/#breadcrumb\"},\"inLanguage\":\"fr-FR\",\"potentialAction\":[{\"@type\":\"ReadAction\",\"target\":[\"https:\/\/asah-bxl.be\/index.php\/documents\/\"]}]},{\"@type\":\"ImageObject\",\"inLanguage\":\"fr-FR\",\"@id\":\"https:\/\/asah-bxl.be\/index.php\/documents\/#primaryimage\",\"url\":\"https:\/\/asah-bxl.be\/wp-content\/uploads\/2026\/02\/RA-2024-OK-3-pdf.jpg\",\"contentUrl\":\"https:\/\/asah-bxl.be\/wp-content\/uploads\/2026\/02\/RA-2024-OK-3-pdf.jpg\"},{\"@type\":\"BreadcrumbList\",\"@id\":\"https:\/\/asah-bxl.be\/index.php\/documents\/#breadcrumb\",\"itemListElement\":[{\"@type\":\"ListItem\",\"position\":1,\"name\":\"Accueil\",\"item\":\"https:\/\/asah-bxl.be\/\"},{\"@type\":\"ListItem\",\"position\":2,\"name\":\"Documents\"}]},{\"@type\":\"WebSite\",\"@id\":\"https:\/\/asah-bxl.be\/#website\",\"url\":\"https:\/\/asah-bxl.be\/\",\"name\":\"ASAH-BXL\",\"description\":\"\",\"publisher\":{\"@id\":\"https:\/\/asah-bxl.be\/#organization\"},\"potentialAction\":[{\"@type\":\"SearchAction\",\"target\":{\"@type\":\"EntryPoint\",\"urlTemplate\":\"https:\/\/asah-bxl.be\/?s={search_term_string}\"},\"query-input\":{\"@type\":\"PropertyValueSpecification\",\"valueRequired\":true,\"valueName\":\"search_term_string\"}}],\"inLanguage\":\"fr-FR\"},{\"@type\":\"Organization\",\"@id\":\"https:\/\/asah-bxl.be\/#organization\",\"name\":\"ASAH-BXL\",\"url\":\"https:\/\/asah-bxl.be\/\",\"logo\":{\"@type\":\"ImageObject\",\"inLanguage\":\"fr-FR\",\"@id\":\"https:\/\/asah-bxl.be\/#\/schema\/logo\/image\/\",\"url\":\"https:\/\/asah-bxl.be\/wp-content\/uploads\/2020\/02\/cropped-Sans-titre-6-3-9.png\",\"contentUrl\":\"https:\/\/asah-bxl.be\/wp-content\/uploads\/2020\/02\/cropped-Sans-titre-6-3-9.png\",\"width\":724,\"height\":528,\"caption\":\"ASAH-BXL\"},\"image\":{\"@id\":\"https:\/\/asah-bxl.be\/#\/schema\/logo\/image\/\"}}]}<\/script>\n<!-- \/ Yoast SEO plugin. -->","yoast_head_json":{"title":"Documents - ASAH-BXL","robots":{"index":"index","follow":"follow","max-snippet":"max-snippet:-1","max-image-preview":"max-image-preview:large","max-video-preview":"max-video-preview:-1"},"canonical":"https:\/\/asah-bxl.be\/index.php\/documents\/","og_locale":"fr_FR","og_type":"article","og_title":"Documents - ASAH-BXL","og_url":"https:\/\/asah-bxl.be\/index.php\/documents\/","og_site_name":"ASAH-BXL","article_modified_time":"2026-02-17T14:28:04+00:00","og_image":[{"url":"https:\/\/asah-bxl.be\/wp-content\/uploads\/2026\/02\/RA-2024-OK-3-pdf.jpg"}],"twitter_card":"summary_large_image","twitter_misc":{"Dur\u00e9e de lecture estim\u00e9e":"2 minutes"},"schema":{"@context":"https:\/\/schema.org","@graph":[{"@type":"WebPage","@id":"https:\/\/asah-bxl.be\/index.php\/documents\/","url":"https:\/\/asah-bxl.be\/index.php\/documents\/","name":"Documents - ASAH-BXL","isPartOf":{"@id":"https:\/\/asah-bxl.be\/#website"},"primaryImageOfPage":{"@id":"https:\/\/asah-bxl.be\/index.php\/documents\/#primaryimage"},"image":{"@id":"https:\/\/asah-bxl.be\/index.php\/documents\/#primaryimage"},"thumbnailUrl":"https:\/\/asah-bxl.be\/wp-content\/uploads\/2026\/02\/RA-2024-OK-3-pdf.jpg","datePublished":"2020-07-07T14:32:43+00:00","dateModified":"2026-02-17T14:28:04+00:00","breadcrumb":{"@id":"https:\/\/asah-bxl.be\/index.php\/documents\/#breadcrumb"},"inLanguage":"fr-FR","potentialAction":[{"@type":"ReadAction","target":["https:\/\/asah-bxl.be\/index.php\/documents\/"]}]},{"@type":"ImageObject","inLanguage":"fr-FR","@id":"https:\/\/asah-bxl.be\/index.php\/documents\/#primaryimage","url":"https:\/\/asah-bxl.be\/wp-content\/uploads\/2026\/02\/RA-2024-OK-3-pdf.jpg","contentUrl":"https:\/\/asah-bxl.be\/wp-content\/uploads\/2026\/02\/RA-2024-OK-3-pdf.jpg"},{"@type":"BreadcrumbList","@id":"https:\/\/asah-bxl.be\/index.php\/documents\/#breadcrumb","itemListElement":[{"@type":"ListItem","position":1,"name":"Accueil","item":"https:\/\/asah-bxl.be\/"},{"@type":"ListItem","position":2,"name":"Documents"}]},{"@type":"WebSite","@id":"https:\/\/asah-bxl.be\/#website","url":"https:\/\/asah-bxl.be\/","name":"ASAH-BXL","description":"","publisher":{"@id":"https:\/\/asah-bxl.be\/#organization"},"potentialAction":[{"@type":"SearchAction","target":{"@type":"EntryPoint","urlTemplate":"https:\/\/asah-bxl.be\/?s={search_term_string}"},"query-input":{"@type":"PropertyValueSpecification","valueRequired":true,"valueName":"search_term_string"}}],"inLanguage":"fr-FR"},{"@type":"Organization","@id":"https:\/\/asah-bxl.be\/#organization","name":"ASAH-BXL","url":"https:\/\/asah-bxl.be\/","logo":{"@type":"ImageObject","inLanguage":"fr-FR","@id":"https:\/\/asah-bxl.be\/#\/schema\/logo\/image\/","url":"https:\/\/asah-bxl.be\/wp-content\/uploads\/2020\/02\/cropped-Sans-titre-6-3-9.png","contentUrl":"https:\/\/asah-bxl.be\/wp-content\/uploads\/2020\/02\/cropped-Sans-titre-6-3-9.png","width":724,"height":528,"caption":"ASAH-BXL"},"image":{"@id":"https:\/\/asah-bxl.be\/#\/schema\/logo\/image\/"}}]}},"_links":{"self":[{"href":"https:\/\/asah-bxl.be\/index.php\/wp-json\/wp\/v2\/pages\/498","targetHints":{"allow":["GET"]}}],"collection":[{"href":"https:\/\/asah-bxl.be\/index.php\/wp-json\/wp\/v2\/pages"}],"about":[{"href":"https:\/\/asah-bxl.be\/index.php\/wp-json\/wp\/v2\/types\/page"}],"author":[{"embeddable":true,"href":"https:\/\/asah-bxl.be\/index.php\/wp-json\/wp\/v2\/users\/1"}],"replies":[{"embeddable":true,"href":"https:\/\/asah-bxl.be\/index.php\/wp-json\/wp\/v2\/comments?post=498"}],"version-history":[{"count":18,"href":"https:\/\/asah-bxl.be\/index.php\/wp-json\/wp\/v2\/pages\/498\/revisions"}],"predecessor-version":[{"id":906,"href":"https:\/\/asah-bxl.be\/index.php\/wp-json\/wp\/v2\/pages\/498\/revisions\/906"}],"wp:attachment":[{"href":"https:\/\/asah-bxl.be\/index.php\/wp-json\/wp\/v2\/media?parent=498"}],"curies":[{"name":"wp","href":"https:\/\/api.w.org\/{rel}","templated":true}]}}