{"id":641,"date":"2022-03-23T11:12:06","date_gmt":"2022-03-23T10:12:06","guid":{"rendered":"https:\/\/asah-bxl.be\/?page_id=641"},"modified":"2022-10-20T12:24:00","modified_gmt":"2022-10-20T10:24:00","slug":"service-daccompagnement-uccle-saint-job","status":"publish","type":"page","link":"https:\/\/asah-bxl.be\/index.php\/services\/service-daccompagnement-uccle-saint-job\/","title":{"rendered":"Service d&rsquo;accompagnement Uccle Saint-Job"},"content":{"rendered":"\n<div class=\"wp-block-themeisle-blocks-advanced-columns has-undefined-columns has-desktop-undefined-layout has-tablet-equal-layout has-mobile-equal-layout has-default-gap has-vertical-unset\" id=\"wp-block-themeisle-blocks-advanced-columns-8c1dc099\"><div class=\"wp-block-themeisle-blocks-advanced-columns-overlay\"><\/div><div class=\"innerblocks-wrap\"><\/div><\/div>\n\n\n\n<figure class=\"wp-block-image size-full\"><img decoding=\"async\" width=\"333\" height=\"64\" src=\"https:\/\/asah-bxl.be\/wp-content\/uploads\/2022\/03\/logo-Tropiques-jpg.jpg\" alt=\"\" class=\"wp-image-637\" srcset=\"https:\/\/asah-bxl.be\/wp-content\/uploads\/2022\/03\/logo-Tropiques-jpg.jpg 333w, https:\/\/asah-bxl.be\/wp-content\/uploads\/2022\/03\/logo-Tropiques-jpg-300x58.jpg 300w\" sizes=\"(max-width: 333px) 100vw, 333px\" \/><\/figure>\n\n\n\n<p>\u2709 Chauss\u00e9e Saint-Job, 548<br>1180 Bruxelles<\/p>\n\n\n\n<p>\u260f 02 374 30 09<\/p>\n\n\n\n<p>sausj548@gmail.com<\/p>\n\n\n\n<p>Le&nbsp;<strong>Service d\u2019Accompagnement Uccle St-Job<\/strong>&nbsp;s\u2019adresse \u00e0 des&nbsp;<strong>adultes<\/strong>&nbsp;<strong>pr\u00e9sentant une d\u00e9ficience mentale l\u00e9g\u00e8re avec double diagnostic<\/strong>&nbsp;qui souhaitent acqu\u00e9rir plus d\u2019autonomie via:<br>&#8211; l\u2019\u00e9laboration d\u2019un projet de vie ;<br>&#8211; la recherche d\u2019un lieu de vie adapt\u00e9 \u00e0 leurs besoins ;<br>&#8211; la recherche d\u2019une activit\u00e9 telle qu\u2019une formation, un emploi, un b\u00e9n\u00e9volat, un centre de jour et\/ou loisirs\u2026 ;<br>&#8211; la gestion de leur budget, leur logement et leurs papiers administratifs ;<br>&#8211; et toutes autres demandes.<\/p>\n\n\n\n<p>Les principaux domaines d\u2019intervention sont les suivants : le&nbsp;<strong>logement<\/strong>, la&nbsp;<strong>recherche d\u2019une activit\u00e9 de jour<\/strong>, la&nbsp;<strong>gestion du quotidien<\/strong>&nbsp;et le&nbsp;<strong>soutien psycho-relationnel<\/strong>.<\/p>\n\n\n\n<p>+ <strong>mission sp\u00e9cifique<\/strong>\u00a0de\u00a0<strong>logement accompagn\u00e9<\/strong><\/p>\n","protected":false},"excerpt":{"rendered":"<p>\u2709 Chauss\u00e9e Saint-Job, 5481180 Bruxelles \u260f 02 374 30 09 sausj548@gmail.com Le&nbsp;Service d\u2019Accompagnement Uccle St-Job&nbsp;s\u2019adresse \u00e0 des&nbsp;adultes&nbsp;pr\u00e9sentant une d\u00e9ficience mentale l\u00e9g\u00e8re avec double diagnostic&nbsp;qui souhaitent acqu\u00e9rir plus d\u2019autonomie via:&#8211; l\u2019\u00e9laboration d\u2019un projet de vie ;&#8211; la recherche d\u2019un lieu de vie adapt\u00e9 \u00e0 leurs besoins ;&#8211; la recherche d\u2019une activit\u00e9 telle qu\u2019une formation, un emploi, <a href=\"https:\/\/asah-bxl.be\/index.php\/services\/service-daccompagnement-uccle-saint-job\/\" rel=\"nofollow\"><span class=\"sr-only\">En savoir plus surService d&rsquo;accompagnement Uccle Saint-Job<\/span>[&hellip;]<\/a><\/p>\n","protected":false},"author":1,"featured_media":637,"parent":98,"menu_order":4,"comment_status":"closed","ping_status":"closed","template":"","meta":{"_bbp_topic_count":0,"_bbp_reply_count":0,"_bbp_total_topic_count":0,"_bbp_total_reply_count":0,"_bbp_voice_count":0,"_bbp_anonymous_reply_count":0,"_bbp_topic_count_hidden":0,"_bbp_reply_count_hidden":0,"_bbp_forum_subforum_count":0,"footnotes":""},"class_list":["post-641","page","type-page","status-publish","has-post-thumbnail","hentry"],"yoast_head":"<!-- This site is optimized with the Yoast SEO plugin v23.4 - https:\/\/yoast.com\/wordpress\/plugins\/seo\/ -->\n<title>Service d&#039;accompagnement Uccle Saint-Job - ASAH-BXL<\/title>\n<meta name=\"robots\" content=\"index, follow, max-snippet:-1, max-image-preview:large, max-video-preview:-1\" \/>\n<link rel=\"canonical\" href=\"https:\/\/asah-bxl.be\/index.php\/services\/service-daccompagnement-uccle-saint-job\/\" \/>\n<meta property=\"og:locale\" content=\"fr_FR\" \/>\n<meta property=\"og:type\" content=\"article\" \/>\n<meta property=\"og:title\" content=\"Service d&#039;accompagnement Uccle Saint-Job - ASAH-BXL\" \/>\n<meta property=\"og:description\" content=\"\u2709 Chauss\u00e9e Saint-Job, 5481180 Bruxelles \u260f 02 374 30 09 sausj548@gmail.com Le&nbsp;Service d\u2019Accompagnement Uccle St-Job&nbsp;s\u2019adresse \u00e0 des&nbsp;adultes&nbsp;pr\u00e9sentant une d\u00e9ficience mentale l\u00e9g\u00e8re avec double diagnostic&nbsp;qui souhaitent acqu\u00e9rir plus d\u2019autonomie via:&#8211; l\u2019\u00e9laboration d\u2019un projet de vie ;&#8211; la recherche d\u2019un lieu de vie adapt\u00e9 \u00e0 leurs besoins ;&#8211; la recherche d\u2019une activit\u00e9 telle qu\u2019une formation, un emploi, En savoir plus surService d&rsquo;accompagnement Uccle Saint-Job[&hellip;]\" \/>\n<meta property=\"og:url\" content=\"https:\/\/asah-bxl.be\/index.php\/services\/service-daccompagnement-uccle-saint-job\/\" \/>\n<meta property=\"og:site_name\" content=\"ASAH-BXL\" \/>\n<meta property=\"article:modified_time\" content=\"2022-10-20T10:24:00+00:00\" \/>\n<meta property=\"og:image\" content=\"https:\/\/asah-bxl.be\/wp-content\/uploads\/2022\/03\/logo-Tropiques-jpg.jpg\" \/>\n\t<meta property=\"og:image:width\" content=\"333\" \/>\n\t<meta property=\"og:image:height\" content=\"64\" \/>\n\t<meta property=\"og:image:type\" content=\"image\/jpeg\" \/>\n<meta name=\"twitter:card\" content=\"summary_large_image\" \/>\n<meta name=\"twitter:label1\" content=\"Dur\u00e9e de lecture estim\u00e9e\" \/>\n\t<meta name=\"twitter:data1\" content=\"1 minute\" \/>\n<script type=\"application\/ld+json\" class=\"yoast-schema-graph\">{\"@context\":\"https:\/\/schema.org\",\"@graph\":[{\"@type\":\"WebPage\",\"@id\":\"https:\/\/asah-bxl.be\/index.php\/services\/service-daccompagnement-uccle-saint-job\/\",\"url\":\"https:\/\/asah-bxl.be\/index.php\/services\/service-daccompagnement-uccle-saint-job\/\",\"name\":\"Service d'accompagnement Uccle Saint-Job - ASAH-BXL\",\"isPartOf\":{\"@id\":\"https:\/\/asah-bxl.be\/#website\"},\"primaryImageOfPage\":{\"@id\":\"https:\/\/asah-bxl.be\/index.php\/services\/service-daccompagnement-uccle-saint-job\/#primaryimage\"},\"image\":{\"@id\":\"https:\/\/asah-bxl.be\/index.php\/services\/service-daccompagnement-uccle-saint-job\/#primaryimage\"},\"thumbnailUrl\":\"https:\/\/asah-bxl.be\/wp-content\/uploads\/2022\/03\/logo-Tropiques-jpg.jpg\",\"datePublished\":\"2022-03-23T10:12:06+00:00\",\"dateModified\":\"2022-10-20T10:24:00+00:00\",\"breadcrumb\":{\"@id\":\"https:\/\/asah-bxl.be\/index.php\/services\/service-daccompagnement-uccle-saint-job\/#breadcrumb\"},\"inLanguage\":\"fr-FR\",\"potentialAction\":[{\"@type\":\"ReadAction\",\"target\":[\"https:\/\/asah-bxl.be\/index.php\/services\/service-daccompagnement-uccle-saint-job\/\"]}]},{\"@type\":\"ImageObject\",\"inLanguage\":\"fr-FR\",\"@id\":\"https:\/\/asah-bxl.be\/index.php\/services\/service-daccompagnement-uccle-saint-job\/#primaryimage\",\"url\":\"https:\/\/asah-bxl.be\/wp-content\/uploads\/2022\/03\/logo-Tropiques-jpg.jpg\",\"contentUrl\":\"https:\/\/asah-bxl.be\/wp-content\/uploads\/2022\/03\/logo-Tropiques-jpg.jpg\",\"width\":333,\"height\":64},{\"@type\":\"BreadcrumbList\",\"@id\":\"https:\/\/asah-bxl.be\/index.php\/services\/service-daccompagnement-uccle-saint-job\/#breadcrumb\",\"itemListElement\":[{\"@type\":\"ListItem\",\"position\":1,\"name\":\"Accueil\",\"item\":\"https:\/\/asah-bxl.be\/\"},{\"@type\":\"ListItem\",\"position\":2,\"name\":\"Services\",\"item\":\"https:\/\/asah-bxl.be\/index.php\/services\/\"},{\"@type\":\"ListItem\",\"position\":3,\"name\":\"Service d&rsquo;accompagnement Uccle Saint-Job\"}]},{\"@type\":\"WebSite\",\"@id\":\"https:\/\/asah-bxl.be\/#website\",\"url\":\"https:\/\/asah-bxl.be\/\",\"name\":\"ASAH-BXL\",\"description\":\"\",\"publisher\":{\"@id\":\"https:\/\/asah-bxl.be\/#organization\"},\"potentialAction\":[{\"@type\":\"SearchAction\",\"target\":{\"@type\":\"EntryPoint\",\"urlTemplate\":\"https:\/\/asah-bxl.be\/?s={search_term_string}\"},\"query-input\":{\"@type\":\"PropertyValueSpecification\",\"valueRequired\":true,\"valueName\":\"search_term_string\"}}],\"inLanguage\":\"fr-FR\"},{\"@type\":\"Organization\",\"@id\":\"https:\/\/asah-bxl.be\/#organization\",\"name\":\"ASAH-BXL\",\"url\":\"https:\/\/asah-bxl.be\/\",\"logo\":{\"@type\":\"ImageObject\",\"inLanguage\":\"fr-FR\",\"@id\":\"https:\/\/asah-bxl.be\/#\/schema\/logo\/image\/\",\"url\":\"https:\/\/asah-bxl.be\/wp-content\/uploads\/2020\/02\/cropped-Sans-titre-6-3-9.png\",\"contentUrl\":\"https:\/\/asah-bxl.be\/wp-content\/uploads\/2020\/02\/cropped-Sans-titre-6-3-9.png\",\"width\":724,\"height\":528,\"caption\":\"ASAH-BXL\"},\"image\":{\"@id\":\"https:\/\/asah-bxl.be\/#\/schema\/logo\/image\/\"}}]}<\/script>\n<!-- \/ Yoast SEO plugin. -->","yoast_head_json":{"title":"Service d'accompagnement Uccle Saint-Job - ASAH-BXL","robots":{"index":"index","follow":"follow","max-snippet":"max-snippet:-1","max-image-preview":"max-image-preview:large","max-video-preview":"max-video-preview:-1"},"canonical":"https:\/\/asah-bxl.be\/index.php\/services\/service-daccompagnement-uccle-saint-job\/","og_locale":"fr_FR","og_type":"article","og_title":"Service d'accompagnement Uccle Saint-Job - ASAH-BXL","og_description":"\u2709 Chauss\u00e9e Saint-Job, 5481180 Bruxelles \u260f 02 374 30 09 sausj548@gmail.com Le&nbsp;Service d\u2019Accompagnement Uccle St-Job&nbsp;s\u2019adresse \u00e0 des&nbsp;adultes&nbsp;pr\u00e9sentant une d\u00e9ficience mentale l\u00e9g\u00e8re avec double diagnostic&nbsp;qui souhaitent acqu\u00e9rir plus d\u2019autonomie via:&#8211; l\u2019\u00e9laboration d\u2019un projet de vie ;&#8211; la recherche d\u2019un lieu de vie adapt\u00e9 \u00e0 leurs besoins ;&#8211; la recherche d\u2019une activit\u00e9 telle qu\u2019une formation, un emploi, En savoir plus surService d&rsquo;accompagnement Uccle Saint-Job[&hellip;]","og_url":"https:\/\/asah-bxl.be\/index.php\/services\/service-daccompagnement-uccle-saint-job\/","og_site_name":"ASAH-BXL","article_modified_time":"2022-10-20T10:24:00+00:00","og_image":[{"width":333,"height":64,"url":"https:\/\/asah-bxl.be\/wp-content\/uploads\/2022\/03\/logo-Tropiques-jpg.jpg","type":"image\/jpeg"}],"twitter_card":"summary_large_image","twitter_misc":{"Dur\u00e9e de lecture estim\u00e9e":"1 minute"},"schema":{"@context":"https:\/\/schema.org","@graph":[{"@type":"WebPage","@id":"https:\/\/asah-bxl.be\/index.php\/services\/service-daccompagnement-uccle-saint-job\/","url":"https:\/\/asah-bxl.be\/index.php\/services\/service-daccompagnement-uccle-saint-job\/","name":"Service d'accompagnement Uccle Saint-Job - ASAH-BXL","isPartOf":{"@id":"https:\/\/asah-bxl.be\/#website"},"primaryImageOfPage":{"@id":"https:\/\/asah-bxl.be\/index.php\/services\/service-daccompagnement-uccle-saint-job\/#primaryimage"},"image":{"@id":"https:\/\/asah-bxl.be\/index.php\/services\/service-daccompagnement-uccle-saint-job\/#primaryimage"},"thumbnailUrl":"https:\/\/asah-bxl.be\/wp-content\/uploads\/2022\/03\/logo-Tropiques-jpg.jpg","datePublished":"2022-03-23T10:12:06+00:00","dateModified":"2022-10-20T10:24:00+00:00","breadcrumb":{"@id":"https:\/\/asah-bxl.be\/index.php\/services\/service-daccompagnement-uccle-saint-job\/#breadcrumb"},"inLanguage":"fr-FR","potentialAction":[{"@type":"ReadAction","target":["https:\/\/asah-bxl.be\/index.php\/services\/service-daccompagnement-uccle-saint-job\/"]}]},{"@type":"ImageObject","inLanguage":"fr-FR","@id":"https:\/\/asah-bxl.be\/index.php\/services\/service-daccompagnement-uccle-saint-job\/#primaryimage","url":"https:\/\/asah-bxl.be\/wp-content\/uploads\/2022\/03\/logo-Tropiques-jpg.jpg","contentUrl":"https:\/\/asah-bxl.be\/wp-content\/uploads\/2022\/03\/logo-Tropiques-jpg.jpg","width":333,"height":64},{"@type":"BreadcrumbList","@id":"https:\/\/asah-bxl.be\/index.php\/services\/service-daccompagnement-uccle-saint-job\/#breadcrumb","itemListElement":[{"@type":"ListItem","position":1,"name":"Accueil","item":"https:\/\/asah-bxl.be\/"},{"@type":"ListItem","position":2,"name":"Services","item":"https:\/\/asah-bxl.be\/index.php\/services\/"},{"@type":"ListItem","position":3,"name":"Service d&rsquo;accompagnement Uccle Saint-Job"}]},{"@type":"WebSite","@id":"https:\/\/asah-bxl.be\/#website","url":"https:\/\/asah-bxl.be\/","name":"ASAH-BXL","description":"","publisher":{"@id":"https:\/\/asah-bxl.be\/#organization"},"potentialAction":[{"@type":"SearchAction","target":{"@type":"EntryPoint","urlTemplate":"https:\/\/asah-bxl.be\/?s={search_term_string}"},"query-input":{"@type":"PropertyValueSpecification","valueRequired":true,"valueName":"search_term_string"}}],"inLanguage":"fr-FR"},{"@type":"Organization","@id":"https:\/\/asah-bxl.be\/#organization","name":"ASAH-BXL","url":"https:\/\/asah-bxl.be\/","logo":{"@type":"ImageObject","inLanguage":"fr-FR","@id":"https:\/\/asah-bxl.be\/#\/schema\/logo\/image\/","url":"https:\/\/asah-bxl.be\/wp-content\/uploads\/2020\/02\/cropped-Sans-titre-6-3-9.png","contentUrl":"https:\/\/asah-bxl.be\/wp-content\/uploads\/2020\/02\/cropped-Sans-titre-6-3-9.png","width":724,"height":528,"caption":"ASAH-BXL"},"image":{"@id":"https:\/\/asah-bxl.be\/#\/schema\/logo\/image\/"}}]}},"_links":{"self":[{"href":"https:\/\/asah-bxl.be\/index.php\/wp-json\/wp\/v2\/pages\/641","targetHints":{"allow":["GET"]}}],"collection":[{"href":"https:\/\/asah-bxl.be\/index.php\/wp-json\/wp\/v2\/pages"}],"about":[{"href":"https:\/\/asah-bxl.be\/index.php\/wp-json\/wp\/v2\/types\/page"}],"author":[{"embeddable":true,"href":"https:\/\/asah-bxl.be\/index.php\/wp-json\/wp\/v2\/users\/1"}],"replies":[{"embeddable":true,"href":"https:\/\/asah-bxl.be\/index.php\/wp-json\/wp\/v2\/comments?post=641"}],"version-history":[{"count":4,"href":"https:\/\/asah-bxl.be\/index.php\/wp-json\/wp\/v2\/pages\/641\/revisions"}],"predecessor-version":[{"id":765,"href":"https:\/\/asah-bxl.be\/index.php\/wp-json\/wp\/v2\/pages\/641\/revisions\/765"}],"up":[{"embeddable":true,"href":"https:\/\/asah-bxl.be\/index.php\/wp-json\/wp\/v2\/pages\/98"}],"wp:featuredmedia":[{"embeddable":true,"href":"https:\/\/asah-bxl.be\/index.php\/wp-json\/wp\/v2\/media\/637"}],"wp:attachment":[{"href":"https:\/\/asah-bxl.be\/index.php\/wp-json\/wp\/v2\/media?parent=641"}],"curies":[{"name":"wp","href":"https:\/\/api.w.org\/{rel}","templated":true}]}}